{"id":12721,"date":"2020-07-23T18:51:58","date_gmt":"2020-07-23T16:51:58","guid":{"rendered":"https:\/\/dev2.mgvpublications.com\/produkt\/cizgisiz-defter\/"},"modified":"2022-09-16T11:25:18","modified_gmt":"2022-09-16T09:25:18","slug":"cizgisiz-defter","status":"publish","type":"product","link":"https:\/\/mgvpublications.com\/de\/cizgisiz-defter\/","title":{"rendered":"\u00c7izgisiz Defter"},"content":{"rendered":"<div>Yay\u0131n Tarihi: 10.06.2019<\/div>\n<div>ISBN: 6059268295<\/div>\n<div>Bask\u0131 Say\u0131s\u0131: 2. Bask\u0131<\/div>\n<div>Dil: T\u00dcRK\u00c7E<\/div>\n<div>Sayfa Say\u0131s\u0131: 264<\/div>\n<div>Cilt Tipi: Karton Kapak<\/div>\n<div>Ka\u011f\u0131t Cinsi: Kitap Ka\u011f\u0131d\u0131<\/div>\n<div>Boyut: 13.5 x 21 cm<\/div>","protected":false},"excerpt":{"rendered":"<p>Bu kitapta bir araya gelen yaz\u0131lar gezi notlar\u0131 de\u011fildir. Her ad\u0131mda doldurmaya \u00e7al\u0131\u015ft\u0131\u011f\u0131m deftere d\u00fc\u015f\u00fclen notlar&#8230; Her ne kadar \u00f6nemli \u00f6l\u00e7\u00fcde ya\u015fanan ger\u00e7eklere dair, toplumsaldan siyasala kadar \u00e7e\u015fitli g\u00f6zlemlerden olu\u015fsa da o aslolan bo\u015f sayfay\u0131 doldurma \u00e7abas\u0131d\u0131r. Buna yol d\u00fc\u015f\u00fcncesinden kesitler de denebilir.<\/p>\n<p>Ayn\u0131 mekana dair farkl\u0131 zamanlarda d\u00fc\u015f\u00fclen notlar zaman i\u00e7indeki de\u011fi\u015fimi aksettirse de as\u0131l yolcunun o mekana dair alg\u0131lar\u0131ndaki dalgalanmalar\u0131 yans\u0131t\u0131r. Belli mekanlara, co\u011frafyalara dair tekrar tekrar d\u00fc\u015f\u00fclen notlar yazar\u0131n\u0131n i\u00e7inde de\u011fi\u015fmeyen aray\u0131\u015f\u0131n izlerini ta\u015f\u0131r.<\/p>\n<p>Bu anlamda on y\u0131l\u0131 a\u015fk\u0131n s\u00fcreye yay\u0131lan yaz\u0131lar\u0131n ayn\u0131 mekanlar\u0131n etraf\u0131nda dola\u015fmas\u0131, belli co\u011frafyalar\u0131 \u00f6nemsemesi, sordu\u011fu sorular, de\u011fi\u015fim i\u00e7inde atad\u0131\u011f\u0131 sabitelere dair yol d\u00fc\u015f\u00fcnceleridir. Yolculuk tela\u015fesi i\u00e7inde al\u0131nm\u0131\u015f h\u0131zl\u0131 notlara, \u00e7a\u011fr\u0131\u015f\u0131mlara hep tarihi izd\u00fc\u015f\u00fcm aray\u0131\u015f\u0131 e\u015flik eder.<\/p>\n<p>\u00c7izgisiz Defter, asl\u0131nda s\u0131n\u0131rlar\u0131n par\u00e7aland\u0131\u011f\u0131 co\u011frafyam\u0131za dair modern zamanlar\u0131n ideolojik i\u011fvalar\u0131na kar\u015f\u0131 bir hat\u0131rlay\u0131\u015f denemesidir. Her sayfas\u0131 yeniden yaz\u0131lmay\u0131 bekleyen \u015fuurun defteri&#8230;<\/p>","protected":false},"featured_media":14445,"template":"","meta":{"spay_email":""},"product_cat":[168],"product_tag":[],"item":[945],"acf":[],"_links":{"self":[{"href":"https:\/\/mgvpublications.com\/de\/wp-json\/wp\/v2\/product\/12721"}],"collection":[{"href":"https:\/\/mgvpublications.com\/de\/wp-json\/wp\/v2\/product"}],"about":[{"href":"https:\/\/mgvpublications.com\/de\/wp-json\/wp\/v2\/types\/product"}],"wp:featuredmedia":[{"embeddable":true,"href":"https:\/\/mgvpublications.com\/de\/wp-json\/wp\/v2\/media\/14445"}],"wp:attachment":[{"href":"https:\/\/mgvpublications.com\/de\/wp-json\/wp\/v2\/media?parent=12721"}],"wp:term":[{"taxonomy":"product_cat","embeddable":true,"href":"https:\/\/mgvpublications.com\/de\/wp-json\/wp\/v2\/product_cat?post=12721"},{"taxonomy":"product_tag","embeddable":true,"href":"https:\/\/mgvpublications.com\/de\/wp-json\/wp\/v2\/product_tag?post=12721"},{"taxonomy":"item","embeddable":true,"href":"https:\/\/mgvpublications.com\/de\/wp-json\/wp\/v2\/item?post=12721"}],"curies":[{"name":"wp","href":"https:\/\/api.w.org\/{rel}","templated":true}]}}