{"id":12715,"date":"2020-07-23T17:10:26","date_gmt":"2020-07-23T15:10:26","guid":{"rendered":"https:\/\/dev2.mgvpublications.com\/produkt\/uenluelerle-bir-guen-2-10-kitap-takim\/"},"modified":"2022-03-08T22:35:05","modified_gmt":"2022-03-08T21:35:05","slug":"uenluelerle-bir-guen-2-10-kitap-takim","status":"publish","type":"product","link":"https:\/\/mgvpublications.com\/de\/uenluelerle-bir-guen-2-10-kitap-takim\/","title":{"rendered":"\u00dcnl\u00fclerle Bir G\u00fcn 2 (10 Kitap Tak\u0131m)"},"content":{"rendered":"<p>Yay\u0131n Tarihi: 25.03.2019<br \/>ISBN: 9786050821109<br \/>Dil: T\u00dcRK\u00c7E<br \/>Sayfa Say\u0131s\u0131: 480<br \/>Cilt Tipi: Karton Kapak<br \/>Ka\u011f\u0131t Cinsi: Kitap Ka\u011f\u0131d\u0131<br \/>Boyut: 15 x 21 cm<\/p>","protected":false},"excerpt":{"rendered":"<p>\u00c7ocuklar\u0131n \u00e7ok sevdi\u011fi \u00dcnl\u00fclerle Bir G\u00fcn dizisi tarihimizdeki bamba\u015fka \u00fcnl\u00fc \u015fahsiyetlerle devam ediyor! Bu kez \u00e7ocuklar; Kanuni Sultan S\u00fcleyman, Osman Gazi, Nasreddin Hoca, Biruni, Nene Hatun, Koca Yusuf, Itri, Ertu\u011frul Gazi, Hac\u0131 Bekta\u015fi Veli ve Halide Edip Ad\u0131var ile sanat, spor, tarih, bilim, genel k\u00fclt\u00fcr ve daha bir\u00e7ok konuda yepyeni bilgiler edinecek, tarihimizdeki &#8220;ger\u00e7ek&#8221; \u00fcnl\u00fcleri tan\u0131yacak ve onlar\u0131n ya\u015famlar\u0131na tan\u0131k olacak! Murat&#8217;\u0131n \u00e7ok \u00f6zel anahtar\u0131 ile ya\u015fad\u0131\u011f\u0131 heyecan verici maceralar\u0131 \u00e7ocuklar \u00e7ok sevecekler!<\/p>","protected":false},"featured_media":20769,"template":"","meta":{"spay_email":""},"product_cat":[172],"product_tag":[],"item":[360],"acf":[],"_links":{"self":[{"href":"https:\/\/mgvpublications.com\/de\/wp-json\/wp\/v2\/product\/12715"}],"collection":[{"href":"https:\/\/mgvpublications.com\/de\/wp-json\/wp\/v2\/product"}],"about":[{"href":"https:\/\/mgvpublications.com\/de\/wp-json\/wp\/v2\/types\/product"}],"wp:featuredmedia":[{"embeddable":true,"href":"https:\/\/mgvpublications.com\/de\/wp-json\/wp\/v2\/media\/20769"}],"wp:attachment":[{"href":"https:\/\/mgvpublications.com\/de\/wp-json\/wp\/v2\/media?parent=12715"}],"wp:term":[{"taxonomy":"product_cat","embeddable":true,"href":"https:\/\/mgvpublications.com\/de\/wp-json\/wp\/v2\/product_cat?post=12715"},{"taxonomy":"product_tag","embeddable":true,"href":"https:\/\/mgvpublications.com\/de\/wp-json\/wp\/v2\/product_tag?post=12715"},{"taxonomy":"item","embeddable":true,"href":"https:\/\/mgvpublications.com\/de\/wp-json\/wp\/v2\/item?post=12715"}],"curies":[{"name":"wp","href":"https:\/\/api.w.org\/{rel}","templated":true}]}}