{"id":12709,"date":"2020-07-23T16:51:52","date_gmt":"2020-07-23T14:51:52","guid":{"rendered":"https:\/\/dev2.mgvpublications.com\/produkt\/levent-tuerkiyeyi-geziyorum-seti-5-kitap\/"},"modified":"2022-03-08T22:35:05","modified_gmt":"2022-03-08T21:35:05","slug":"levent-tuerkiyeyi-geziyorum-seti-5-kitap","status":"publish","type":"product","link":"https:\/\/mgvpublications.com\/de\/levent-tuerkiyeyi-geziyorum-seti-5-kitap\/","title":{"rendered":"Levent- T\u00fcrkiyeyi Geziyorum Seti (5 Kitap)"},"content":{"rendered":"<div><\/div>\n<div>Yay\u0131n Tarihi: 21.08.2019<\/div>\n<div>ISBN: 6051148045<\/div>\n<div>Bask\u0131 Say\u0131s\u0131: 20. Bask\u0131<\/div>\n<div>Dil: T\u00dcRK\u00c7E<\/div>\n<div>Sayfa Say\u0131s\u0131: 96<\/div>\n<div>Cilt Tipi: Karton Kapak<\/div>\n<div>Ka\u011f\u0131t Cinsi: Kitap Ka\u011f\u0131d\u0131<\/div>\n<div>Boyut: 12.5 x 19.5 cm<\/div>","protected":false},"excerpt":{"rendered":"<p>Levent Kapadokya\u2019da<br \/>\nLevent Pamukkale\u2019de<br \/>\nLevent Rize\u2019de<br \/>\nLevent \u00c7anakkale\u2019de<br \/>\nLevent Mardin\u2019de<\/p>","protected":false},"featured_media":16020,"template":"","meta":{"spay_email":""},"product_cat":[172],"product_tag":[],"item":[360],"acf":[],"_links":{"self":[{"href":"https:\/\/mgvpublications.com\/de\/wp-json\/wp\/v2\/product\/12709"}],"collection":[{"href":"https:\/\/mgvpublications.com\/de\/wp-json\/wp\/v2\/product"}],"about":[{"href":"https:\/\/mgvpublications.com\/de\/wp-json\/wp\/v2\/types\/product"}],"wp:featuredmedia":[{"embeddable":true,"href":"https:\/\/mgvpublications.com\/de\/wp-json\/wp\/v2\/media\/16020"}],"wp:attachment":[{"href":"https:\/\/mgvpublications.com\/de\/wp-json\/wp\/v2\/media?parent=12709"}],"wp:term":[{"taxonomy":"product_cat","embeddable":true,"href":"https:\/\/mgvpublications.com\/de\/wp-json\/wp\/v2\/product_cat?post=12709"},{"taxonomy":"product_tag","embeddable":true,"href":"https:\/\/mgvpublications.com\/de\/wp-json\/wp\/v2\/product_tag?post=12709"},{"taxonomy":"item","embeddable":true,"href":"https:\/\/mgvpublications.com\/de\/wp-json\/wp\/v2\/item?post=12709"}],"curies":[{"name":"wp","href":"https:\/\/api.w.org\/{rel}","templated":true}]}}