{"id":12706,"date":"2020-07-23T16:30:25","date_gmt":"2020-07-23T14:30:25","guid":{"rendered":"https:\/\/dev2.mgvpublications.com\/produkt\/levent-iz-pesinde-3-5-kitap\/"},"modified":"2022-03-08T22:35:05","modified_gmt":"2022-03-08T21:35:05","slug":"levent-iz-pesinde-3-5-kitap","status":"publish","type":"product","link":"https:\/\/mgvpublications.com\/de\/levent-iz-pesinde-3-5-kitap\/","title":{"rendered":"Levent \u0130z Pe\u015finde 3 (5 Kitap)"},"content":{"rendered":"<div>Yay\u0131n Tarihi: 20.03.2019<\/div>\n<div>ISBN: 6050824032<\/div>\n<div>Bask\u0131 Say\u0131s\u0131: 6. Bask\u0131<\/div>\n<div>Dil: T\u00dcRK\u00c7E<\/div>\n<div>Cilt Tipi: Karton Kapak<\/div>\n<div>Ka\u011f\u0131t Cinsi: Kitap Ka\u011f\u0131d\u0131<\/div>\n<div>Boyut: 12.5 x 19.5 cm<\/div>","protected":false},"excerpt":{"rendered":"<p>Merakla beklenen Levent \u0130z Pe\u015finde serisinin \u00fc\u00e7\u00fcnc\u00fcs\u00fc geliyor! Komik, saf, deli dolu Levent\u2019in, haylaz karde\u015fi ve muz\u0131r s\u0131n\u0131f arkada\u015flar\u0131yla birlikte \u201c\u0130z Pe\u015finde\u201d ko\u015ftu\u011fu, k\u0131l\u0131ktan k\u0131l\u0131\u011fa girip her zamanki gibi ba\u015f\u0131na t\u00fcrl\u00fc i\u015fler a\u00e7t\u0131\u011f\u0131 maceralar h\u0131z kesmeden devam ediyor!<\/p>\n<p>Levent bu seride, yaz tatilinde k\u00f6y hayat\u0131na al\u0131\u015fmaya \u00e7al\u0131\u015f\u0131rken bir yandan da su\u00e7lular\u0131n izini s\u00fcr\u00fcyor. Bamba\u015fka bir \u201c\u0130z Pe\u015finde\u201d maceras\u0131na haz\u0131r olun!<br \/>\nDinamik B\u00fck\u00fcc\u00fc<br \/>\nKe\u00e7ilerin Takip\u00e7isi<br \/>\nKa\u00e7aklar\u0131n Korkulu R\u00fcyas\u0131<br \/>\nKa\u00e7\u0131\u015f Uzman\u0131<br \/>\nOrman G\u00f6zc\u00fcs\u00fc<\/p>","protected":false},"featured_media":16019,"template":"","meta":{"spay_email":""},"product_cat":[172],"product_tag":[],"item":[360],"acf":[],"_links":{"self":[{"href":"https:\/\/mgvpublications.com\/de\/wp-json\/wp\/v2\/product\/12706"}],"collection":[{"href":"https:\/\/mgvpublications.com\/de\/wp-json\/wp\/v2\/product"}],"about":[{"href":"https:\/\/mgvpublications.com\/de\/wp-json\/wp\/v2\/types\/product"}],"wp:featuredmedia":[{"embeddable":true,"href":"https:\/\/mgvpublications.com\/de\/wp-json\/wp\/v2\/media\/16019"}],"wp:attachment":[{"href":"https:\/\/mgvpublications.com\/de\/wp-json\/wp\/v2\/media?parent=12706"}],"wp:term":[{"taxonomy":"product_cat","embeddable":true,"href":"https:\/\/mgvpublications.com\/de\/wp-json\/wp\/v2\/product_cat?post=12706"},{"taxonomy":"product_tag","embeddable":true,"href":"https:\/\/mgvpublications.com\/de\/wp-json\/wp\/v2\/product_tag?post=12706"},{"taxonomy":"item","embeddable":true,"href":"https:\/\/mgvpublications.com\/de\/wp-json\/wp\/v2\/item?post=12706"}],"curies":[{"name":"wp","href":"https:\/\/api.w.org\/{rel}","templated":true}]}}