{"id":12703,"date":"2020-07-23T16:27:01","date_gmt":"2020-07-23T14:27:01","guid":{"rendered":"https:\/\/dev2.mgvpublications.com\/produkt\/levent-iz-pesinde-2-set-5-kitap\/"},"modified":"2022-03-08T22:35:03","modified_gmt":"2022-03-08T21:35:03","slug":"levent-iz-pesinde-2-set-5-kitap","status":"publish","type":"product","link":"https:\/\/mgvpublications.com\/de\/levent-iz-pesinde-2-set-5-kitap\/","title":{"rendered":"Levent \u0130z Pe\u015finde 2 (Set 5 Kitap)"},"content":{"rendered":"<div>Yay\u0131n Tarihi: 17.09.2019<\/div>\n<div>ISBN: 6050819601<\/div>\n<div>Bask\u0131 Say\u0131s\u0131: 8. Bask\u0131<\/div>\n<div>Dil: T\u00dcRK\u00c7E<\/div>\n<div>Sayfa Say\u0131s\u0131: 480<\/div>\n<div>Cilt Tipi: Karton Kapak<\/div>\n<div>Ka\u011f\u0131t Cinsi: Kitap Ka\u011f\u0131d\u0131<\/div>\n<div>Boyut: 12.5 x 19.5 cm<\/div>","protected":false},"excerpt":{"rendered":"<p>Komik, saf, deli dolu Levent&#8217;in, haylaz karde\u015fi ve muz\u0131r s\u0131n\u0131f arkada\u015flar\u0131yla birlikte &#8220;\u0130z Pe\u015finde&#8221; ko\u015ftu\u011fu, k\u0131l\u0131ktan k\u0131l\u0131\u011fa girip ba\u015f\u0131na t\u00fcrl\u00fc i\u015fler a\u00e7t\u0131\u011f\u0131 maceralar\u0131 devam ediyor! \u00c7evre Koruyucusu B\u00fcy\u00fck \u0130\u015fler Ustas\u0131 Korkusuz Kurtar\u0131c\u0131 Arabalar\u0131n Kahraman\u0131 K\u00fct\u00fcphane Muhaf\u0131z\u0131<\/p>","protected":false},"featured_media":16018,"template":"","meta":{"spay_email":""},"product_cat":[166,172],"product_tag":[],"item":[360],"acf":[],"_links":{"self":[{"href":"https:\/\/mgvpublications.com\/de\/wp-json\/wp\/v2\/product\/12703"}],"collection":[{"href":"https:\/\/mgvpublications.com\/de\/wp-json\/wp\/v2\/product"}],"about":[{"href":"https:\/\/mgvpublications.com\/de\/wp-json\/wp\/v2\/types\/product"}],"wp:featuredmedia":[{"embeddable":true,"href":"https:\/\/mgvpublications.com\/de\/wp-json\/wp\/v2\/media\/16018"}],"wp:attachment":[{"href":"https:\/\/mgvpublications.com\/de\/wp-json\/wp\/v2\/media?parent=12703"}],"wp:term":[{"taxonomy":"product_cat","embeddable":true,"href":"https:\/\/mgvpublications.com\/de\/wp-json\/wp\/v2\/product_cat?post=12703"},{"taxonomy":"product_tag","embeddable":true,"href":"https:\/\/mgvpublications.com\/de\/wp-json\/wp\/v2\/product_tag?post=12703"},{"taxonomy":"item","embeddable":true,"href":"https:\/\/mgvpublications.com\/de\/wp-json\/wp\/v2\/item?post=12703"}],"curies":[{"name":"wp","href":"https:\/\/api.w.org\/{rel}","templated":true}]}}