{"id":12700,"date":"2020-07-23T16:20:32","date_gmt":"2020-07-23T14:20:32","guid":{"rendered":"https:\/\/dev2.mgvpublications.com\/produkt\/kis-ruhu\/"},"modified":"2022-03-08T22:35:03","modified_gmt":"2022-03-08T21:35:03","slug":"kis-ruhu","status":"publish","type":"product","link":"https:\/\/mgvpublications.com\/de\/kis-ruhu\/","title":{"rendered":"K\u0131\u015f Ruhu"},"content":{"rendered":"<div>\u00c7evirmen: Tuncay Birkan<\/div>\n<div>Yay\u0131n Tarihi: 13.07.2020<\/div>\n<div>Orijinal Ad\u0131: The Mind of Winter<\/div>\n<div>ISBN: 9753422903<\/div>\n<div>Bask\u0131 Say\u0131s\u0131: 4. Bask\u0131<\/div>\n<div>Dil: T\u00dcRK\u00c7E<\/div>\n<div>Sayfa Say\u0131s\u0131: 280<\/div>\n<div>Cilt Tipi: Karton Kapak<\/div>\n<div>Ka\u011f\u0131t Cinsi: Kitap Ka\u011f\u0131d\u0131<\/div>\n<div>Boyut: 13 x 19.5 cm<\/div>","protected":false},"excerpt":{"rendered":"<p>Bu se\u00e7ki, Edward Said&#8217;in s\u00fcrg\u00fcn, g\u00f6\u00e7menlik, s\u00f6m\u00fcrgenin temsil edilme bi\u00e7imi ve g\u00fcn\u00fcm\u00fczdeki edebiyat ele\u015ftirisi \u00fczerine dokuz yaz\u0131s\u0131n\u0131 i\u00e7eriyor.<br \/>\nAkademi ve fikirler d\u00fcnyas\u0131 ile kaba siyaset, devlet iktidar\u0131 ve askeri g\u00fc\u00e7 d\u00fcnyas\u0131 aras\u0131ndaki fiili yak\u0131nl\u0131klar\u0131n g\u00f6rmezden gelindi\u011fi \u00e7a\u011f\u0131m\u0131zda, entelekt\u00fcellerin ahlaki rehabilitasyona ve yeniden tan\u0131mlamaya ihtiya\u00e7 duydu\u011funu belirten Said, herkesi bug\u00fcnk\u00fc k\u00fclt\u00fcrel durumla hesapla\u015fmaya \u00e7a\u011f\u0131r\u0131yor ve &#8220;Entelekt\u00fcel s\u0131fat\u0131yla i\u00e7ine kapat\u0131ld\u0131\u011f\u0131m\u0131z disipliner gettolar\u0131n s\u0131n\u0131rlar\u0131n\u0131 y\u0131k\u0131p ge\u00e7mek, d\u00fcnyan\u0131n nesnel temsilini uzmanlarla onlar\u0131n m\u00fc\u015fterilerinin olu\u015fturdu\u011fu k\u00fc\u00e7\u00fck z\u00fcmrenin eline b\u0131rakmamak zorunday\u0131z,&#8221; diyor.<\/p>","protected":false},"featured_media":12701,"template":"","meta":{"spay_email":""},"product_cat":[1186],"product_tag":[],"item":[505],"acf":[],"_links":{"self":[{"href":"https:\/\/mgvpublications.com\/de\/wp-json\/wp\/v2\/product\/12700"}],"collection":[{"href":"https:\/\/mgvpublications.com\/de\/wp-json\/wp\/v2\/product"}],"about":[{"href":"https:\/\/mgvpublications.com\/de\/wp-json\/wp\/v2\/types\/product"}],"wp:featuredmedia":[{"embeddable":true,"href":"https:\/\/mgvpublications.com\/de\/wp-json\/wp\/v2\/media\/12701"}],"wp:attachment":[{"href":"https:\/\/mgvpublications.com\/de\/wp-json\/wp\/v2\/media?parent=12700"}],"wp:term":[{"taxonomy":"product_cat","embeddable":true,"href":"https:\/\/mgvpublications.com\/de\/wp-json\/wp\/v2\/product_cat?post=12700"},{"taxonomy":"product_tag","embeddable":true,"href":"https:\/\/mgvpublications.com\/de\/wp-json\/wp\/v2\/product_tag?post=12700"},{"taxonomy":"item","embeddable":true,"href":"https:\/\/mgvpublications.com\/de\/wp-json\/wp\/v2\/item?post=12700"}],"curies":[{"name":"wp","href":"https:\/\/api.w.org\/{rel}","templated":true}]}}