{"id":12691,"date":"2020-07-23T16:07:46","date_gmt":"2020-07-23T14:07:46","guid":{"rendered":"https:\/\/dev2.mgvpublications.com\/produkt\/medyada-islam-gazeteciler-ve-uzmanlar-duenyaya-bakisimizi-nasil-belirliyor\/"},"modified":"2022-03-08T22:35:03","modified_gmt":"2022-03-08T21:35:03","slug":"medyada-islam-gazeteciler-ve-uzmanlar-duenyaya-bakisimizi-nasil-belirliyor","status":"publish","type":"product","link":"https:\/\/mgvpublications.com\/de\/medyada-islam-gazeteciler-ve-uzmanlar-duenyaya-bakisimizi-nasil-belirliyor\/","title":{"rendered":"Medyada \u0130slam Gazeteciler ve Uzmanlar D\u00fcnyaya Bak\u0131\u015f\u0131m\u0131z\u0131 Nas\u0131l Belirliyor?"},"content":{"rendered":"<div>\u00c7evirmen: Aysun Babacan<\/div>\n<div>Yay\u0131n Tarihi: 27.04.2020<\/div>\n<div>Orijinal Ad\u0131: Covering Islam<\/div>\n<div>ISBN: 9753426831<\/div>\n<div>Bask\u0131 Say\u0131s\u0131: 3. Bask\u0131<\/div>\n<div>Dil: T\u00dcRK\u00c7E<\/div>\n<div>Sayfa Say\u0131s\u0131: 256<\/div>\n<div>Cilt Tipi: Karton Kapak<\/div>\n<div>Ka\u011f\u0131t Cinsi: Kitap Ka\u011f\u0131d\u0131<\/div>\n<div>Boyut: 13 x 19.5 cm<\/div>","protected":false},"excerpt":{"rendered":"<p>Said bu kitab\u0131n\u0131 ilk kez 1980&#8217;de, \u0130ran rehine krizi s\u0131ras\u0131nda yazd\u0131. Daha sonra 1997&#8217;de tekrar ele ald\u0131, hem g\u00fcncelle\u015ftirdi, hem geni\u015fletti. Medyada \u0130slam, yazar\u0131n \u015earkiyat\u00e7\u0131l\u0131k ve Filistin Sorunu konulu kitaplar\u0131n\u0131 tamamlay\u0131c\u0131 nitelikte bir eser olarak kaleme al\u0131nm\u0131\u015ft\u0131r. Said burada &#8220;\u0130slam\u0131 savunmakla hi\u00e7 ilgilenmez, \u0130slam\u0131n Bat\u0131&#8217;da ve \u0130slam toplumlar\u0131nda ne \u015fekilde kullan\u0131ld\u0131\u011f\u0131n\u0131 anlat\u0131r&#8221;.<\/p>","protected":false},"featured_media":16015,"template":"","meta":{"spay_email":""},"product_cat":[174],"product_tag":[],"item":[505],"acf":[],"_links":{"self":[{"href":"https:\/\/mgvpublications.com\/de\/wp-json\/wp\/v2\/product\/12691"}],"collection":[{"href":"https:\/\/mgvpublications.com\/de\/wp-json\/wp\/v2\/product"}],"about":[{"href":"https:\/\/mgvpublications.com\/de\/wp-json\/wp\/v2\/types\/product"}],"wp:featuredmedia":[{"embeddable":true,"href":"https:\/\/mgvpublications.com\/de\/wp-json\/wp\/v2\/media\/16015"}],"wp:attachment":[{"href":"https:\/\/mgvpublications.com\/de\/wp-json\/wp\/v2\/media?parent=12691"}],"wp:term":[{"taxonomy":"product_cat","embeddable":true,"href":"https:\/\/mgvpublications.com\/de\/wp-json\/wp\/v2\/product_cat?post=12691"},{"taxonomy":"product_tag","embeddable":true,"href":"https:\/\/mgvpublications.com\/de\/wp-json\/wp\/v2\/product_tag?post=12691"},{"taxonomy":"item","embeddable":true,"href":"https:\/\/mgvpublications.com\/de\/wp-json\/wp\/v2\/item?post=12691"}],"curies":[{"name":"wp","href":"https:\/\/api.w.org\/{rel}","templated":true}]}}