{"id":12667,"date":"2020-07-22T11:40:34","date_gmt":"2020-07-22T09:40:34","guid":{"rendered":"https:\/\/dev2.mgvpublications.com\/produkt\/namaz-ilmihali\/"},"modified":"2022-09-02T20:31:14","modified_gmt":"2022-09-02T18:31:14","slug":"namaz-ilmihali","status":"publish","type":"product","link":"https:\/\/mgvpublications.com\/de\/namaz-ilmihali\/","title":{"rendered":"Namaz \u0130lmihali"},"content":{"rendered":"<div class=\"attributes\">\n<table>\n<tbody>\n<tr>\n<td>Yay\u0131n Tarihi:<\/td>\n<td>01.01.2011<\/td>\n<\/tr>\n<tr>\n<td>ISBN:<\/td>\n<td>9751967831<\/td>\n<\/tr>\n<tr>\n<td>Bask\u0131 Say\u0131s\u0131:<\/td>\n<td>1. Bask\u0131<\/td>\n<\/tr>\n<tr>\n<td>Dil:<\/td>\n<td>T\u00dcRK\u00c7E<\/td>\n<\/tr>\n<tr>\n<td>Sayfa Say\u0131s\u0131:<\/td>\n<td>262<\/td>\n<\/tr>\n<tr>\n<td>Cilt Tipi:<\/td>\n<td>Karton Kapak<\/td>\n<\/tr>\n<tr>\n<td>Ka\u011f\u0131t Cinsi:<\/td>\n<td>Kitap Ka\u011f\u0131d\u0131<\/td>\n<\/tr>\n<tr>\n<td>Boyut:<\/td>\n<td>13 x 22 cm<\/td>\n<\/tr>\n<\/tbody>\n<\/table>\n<\/div>","protected":false},"excerpt":{"rendered":"<p>Namaz dinin dire\u011fi, m\u00fc`minin mirac\u0131, iman\u0131n g\u00f6stergesidir. Namaz, maddi ve manevi ar\u0131nmad\u0131r. Namaz, ilk insandan itibaren peygamberler vas\u0131tas\u0131yla b\u00fct\u00fcn insanlara emredilmi\u015ftir. Namaz, kullu\u011fun \u00f6z\u00fc ve esas\u0131d\u0131r. Namazs\u0131z kulluk m\u00fcmk\u00fcn de\u011fildir. Eserin, Allah`a kullu\u011fun zirvesi olan namaz\u0131 \u00f6\u011frenmek ve k\u0131lmak isteyenlere yard\u0131mc\u0131 olmas\u0131 en b\u00fcy\u00fck arzumuzdur.<\/p>","protected":false},"featured_media":12668,"template":"","meta":{"spay_email":""},"product_cat":[174],"product_tag":[],"item":[960],"acf":[],"_links":{"self":[{"href":"https:\/\/mgvpublications.com\/de\/wp-json\/wp\/v2\/product\/12667"}],"collection":[{"href":"https:\/\/mgvpublications.com\/de\/wp-json\/wp\/v2\/product"}],"about":[{"href":"https:\/\/mgvpublications.com\/de\/wp-json\/wp\/v2\/types\/product"}],"wp:featuredmedia":[{"embeddable":true,"href":"https:\/\/mgvpublications.com\/de\/wp-json\/wp\/v2\/media\/12668"}],"wp:attachment":[{"href":"https:\/\/mgvpublications.com\/de\/wp-json\/wp\/v2\/media?parent=12667"}],"wp:term":[{"taxonomy":"product_cat","embeddable":true,"href":"https:\/\/mgvpublications.com\/de\/wp-json\/wp\/v2\/product_cat?post=12667"},{"taxonomy":"product_tag","embeddable":true,"href":"https:\/\/mgvpublications.com\/de\/wp-json\/wp\/v2\/product_tag?post=12667"},{"taxonomy":"item","embeddable":true,"href":"https:\/\/mgvpublications.com\/de\/wp-json\/wp\/v2\/item?post=12667"}],"curies":[{"name":"wp","href":"https:\/\/api.w.org\/{rel}","templated":true}]}}