{"id":12665,"date":"2020-07-22T11:35:44","date_gmt":"2020-07-22T09:35:44","guid":{"rendered":"https:\/\/dev2.mgvpublications.com\/produkt\/hazreti-muhammed-ve-hayati\/"},"modified":"2022-03-08T22:34:58","modified_gmt":"2022-03-08T21:34:58","slug":"hazreti-muhammed-ve-hayati","status":"publish","type":"product","link":"https:\/\/mgvpublications.com\/de\/hazreti-muhammed-ve-hayati\/","title":{"rendered":"Hazreti Muhammed ve Hayat\u0131"},"content":{"rendered":"<table>\n<tbody>\n<tr>\n<td>Yay\u0131n Tarihi:<\/td>\n<td>01.01.2012<\/td>\n<\/tr>\n<tr>\n<td>ISBN:<\/td>\n<td>9751900838<\/td>\n<\/tr>\n<tr>\n<td>Bask\u0131 Say\u0131s\u0131:<\/td>\n<td>1. Bask\u0131<\/td>\n<\/tr>\n<tr>\n<td>Dil:<\/td>\n<td>T\u00dcRK\u00c7E<\/td>\n<\/tr>\n<tr>\n<td>Sayfa Say\u0131s\u0131:<\/td>\n<td>461<\/td>\n<\/tr>\n<tr>\n<td>Cilt Tipi:<\/td>\n<td>Karton Kapak<\/td>\n<\/tr>\n<tr>\n<td>Ka\u011f\u0131t Cinsi:<\/td>\n<td>Kitap Ka\u011f\u0131d\u0131<\/td>\n<\/tr>\n<tr>\n<td>Boyut:<\/td>\n<td>16 x 23.5 cm<\/td>\n<\/tr>\n<\/tbody>\n<\/table>","protected":false},"excerpt":{"rendered":"<div class=\"top-block\">\n<div class=\"pr_description\">\n<div id=\"description_text\"><span class=\"info__text\">\u0130lim ve teknik \u00e7a\u011f\u0131m\u0131zda d\u00fc\u015f\u00fcnce boyutlar\u0131n\u0131n geli\u015fmesi, Peygamber Efendimiz`in hayat\u0131n\u0131 daha \u00e7ok \u00f6\u011frenme ihtiyac\u0131n\u0131 ortaya \u00e7\u0131karm\u0131\u015ft\u0131r. Zira O, yaln\u0131z asr\u0131na de\u011fil as\u0131rlara \u0131\u015f\u0131k tutan, Kur`an-\u0131 Kerim`i insanl\u0131\u011fa sunmu\u015f ve onu a\u00e7\u0131klamak \u00fczere de peygamber olarak g\u00f6revlendirilmi\u015ftir. Kur`an`\u0131 anlamak isteyenler O`nun hayat\u0131n\u0131 ve ahlak\u0131n\u0131 \u00f6\u011frenmek zorundad\u0131r.<br \/>\n<\/span><\/div>\n<\/div>\n<\/div>\n<div class=\"bottom-block\">\n<div class=\"pr_attributes\"><\/div>\n<\/div>","protected":false},"featured_media":16013,"template":"","meta":{"spay_email":""},"product_cat":[174],"product_tag":[],"item":[960],"acf":[],"_links":{"self":[{"href":"https:\/\/mgvpublications.com\/de\/wp-json\/wp\/v2\/product\/12665"}],"collection":[{"href":"https:\/\/mgvpublications.com\/de\/wp-json\/wp\/v2\/product"}],"about":[{"href":"https:\/\/mgvpublications.com\/de\/wp-json\/wp\/v2\/types\/product"}],"wp:featuredmedia":[{"embeddable":true,"href":"https:\/\/mgvpublications.com\/de\/wp-json\/wp\/v2\/media\/16013"}],"wp:attachment":[{"href":"https:\/\/mgvpublications.com\/de\/wp-json\/wp\/v2\/media?parent=12665"}],"wp:term":[{"taxonomy":"product_cat","embeddable":true,"href":"https:\/\/mgvpublications.com\/de\/wp-json\/wp\/v2\/product_cat?post=12665"},{"taxonomy":"product_tag","embeddable":true,"href":"https:\/\/mgvpublications.com\/de\/wp-json\/wp\/v2\/product_tag?post=12665"},{"taxonomy":"item","embeddable":true,"href":"https:\/\/mgvpublications.com\/de\/wp-json\/wp\/v2\/item?post=12665"}],"curies":[{"name":"wp","href":"https:\/\/api.w.org\/{rel}","templated":true}]}}