{"id":12647,"date":"2020-12-02T15:45:39","date_gmt":"2020-12-02T14:45:39","guid":{"rendered":"https:\/\/dev2.mgvpublications.com\/produkt\/istanbulun-fethi-ve-fatih\/"},"modified":"2022-03-08T22:34:58","modified_gmt":"2022-03-08T21:34:58","slug":"istanbulun-fethi-ve-fatih","status":"publish","type":"product","link":"https:\/\/mgvpublications.com\/de\/istanbulun-fethi-ve-fatih\/","title":{"rendered":"\u0130stanbul&#8217;un Fethi ve Fatih"},"content":{"rendered":"<p>Yay\u0131n Tarihi: 05.02.2020<br \/>ISBN: 9789758757084<br \/>Dil: T\u00dcRK\u00c7E<br \/>Sayfa Say\u0131s\u0131: 144<br \/>Cilt Tipi: Karton Kapak<br \/>Ka\u011f\u0131t Cinsi: Kitap Ka\u011f\u0131d\u0131<br \/>Boyut: 15 x 22 cm<\/p>","protected":false},"excerpt":{"rendered":"<p>Yay\u0131n Tarihi: 05.02.2020ISBN: 9789758757084Dil: T\u00dcRK\u00c7ESayfa Say\u0131s\u0131: 144Cilt Tipi: Karton KapakKa\u011f\u0131t Cinsi: Kitap Ka\u011f\u0131d\u0131Boyut: 15 x 22 cm<\/p>","protected":false},"featured_media":22509,"template":"","meta":{"spay_email":""},"product_cat":[170],"product_tag":[],"item":[699],"acf":[],"_links":{"self":[{"href":"https:\/\/mgvpublications.com\/de\/wp-json\/wp\/v2\/product\/12647"}],"collection":[{"href":"https:\/\/mgvpublications.com\/de\/wp-json\/wp\/v2\/product"}],"about":[{"href":"https:\/\/mgvpublications.com\/de\/wp-json\/wp\/v2\/types\/product"}],"wp:featuredmedia":[{"embeddable":true,"href":"https:\/\/mgvpublications.com\/de\/wp-json\/wp\/v2\/media\/22509"}],"wp:attachment":[{"href":"https:\/\/mgvpublications.com\/de\/wp-json\/wp\/v2\/media?parent=12647"}],"wp:term":[{"taxonomy":"product_cat","embeddable":true,"href":"https:\/\/mgvpublications.com\/de\/wp-json\/wp\/v2\/product_cat?post=12647"},{"taxonomy":"product_tag","embeddable":true,"href":"https:\/\/mgvpublications.com\/de\/wp-json\/wp\/v2\/product_tag?post=12647"},{"taxonomy":"item","embeddable":true,"href":"https:\/\/mgvpublications.com\/de\/wp-json\/wp\/v2\/item?post=12647"}],"curies":[{"name":"wp","href":"https:\/\/api.w.org\/{rel}","templated":true}]}}