{"id":12645,"date":"2020-12-02T15:45:38","date_gmt":"2020-12-02T14:45:38","guid":{"rendered":"https:\/\/dev2.mgvpublications.com\/produkt\/fatiha-suresi-tefsiri\/"},"modified":"2022-03-08T22:34:58","modified_gmt":"2022-03-08T21:34:58","slug":"fatiha-suresi-tefsiri","status":"publish","type":"product","link":"https:\/\/mgvpublications.com\/de\/fatiha-suresi-tefsiri\/","title":{"rendered":"Fatiha Suresi Tefsiri"},"content":{"rendered":"<p>Yay\u0131n Tarihi: 03.07.2018<br \/>ISBN: 9789752420571<br \/>Dil: T\u00dcRK\u00c7E<br \/>Sayfa Say\u0131s\u0131: 144<br \/>Cilt Tipi: Karton Kapak<br \/>Ka\u011f\u0131t Cinsi: 1. Hm. Ka\u011f\u0131t<br \/>Boyut: 15 x 22 cm<\/p>","protected":false},"excerpt":{"rendered":"<p>Merhum Prof. Dr. M.Es&#8217;ad Co\u015fan Hocaefendi; kendisine gelen yo\u011fun talepler ve baz\u0131 manevi i\u015faretler neticesinde, h\u00e2l-i hayat\u0131nda Tefsir Dersleri yapmaya ba\u015flam\u0131\u015ft\u0131. Bu tefsir dersleri Bakara suresi 223. ayete kadar devam edebilmi\u015fti. Ancak emr-i Hak vaki oldu, Rabbine y\u00fcr\u00fcd\u00fc. \u00d6mr\u00fc vefa etmedi, Kur&#8217;an-\u0131 Kerim&#8217;in t\u00fcm\u00fcn\u00fcn tefsirini tamamlamak m\u00fcmk\u00fcn olamad\u0131. Ses kayd\u0131 olarak elde mevcut olan bu tefsir dersleri metne d\u00f6n\u00fc\u015ft\u00fcr\u00fcl\u00fcp kitap olarak yay\u0131nland\u0131. Fatiha S\u00fbresi Tefsiri ve Bakara S\u00fbresi Tefsiri (5 cilt) olmak \u00fczere toplam 6 cilt olarak istifadenize sunuyoruz. M. Es&#8217;ad Co\u015fan Hocaefendi&#8217;nin ilk defa yay\u0131nlanan bu eserlerini ilim, fikir ve irfan hayat\u0131m\u0131za sunarken kendisini rahmetle y\u00e2d ediyoruz. Mevl\u00e2 ruhunu \u015f\u00e2d ve mesrur, mekrad-i p\u00e2kini p\u00fcr-n\u00fbr, m\u00e2nev\u00ee mak\u00e2m\u0131n\u0131 \u00e2l\u00e2 eylesin.<\/p>","protected":false},"featured_media":22507,"template":"","meta":{"spay_email":""},"product_cat":[174],"product_tag":[],"item":[699],"acf":[],"_links":{"self":[{"href":"https:\/\/mgvpublications.com\/de\/wp-json\/wp\/v2\/product\/12645"}],"collection":[{"href":"https:\/\/mgvpublications.com\/de\/wp-json\/wp\/v2\/product"}],"about":[{"href":"https:\/\/mgvpublications.com\/de\/wp-json\/wp\/v2\/types\/product"}],"wp:featuredmedia":[{"embeddable":true,"href":"https:\/\/mgvpublications.com\/de\/wp-json\/wp\/v2\/media\/22507"}],"wp:attachment":[{"href":"https:\/\/mgvpublications.com\/de\/wp-json\/wp\/v2\/media?parent=12645"}],"wp:term":[{"taxonomy":"product_cat","embeddable":true,"href":"https:\/\/mgvpublications.com\/de\/wp-json\/wp\/v2\/product_cat?post=12645"},{"taxonomy":"product_tag","embeddable":true,"href":"https:\/\/mgvpublications.com\/de\/wp-json\/wp\/v2\/product_tag?post=12645"},{"taxonomy":"item","embeddable":true,"href":"https:\/\/mgvpublications.com\/de\/wp-json\/wp\/v2\/item?post=12645"}],"curies":[{"name":"wp","href":"https:\/\/api.w.org\/{rel}","templated":true}]}}