{"id":12626,"date":"2020-07-18T17:41:29","date_gmt":"2020-07-18T15:41:29","guid":{"rendered":"https:\/\/dev2.mgvpublications.com\/produkt\/kuecuek-sahabiler-3-zeydin-uyku-duasi\/"},"modified":"2022-03-08T22:34:58","modified_gmt":"2022-03-08T21:34:58","slug":"kuecuek-sahabiler-3-zeydin-uyku-duasi","status":"publish","type":"product","link":"https:\/\/mgvpublications.com\/de\/kuecuek-sahabiler-3-zeydin-uyku-duasi\/","title":{"rendered":"K\u00fc\u00e7\u00fck Sahabiler 3: Zeyd&#8217;in Uyku Duas\u0131"},"content":{"rendered":"<div>Yay\u0131n Tarihi: 22.08.2016<\/div>\n<div>ISBN: 6059723640<\/div>\n<div>Bask\u0131 Say\u0131s\u0131: 1. Bask\u0131<\/div>\n<div>Dil: T\u00dcRK\u00c7E<\/div>\n<div>Sayfa Say\u0131s\u0131: 12<\/div>\n<div>Cilt Tipi: Karton Kapak<\/div>\n<div>Ka\u011f\u0131t Cinsi: Ku\u015fe Ka\u011f\u0131t<\/div>\n<div>Boyut: 20 x 20 cm<\/div>","protected":false},"excerpt":{"rendered":"<p>K\u00fc\u00e7\u00fck Sahabiler, Peygamberimizin \u00e7ocuk arkada\u015flar\u0131yd\u0131. Peygamberimiz onlar\u0131 \u00e7ok severdi. Onlar da Peygamberimizi \u00e7ok severdi. \u0130\u015fte k\u00fc\u00e7\u00fck sahabilerden birka\u00e7 tatl\u0131 hat\u0131ra!<\/p>","protected":false},"featured_media":16010,"template":"","meta":{"spay_email":""},"product_cat":[172],"product_tag":[],"item":[692],"acf":[],"_links":{"self":[{"href":"https:\/\/mgvpublications.com\/de\/wp-json\/wp\/v2\/product\/12626"}],"collection":[{"href":"https:\/\/mgvpublications.com\/de\/wp-json\/wp\/v2\/product"}],"about":[{"href":"https:\/\/mgvpublications.com\/de\/wp-json\/wp\/v2\/types\/product"}],"wp:featuredmedia":[{"embeddable":true,"href":"https:\/\/mgvpublications.com\/de\/wp-json\/wp\/v2\/media\/16010"}],"wp:attachment":[{"href":"https:\/\/mgvpublications.com\/de\/wp-json\/wp\/v2\/media?parent=12626"}],"wp:term":[{"taxonomy":"product_cat","embeddable":true,"href":"https:\/\/mgvpublications.com\/de\/wp-json\/wp\/v2\/product_cat?post=12626"},{"taxonomy":"product_tag","embeddable":true,"href":"https:\/\/mgvpublications.com\/de\/wp-json\/wp\/v2\/product_tag?post=12626"},{"taxonomy":"item","embeddable":true,"href":"https:\/\/mgvpublications.com\/de\/wp-json\/wp\/v2\/item?post=12626"}],"curies":[{"name":"wp","href":"https:\/\/api.w.org\/{rel}","templated":true}]}}