{"id":12623,"date":"2020-12-02T15:45:37","date_gmt":"2020-12-02T14:45:37","guid":{"rendered":"https:\/\/dev2.mgvpublications.com\/produkt\/allahin-guezel-isimleri-99-esma-i-huesna\/"},"modified":"2022-03-08T22:34:57","modified_gmt":"2022-03-08T21:34:57","slug":"allahin-guezel-isimleri-99-esma-i-huesna","status":"publish","type":"product","link":"https:\/\/mgvpublications.com\/de\/allahin-guezel-isimleri-99-esma-i-huesna\/","title":{"rendered":"Allah&#8217;\u0131n G\u00fczel \u0130simleri 99 Esma-i H\u00fcsna"},"content":{"rendered":"<p>Yay\u0131n Tarihi: 04.02.2008<br \/>ISBN: 9786055523176<br \/>Dil: T\u00dcRK\u00c7E<br \/>Sayfa Say\u0131s\u0131: 166<br \/>Cilt Tipi: Karton Kapak<br \/>Ka\u011f\u0131t Cinsi: Kitap Ka\u011f\u0131d\u0131<br \/>Boyut: 13.5 x 19.5 cm<\/p>","protected":false},"excerpt":{"rendered":"<p>&#8220;Allah&#8217;\u0131n isimlerinden biri de VAH\u0130D&#8217;dir. VAH\u0130D, e\u015fi benzeri olmayan, bir ve tek olan demektir. Bizim Allah&#8217;\u0131m\u0131z tek bir Allah&#8217;t\u0131r. O&#8217;ndan ba\u015fka Allah yoktur. B\u00fct\u00fcn \u00e7i\u00e7eklerin, b\u00fct\u00fcn meyvelerin, b\u00fct\u00fcn ku\u015flar\u0131n, b\u00fct\u00fcn ar\u0131lar\u0131n, b\u00fct\u00fcn ya\u011fmur tanelerinin, b\u00fct\u00fcn a\u011fa\u00e7lar\u0131n, b\u00fct\u00fcn daplar\u0131n\u0131, b\u00fct\u00fcn bulutlar\u0131n, b\u00fct\u00fcn aylar\u0131n, g\u00fcne\u015flerin, y\u0131ld\u0131zlar\u0131n&#8230; Ve geceleri dua eden b\u00fct\u00fcn \u00e7ocuklar\u0131n, Allah&#8217;\u0131 birdir. Allah, Vahid&#8217;dir.&#8221;<\/p>","protected":false},"featured_media":18981,"template":"","meta":{"spay_email":""},"product_cat":[174],"product_tag":[],"item":[692],"acf":[],"_links":{"self":[{"href":"https:\/\/mgvpublications.com\/de\/wp-json\/wp\/v2\/product\/12623"}],"collection":[{"href":"https:\/\/mgvpublications.com\/de\/wp-json\/wp\/v2\/product"}],"about":[{"href":"https:\/\/mgvpublications.com\/de\/wp-json\/wp\/v2\/types\/product"}],"wp:featuredmedia":[{"embeddable":true,"href":"https:\/\/mgvpublications.com\/de\/wp-json\/wp\/v2\/media\/18981"}],"wp:attachment":[{"href":"https:\/\/mgvpublications.com\/de\/wp-json\/wp\/v2\/media?parent=12623"}],"wp:term":[{"taxonomy":"product_cat","embeddable":true,"href":"https:\/\/mgvpublications.com\/de\/wp-json\/wp\/v2\/product_cat?post=12623"},{"taxonomy":"product_tag","embeddable":true,"href":"https:\/\/mgvpublications.com\/de\/wp-json\/wp\/v2\/product_tag?post=12623"},{"taxonomy":"item","embeddable":true,"href":"https:\/\/mgvpublications.com\/de\/wp-json\/wp\/v2\/item?post=12623"}],"curies":[{"name":"wp","href":"https:\/\/api.w.org\/{rel}","templated":true}]}}