{"id":12602,"date":"2020-07-17T16:53:33","date_gmt":"2020-07-17T14:53:33","guid":{"rendered":"https:\/\/dev2.mgvpublications.com\/produkt\/kurani-merak-ediyorum\/"},"modified":"2022-03-08T22:34:55","modified_gmt":"2022-03-08T21:34:55","slug":"kurani-merak-ediyorum","status":"publish","type":"product","link":"https:\/\/mgvpublications.com\/de\/kurani-merak-ediyorum\/","title":{"rendered":"Kur&#8217;an\u0131 Merak Ediyorum"},"content":{"rendered":"<div>Yay\u0131n Tarihi: 01.12.2012<\/div>\n<div>ISBN: 9758781980<\/div>\n<div>Bask\u0131 Say\u0131s\u0131: 19. Bask\u0131<\/div>\n<div>Dil: T\u00dcRK\u00c7E<\/div>\n<div>Sayfa Say\u0131s\u0131: 152<\/div>\n<div>Cilt Tipi: Karton Kapak<\/div>\n<div>Ka\u011f\u0131t Cinsi: Kitap Ka\u011f\u0131d\u0131<\/div>\n<div>Boyut: 13.5 x 19.5 cm<\/div>","protected":false},"excerpt":{"rendered":"<p>MERAK ED\u0130YORUM D\u0130Z\u0130S\u0130&#8217;nin d\u00f6rd\u00fcnc\u00fc kitab\u0131, Cenneti Merak Ediyorum olacakt\u0131 ve ahiret ile ilgili sorular \u00fczerinde uzun uzun konu\u015facakt\u0131k.<br \/>\nFakat 2010 y\u0131l\u0131n\u0131n, Kur&#8217;an-\u0131 Kerim&#8217;in insanl\u0131\u011fa g\u00f6nderili\u015finin 1400.y\u0131l\u0131 olmas\u0131 sebebiyle KUR&#8217;AN YILI ilan edildi\u011fini duyunca, s\u0131ralamada k\u00fc\u00e7\u00fck bir de\u011fi\u015fiklik yapt\u0131k ve d\u00f6rd\u00fcnc\u00fc Merak Ediyorum kitab\u0131nda,<br \/>\nKur&#8217;an-\u0131 Kerim ile ilgili sorular\u0131n\u0131 cevaplamaya karar verdik.Bizim de, Kur&#8217;an Y\u0131l\u0131&#8217;nda yap\u0131lacak faaliyet ve etkinliklere bir katk\u0131m\u0131z olsun istedik. B\u00f6yle \u00f6nemli bir y\u0131l d\u00f6n\u00fcm\u00fcne kay\u0131ts\u0131z kalamazd\u0131k elbette!<\/p>\n<p>Sorular:<br \/>\nKur&#8217;an, ni\u00e7in Arap\u00e7a?<br \/>\nKur&#8217;an&#8217;\u0131, sadece T\u00fcrk\u00e7esi&#8217;nden okusak daha iyi olmaz m\u0131?<br \/>\nPeki anlamad\u0131\u011f\u0131m\u0131z halde Arap\u00e7a Kur&#8217;an okuman\u0131n ve dinlemenin bize ne faydas\u0131 var?<br \/>\nKur&#8217;an, madem Allah&#8217;\u0131n s\u00f6z\u00fcd\u00fcr, neden insan s\u00f6zlerine benziyor?<br \/>\nKur&#8217;an neden 23 sene gibi uzun bir zaman i\u00e7inde g\u00f6nderildi? Allah onu bir seferde g\u00f6nderseydi daha kolay olmaz m\u0131yd\u0131?<br \/>\nKur&#8217;an&#8217;\u0131n tek bir harfi bile de\u011fi\u015fmeden bize ula\u015ft\u0131\u011f\u0131ndan nas\u0131l bu kadar emin labiliyoruz?<br \/>\nKur&#8217;an eskir mi?<br \/>\nKur&#8217;an-\u0131 Kerim&#8217;de yer alan baz\u0131 bilimsel mucizeler<br \/>\nMadem Kur&#8217;an&#8217;da b\u00f6yle bilimsel mucizeler var, neden onlar\u0131 hep M\u00fcsl\u00fcman olmayanlar ke\u015ffediyor?<br \/>\nKur&#8217;an, b\u00fcy\u00fck icatlardan mesela u\u00e7aklardan da s\u00f6z ediyor mu?<br \/>\nNeden Kur&#8217;an&#8217;da, &#8220;Deveye bakm\u0131yorlar m\u0131&#8221; deniyor?<br \/>\nKur&#8217;an&#8217;\u0131n en uzun s\u00fbresinin ismi neden inek?<\/p>","protected":false},"featured_media":12603,"template":"","meta":{"spay_email":""},"product_cat":[166],"product_tag":[],"item":[692],"acf":[],"_links":{"self":[{"href":"https:\/\/mgvpublications.com\/de\/wp-json\/wp\/v2\/product\/12602"}],"collection":[{"href":"https:\/\/mgvpublications.com\/de\/wp-json\/wp\/v2\/product"}],"about":[{"href":"https:\/\/mgvpublications.com\/de\/wp-json\/wp\/v2\/types\/product"}],"wp:featuredmedia":[{"embeddable":true,"href":"https:\/\/mgvpublications.com\/de\/wp-json\/wp\/v2\/media\/12603"}],"wp:attachment":[{"href":"https:\/\/mgvpublications.com\/de\/wp-json\/wp\/v2\/media?parent=12602"}],"wp:term":[{"taxonomy":"product_cat","embeddable":true,"href":"https:\/\/mgvpublications.com\/de\/wp-json\/wp\/v2\/product_cat?post=12602"},{"taxonomy":"product_tag","embeddable":true,"href":"https:\/\/mgvpublications.com\/de\/wp-json\/wp\/v2\/product_tag?post=12602"},{"taxonomy":"item","embeddable":true,"href":"https:\/\/mgvpublications.com\/de\/wp-json\/wp\/v2\/item?post=12602"}],"curies":[{"name":"wp","href":"https:\/\/api.w.org\/{rel}","templated":true}]}}