{"id":12596,"date":"2020-07-17T16:15:49","date_gmt":"2020-07-17T14:15:49","guid":{"rendered":"https:\/\/dev2.mgvpublications.com\/produkt\/kuecuek-sahabiler-5-agaca-tas-atan-cocuk\/"},"modified":"2022-06-18T15:49:34","modified_gmt":"2022-06-18T13:49:34","slug":"kuecuek-sahabiler-5-agaca-tas-atan-cocuk","status":"publish","type":"product","link":"https:\/\/mgvpublications.com\/de\/kuecuek-sahabiler-5-agaca-tas-atan-cocuk\/","title":{"rendered":"K\u00fc\u00e7\u00fck Sahabiler 5 \/ A\u011faca Ta\u015f Atan \u00c7ocuk"},"content":{"rendered":"<p>Yay\u0131n Tarihi: 26.07.2017<br \/>ISBN: 9786059548724<br \/>Dil: T\u00dcRK\u00c7E<br \/>Sayfa Say\u0131s\u0131: 12<br \/>Cilt Tipi: Karton Kapak<br \/>Ka\u011f\u0131t Cinsi: Kitap Ka\u011f\u0131d\u0131<br \/>Boyut: 20 x 20 cm<br \/>\u00c7izer: Ceyhun \u015een<\/p>","protected":false},"excerpt":{"rendered":"<p>T\u0131pk\u0131 ilk d\u00f6rt kitap gibi yine Ceyhun \u015een\u2019in \u00e7ocuklar taraf\u0131ndan \u00e7ok sevilen, anne-baba ve e\u011fitimcilerce de takdir edilen \u00e7izgileri e\u015fli\u011finde yay\u0131nlanan dizinin ikinci seti de, en sahih hadis kaynaklar\u0131ndan derlenen ve 4+ ya\u015f grubu i\u00e7in yeniden kaleme al\u0131nan bu minik \u00f6yk\u00fcler, Peygamber Efendimizin hayat\u0131nda \u00e7ocuklarla ilgili hat\u0131ralar\u0131ndan olu\u015fuyor. Dizinin en temel amac\u0131 bu en k\u00fc\u00e7\u00fck okur\/dinleyici kitlesinin ak\u0131l ve kalbinde kendisini \u00e7ok seven bir Peygamber ve arkada\u015f sahabi imaj\u0131n\u0131 m\u00fcmk\u00fcn olan en erken ya\u015fta oturtabilmek olarak \u00f6zetlenebilir.<\/p>","protected":false},"featured_media":23279,"template":"","meta":{"spay_email":""},"product_cat":[172],"product_tag":[],"item":[692],"acf":[],"_links":{"self":[{"href":"https:\/\/mgvpublications.com\/de\/wp-json\/wp\/v2\/product\/12596"}],"collection":[{"href":"https:\/\/mgvpublications.com\/de\/wp-json\/wp\/v2\/product"}],"about":[{"href":"https:\/\/mgvpublications.com\/de\/wp-json\/wp\/v2\/types\/product"}],"wp:featuredmedia":[{"embeddable":true,"href":"https:\/\/mgvpublications.com\/de\/wp-json\/wp\/v2\/media\/23279"}],"wp:attachment":[{"href":"https:\/\/mgvpublications.com\/de\/wp-json\/wp\/v2\/media?parent=12596"}],"wp:term":[{"taxonomy":"product_cat","embeddable":true,"href":"https:\/\/mgvpublications.com\/de\/wp-json\/wp\/v2\/product_cat?post=12596"},{"taxonomy":"product_tag","embeddable":true,"href":"https:\/\/mgvpublications.com\/de\/wp-json\/wp\/v2\/product_tag?post=12596"},{"taxonomy":"item","embeddable":true,"href":"https:\/\/mgvpublications.com\/de\/wp-json\/wp\/v2\/item?post=12596"}],"curies":[{"name":"wp","href":"https:\/\/api.w.org\/{rel}","templated":true}]}}