{"id":12593,"date":"2020-07-17T16:03:23","date_gmt":"2020-07-17T14:03:23","guid":{"rendered":"https:\/\/dev2.mgvpublications.com\/produkt\/kuranin-kalbine-yolculuk-yasin-suresi-tefsiri\/"},"modified":"2022-03-08T22:34:55","modified_gmt":"2022-03-08T21:34:55","slug":"kuranin-kalbine-yolculuk-yasin-suresi-tefsiri","status":"publish","type":"product","link":"https:\/\/mgvpublications.com\/de\/kuranin-kalbine-yolculuk-yasin-suresi-tefsiri\/","title":{"rendered":"Kur&#8217;an&#8217;\u0131n Kalbine Yolculuk Yasin Suresi Tefsiri"},"content":{"rendered":"<div><\/div>\n<div>Yay\u0131n Tarihi: 13.05.2020<\/div>\n<div>ISBN: 6050832334<\/div>\n<div>Bask\u0131 Say\u0131s\u0131: 1. Bask\u0131<\/div>\n<div>Dil: T\u00dcRK\u00c7E<\/div>\n<div>Sayfa Say\u0131s\u0131: 336<\/div>\n<div>Cilt Tipi: Karton Kapak<\/div>\n<div>Ka\u011f\u0131t Cinsi: Kitap Ka\u011f\u0131d\u0131<\/div>\n<div>Boyut: 13.5 x 21 cm<\/div>","protected":false},"excerpt":{"rendered":"<p>Kur&#8217;an; Az\u00eez olan izzet sahibi, Rah\u00eem olan rahmet sahibi Allah\u2019\u0131n indirdi\u011fi hikmet y\u00fckl\u00fc bir kitapt\u0131r.<br \/>\nKur\u2019an; bir hakikat \u00e7a\u011fr\u0131s\u0131, bir hidayet rehberidir. Bu kitap Allah\u2019\u0131n sesidir, nefesidir; Allah\u2019\u0131n kelam\u0131d\u0131r. \u0130nsan, Kur&#8217;an&#8217;la ne kadar i\u00e7 i\u00e7e girerse Allah\u2019\u0131n sesini, nefesini, solu\u011funu o kadar i\u00e7inde, iliklerinde hisseder. O soluk insan\u0131 pi\u015firir; olgunla\u015ft\u0131r\u0131r\u2026<br \/>\nKur\u2019an; aray\u0131\u015f i\u00e7indeki insan\u0131 esfel-i safilinden, batakl\u0131\u011f\u0131n dibinden al\u0131p Allah\u2019\u0131n r\u0131zas\u0131n\u0131n istikametine sevk etmek i\u00e7in indirilmi\u015f bir kitapt\u0131r.<br \/>\nKur\u2019an hat\u0131rlat\u0131r&#8230; \u0130nsan\u0131n f\u0131trat\u0131ndan gelen devasa sorulara, aray\u0131\u015flar\u0131na cevap verir. \u0130nsan\u0131n ruhuna, benli\u011finin derinliklerine hitap eder. Yeter ki insan i\u00e7indeki o sese kulak verebilsin.<br \/>\nKur&#8217;an Peygamberimizin kalbine inmi\u015ftir; \u015fahsiyetine ve benli\u011fine inmi\u015ftir. Onu yemesiyle, i\u00e7mesiyle, oturmas\u0131yla, kalkmas\u0131yla ya\u015fayan Kur&#8217;an yapm\u0131\u015ft\u0131r.<br \/>\nKur\u2019an m\u00fcminin de kalbine inmeli \u00e7\u00fcnk\u00fc kalp, insan\u0131n \u015fahsiyetinin, karakterinin, benli\u011finin merkezi ve ba\u015fkentidir.<br \/>\nYasin Pi\u015fgin, Yasin Suresi tefsiri olarak haz\u0131rlanan Kur&#8217;an&#8217;\u0131n Kalbine Yolculuk\u2019ta Kur&#8217;an&#8217;dan m\u00fc&#8217;minin kalbine; m\u00fc&#8217;minin kalbinden Ref\u00eek-i \u00e2l\u00e2ya uzanan yola i\u015faret ediyor. Kur&#8217;an&#8217;\u0131n Kalbine Yolculuk bu yolda gidenleri Kur\u2019an\u2019\u0131n derinliklerine dald\u0131r\u0131yor. Ta ki Kur&#8217;an&#8217;\u0131n s\u0131rlar\u0131 g\u00f6n\u00fcllere a\u015fik\u00e2r olsun.<\/p>","protected":false},"featured_media":12594,"template":"","meta":{"spay_email":""},"product_cat":[174],"product_tag":[],"item":[360],"acf":[],"_links":{"self":[{"href":"https:\/\/mgvpublications.com\/de\/wp-json\/wp\/v2\/product\/12593"}],"collection":[{"href":"https:\/\/mgvpublications.com\/de\/wp-json\/wp\/v2\/product"}],"about":[{"href":"https:\/\/mgvpublications.com\/de\/wp-json\/wp\/v2\/types\/product"}],"wp:featuredmedia":[{"embeddable":true,"href":"https:\/\/mgvpublications.com\/de\/wp-json\/wp\/v2\/media\/12594"}],"wp:attachment":[{"href":"https:\/\/mgvpublications.com\/de\/wp-json\/wp\/v2\/media?parent=12593"}],"wp:term":[{"taxonomy":"product_cat","embeddable":true,"href":"https:\/\/mgvpublications.com\/de\/wp-json\/wp\/v2\/product_cat?post=12593"},{"taxonomy":"product_tag","embeddable":true,"href":"https:\/\/mgvpublications.com\/de\/wp-json\/wp\/v2\/product_tag?post=12593"},{"taxonomy":"item","embeddable":true,"href":"https:\/\/mgvpublications.com\/de\/wp-json\/wp\/v2\/item?post=12593"}],"curies":[{"name":"wp","href":"https:\/\/api.w.org\/{rel}","templated":true}]}}