{"id":12579,"date":"2020-07-16T16:03:26","date_gmt":"2020-07-16T14:03:26","guid":{"rendered":"https:\/\/dev2.mgvpublications.com\/produkt\/suerguen-ve-krallik\/"},"modified":"2022-03-08T22:34:55","modified_gmt":"2022-03-08T21:34:55","slug":"suerguen-ve-krallik","status":"publish","type":"product","link":"https:\/\/mgvpublications.com\/de\/suerguen-ve-krallik\/","title":{"rendered":"S\u00fcrg\u00fcn ve Krall\u0131k"},"content":{"rendered":"<table>\n<tbody>\n<tr>\n<td>\u00c7evirmen:<\/td>\n<td><a href=\"https:\/\/www.kitapyurdu.com\/yazar\/tahsin-yucel\/8554.html\" target=\"_blank\" rel=\"noopener\"> Tahsin Y\u00fccel<\/a><\/td>\n<\/tr>\n<tr>\n<td>Yay\u0131n Tarihi:<\/td>\n<td>31.10.2019<\/td>\n<\/tr>\n<tr>\n<td>Orijinal Ad\u0131:<\/td>\n<td>L&#8217;Exil et le Royaume<\/td>\n<\/tr>\n<tr>\n<td>ISBN:<\/td>\n<td>9750724770<\/td>\n<\/tr>\n<tr>\n<td>Bask\u0131 Say\u0131s\u0131:<\/td>\n<td>15. Bask\u0131<\/td>\n<\/tr>\n<tr>\n<td>Dil:<\/td>\n<td>T\u00dcRK\u00c7E<\/td>\n<\/tr>\n<tr>\n<td>Sayfa Say\u0131s\u0131:<\/td>\n<td>148<\/td>\n<\/tr>\n<tr>\n<td>Cilt Tipi:<\/td>\n<td>Karton Kapak<\/td>\n<\/tr>\n<tr>\n<td>Ka\u011f\u0131t Cinsi:<\/td>\n<td>Kitap Ka\u011f\u0131d\u0131<\/td>\n<\/tr>\n<tr>\n<td>Boyut:<\/td>\n<td>12.5 x 19.5 cm<\/td>\n<\/tr>\n<\/tbody>\n<\/table>","protected":false},"excerpt":{"rendered":"<p><span class=\"info__text\">Jean-Paul Sartre, Albert Camus&#8217;n\u00fcn \u00f6l\u00fcm\u00fcnden sonra \u015funlar\u0131 yazm\u0131\u015ft\u0131: &#8220;Uzun s\u00fcre d\u00fc\u015f\u00fcnmeden se\u00e7imini yapmayan, bir kez se\u00e7ince de buna ba\u011fl\u0131 kalan ender insanlardand\u0131&#8230; Camus&#8217;n\u00fcn insanc\u0131l\u0131\u011f\u0131nda, ans\u0131z\u0131n bast\u0131ran \u00f6l\u00fcme kar\u015f\u0131 insanca bir davran\u0131\u015f varsa; mutluluk yolunda giri\u015fti\u011fi o gururlu, kat\u0131ks\u0131z ara\u015ft\u0131rma, insana bu denli ayk\u0131r\u0131 gelen \u00f6l\u00fcme dayan\u0131yor, \u00f6l\u00fcmle besleniyorsa; Camus&#8217;n\u00fcn yap\u0131t\u0131n\u0131 da, bu yap\u0131ttan ayr\u0131 d\u00fc\u015f\u00fcn\u00fclemeyecek ya\u015fam\u0131n\u0131 da, varl\u0131\u011f\u0131n her \u00e2n\u0131n\u0131 \u00f6l\u00fcm\u00fcn elinden kapan bir insan\u0131n kat\u0131ks\u0131z, ba\u015far\u0131l\u0131 denemesi olarak g\u00f6rebiliriz.&#8221; K\u0131rk d\u00f6rt ya\u015f\u0131nda, 1957 Nobel \u00d6d\u00fcl\u00fcn\u00fc alan Albert Camus (1913-1960) S\u00fcrg\u00fcn ve Krall\u0131k&#8217;ta yer alan alt\u0131 \u00f6yk\u00fcde, ac\u0131ma, g\u00fc\u00e7s\u00fczl\u00fck, iyilik, k\u00f6t\u00fcl\u00fck gibi temel insani durumlar\u0131, insan\u0131n davran\u0131\u015flar\u0131n\u0131 g\u00fcd\u00fclendiren `kurban&#8217; ve `cellat&#8217; ikilemini ele al\u0131yor.<\/span><\/p>","protected":false},"featured_media":12580,"template":"","meta":{"spay_email":""},"product_cat":[168],"product_tag":[],"item":[369],"acf":[],"_links":{"self":[{"href":"https:\/\/mgvpublications.com\/de\/wp-json\/wp\/v2\/product\/12579"}],"collection":[{"href":"https:\/\/mgvpublications.com\/de\/wp-json\/wp\/v2\/product"}],"about":[{"href":"https:\/\/mgvpublications.com\/de\/wp-json\/wp\/v2\/types\/product"}],"wp:featuredmedia":[{"embeddable":true,"href":"https:\/\/mgvpublications.com\/de\/wp-json\/wp\/v2\/media\/12580"}],"wp:attachment":[{"href":"https:\/\/mgvpublications.com\/de\/wp-json\/wp\/v2\/media?parent=12579"}],"wp:term":[{"taxonomy":"product_cat","embeddable":true,"href":"https:\/\/mgvpublications.com\/de\/wp-json\/wp\/v2\/product_cat?post=12579"},{"taxonomy":"product_tag","embeddable":true,"href":"https:\/\/mgvpublications.com\/de\/wp-json\/wp\/v2\/product_tag?post=12579"},{"taxonomy":"item","embeddable":true,"href":"https:\/\/mgvpublications.com\/de\/wp-json\/wp\/v2\/item?post=12579"}],"curies":[{"name":"wp","href":"https:\/\/api.w.org\/{rel}","templated":true}]}}