{"id":12577,"date":"2020-07-16T15:58:19","date_gmt":"2020-07-16T13:58:19","guid":{"rendered":"https:\/\/dev2.mgvpublications.com\/produkt\/baskaldiran-insan\/"},"modified":"2022-03-08T22:34:53","modified_gmt":"2022-03-08T21:34:53","slug":"baskaldiran-insan","status":"publish","type":"product","link":"https:\/\/mgvpublications.com\/de\/baskaldiran-insan\/","title":{"rendered":"Ba\u015fkald\u0131ran \u0130nsan"},"content":{"rendered":"<table>\n<tbody>\n<tr>\n<td>\u00c7evirmen:<\/td>\n<td><a href=\"https:\/\/www.kitapyurdu.com\/yazar\/tahsin-yucel\/8554.html\" target=\"_blank\" rel=\"noopener\"> Tahsin Y\u00fccel<\/a><\/td>\n<\/tr>\n<tr>\n<td>Yay\u0131n Tarihi:<\/td>\n<td>17.06.2019<\/td>\n<\/tr>\n<tr>\n<td>Orijinal Ad\u0131:<\/td>\n<td>L&#8217;Homme r\u00e9volt\u00e9<\/td>\n<\/tr>\n<tr>\n<td>ISBN:<\/td>\n<td>9750724763<\/td>\n<\/tr>\n<tr>\n<td>Bask\u0131 Say\u0131s\u0131:<\/td>\n<td>25. Bask\u0131<\/td>\n<\/tr>\n<tr>\n<td>Dil:<\/td>\n<td>T\u00dcRK\u00c7E<\/td>\n<\/tr>\n<tr>\n<td>Sayfa Say\u0131s\u0131:<\/td>\n<td>360<\/td>\n<\/tr>\n<tr>\n<td>Cilt Tipi:<\/td>\n<td>Karton Kapak<\/td>\n<\/tr>\n<tr>\n<td>Ka\u011f\u0131t Cinsi:<\/td>\n<td>Kitap Ka\u011f\u0131d\u0131<\/td>\n<\/tr>\n<tr>\n<td>Boyut:<\/td>\n<td>12.5 x 19.5 cm<\/td>\n<\/tr>\n<\/tbody>\n<\/table>","protected":false},"excerpt":{"rendered":"<p><span class=\"info__text\">1957 y\u0131l\u0131nda k\u0131rk d\u00f6rt ya\u015f\u0131nda Nobel \u00d6d\u00fcl\u00fcn\u00fc alan Albert Camus (1913-1960), ya\u015fam\u0131 boyunca \u015fu sorunun yan\u0131t\u0131n\u0131 arad\u0131: &#8220;\u0130nsan toprakla nas\u0131l ba\u011fda\u015fabilir, yoksullu\u011fu y\u00fcz\u00fcnden ac\u0131 \u00e7ekerek, ama g\u00fczelli\u011fini koruyarak sa\u00e7ma ve y\u00fccelik i\u00e7in nas\u0131l ya\u015fayabilir?&#8221; Camus&#8217;ye g\u00f6re sanat `yalanc\u0131 bir l\u00fcks&#8217; ve bencil bir edebiyat\u00e7\u0131n\u0131n yap\u0131t\u0131 de\u011fildir. Sanat ya\u015fayabilir, kullan\u0131labilir bir durumdad\u0131r; ger\u00e7e\u011fe sad\u0131k ve onun \u00fczerinde oldu\u011fu i\u00e7in, hi\u00e7 uysalla\u015fmayan sa\u00e7mal\u0131\u011f\u0131 ve hi\u00e7 yok olmayan umudu ile insan\u0131n durumunu tepeden t\u0131rna\u011fa kapsar. Ba\u015fkald\u0131ran \u0130nsan, ba\u015fkald\u0131r\u0131n\u0131n kendisidir, ama \u0131l\u0131ml\u0131 ve insan\u0131n boyutlar\u0131nda. Ba\u015fkald\u0131ran \u0130nsan, adalete ve \u00f6zellikle do\u011frulu\u011fa vurgundur, mutlak olan&#8217;\u0131n i\u011fvas\u0131ndan, mitoslardan, gurur, horlanma ve kan\u0131n romantik ba\u015f d\u00f6nmelerinden uzak durur. Ama insan, ne ise, o olmaya yana\u015fmayan tek yarat\u0131kt\u0131r. Bu yads\u0131ma onu intihara m\u0131, yoksa bir ba\u015fkas\u0131n\u0131 \u00f6ld\u00fcrmeye mi g\u00f6t\u00fcr\u00fcr? &#8220;Hay\u0131r!&#8221; demeyi bilen insand\u0131r Ba\u015fkald\u0131ran \u0130nsan; ama kime, neye, nerede, nas\u0131l? Ba\u015fkald\u0131ran insan\u0131 ku\u015fatan `hay\u0131r&#8217;\u0131n i\u00e7eri\u011fi nedir? Bunun yan\u0131t\u0131 Ba\u015fkald\u0131ran \u0130nsan&#8217;da&#8230;<\/span><\/p>","protected":false},"featured_media":12578,"template":"","meta":{"spay_email":""},"product_cat":[168],"product_tag":[],"item":[369],"acf":[],"_links":{"self":[{"href":"https:\/\/mgvpublications.com\/de\/wp-json\/wp\/v2\/product\/12577"}],"collection":[{"href":"https:\/\/mgvpublications.com\/de\/wp-json\/wp\/v2\/product"}],"about":[{"href":"https:\/\/mgvpublications.com\/de\/wp-json\/wp\/v2\/types\/product"}],"wp:featuredmedia":[{"embeddable":true,"href":"https:\/\/mgvpublications.com\/de\/wp-json\/wp\/v2\/media\/12578"}],"wp:attachment":[{"href":"https:\/\/mgvpublications.com\/de\/wp-json\/wp\/v2\/media?parent=12577"}],"wp:term":[{"taxonomy":"product_cat","embeddable":true,"href":"https:\/\/mgvpublications.com\/de\/wp-json\/wp\/v2\/product_cat?post=12577"},{"taxonomy":"product_tag","embeddable":true,"href":"https:\/\/mgvpublications.com\/de\/wp-json\/wp\/v2\/product_tag?post=12577"},{"taxonomy":"item","embeddable":true,"href":"https:\/\/mgvpublications.com\/de\/wp-json\/wp\/v2\/item?post=12577"}],"curies":[{"name":"wp","href":"https:\/\/api.w.org\/{rel}","templated":true}]}}