{"id":12575,"date":"2020-12-02T15:45:32","date_gmt":"2020-12-02T14:45:32","guid":{"rendered":"https:\/\/dev2.mgvpublications.com\/produkt\/yabanci\/"},"modified":"2022-03-08T22:34:53","modified_gmt":"2022-03-08T21:34:53","slug":"yabanci","status":"publish","type":"product","link":"https:\/\/mgvpublications.com\/de\/yabanci\/","title":{"rendered":"Yabanc\u0131"},"content":{"rendered":"<p>\u00c7evirmen: Ay\u00e7a Sezen<br \/>Kapak: Utku Lomlu<br \/>Yay\u0131n Tarihi: 14.10.2019<br \/>ISBN: 9789750741272<br \/>Dil: T\u00dcRK\u00c7E<br \/>Sayfa Say\u0131s\u0131: 111<br \/>Cilt Tipi: Karton Kapak<br \/>Ka\u011f\u0131t Cinsi: Kitap Ka\u011f\u0131d\u0131<br \/>Boyut: 12.5 x 19.5 cm<\/p>","protected":false},"excerpt":{"rendered":"<p>Albert Camus&#8217;n\u00fcn ( 1913-1960) en tan\u0131nm\u0131\u015f, en \u00e7ok yabanc\u0131 dile \u00e7evrilmi\u015f, en \u00e7ok incelenmi\u015f ve hala en \u00e7ok satan kitaplar aras\u0131nda yer alan Yabanc\u0131, ayn\u0131 zamanda yazar\u0131n en gizemli yap\u0131t\u0131. \u00d6l\u00fcm\u00fcn egemen oldu\u011fu bir varl\u0131k\u0131n en anlams\u0131z olgular\u0131n\u0131 sa\u00e7ma bir d\u00fczensizlik i\u00e7inde ya\u015fayan bu roman\u0131n ba\u015fki\u015fisi Meursault, bir simge kahraman de\u011fildir, ad\u0131 olmayan bir Yabanc\u0131d\u0131r; bu eksik kimlik, ger\u00e7eklikten alg\u0131lad\u0131\u011f\u0131 \u015feyi yap\u0131land\u0131ramayan, yeniden \u00f6rg\u00fctleyemeyen, ama ger\u00e7ekli\u011fin yank\u0131lar\u0131n\u0131 yakalamaya \u00e7al\u0131\u015fan bir bo\u015f bilincin imgesidir. Onun kay\u0131ts\u0131zl\u0131\u011f\u0131 ve edilgenli\u011fi, i\u015fte bu bo\u015f bilincin \u00fcr\u00fcn\u00fcd\u00fcr. Yabanc\u0131, b\u00fcy\u00fcleyici g\u00fcc\u00fcn\u00fc, i\u00e7inde bar\u0131nd\u0131rd\u0131\u011f\u0131 trajedi duygusuna bor\u00e7lu: Bir t\u00fcrl\u00fc ele ge\u00e7irilemeyen anlam\u0131n s\u00fcrekli aranmas\u0131, bilin\u00e7 ile toplumsal d\u00fcnya aras\u0131ndaki \u00e7at\u0131\u015fma&#8230; Camus&#8217;yle bulu\u015fanlar\u0131n hi\u00e7biri, onunla kar\u015f\u0131la\u015f\u0131nca hayal k\u0131r\u0131kl\u0131\u011f\u0131na u\u011framam\u0131\u015ft\u0131r. Mutluluk, bir yerde ve her yerde hi\u00e7bir \u015fey beklemeden d\u00fcnyay\u0131, insanlar\u0131 sevmektir, der Camus. Giderek daha \u00e7ok sevilen bir yazar olmas\u0131, onun bu sevgisinin yans\u0131mas\u0131ndan ba\u015fka bir \u015fey de\u011fildir.<\/p>","protected":false},"featured_media":20748,"template":"","meta":{"spay_email":""},"product_cat":[168],"product_tag":[],"item":[369],"acf":[],"_links":{"self":[{"href":"https:\/\/mgvpublications.com\/de\/wp-json\/wp\/v2\/product\/12575"}],"collection":[{"href":"https:\/\/mgvpublications.com\/de\/wp-json\/wp\/v2\/product"}],"about":[{"href":"https:\/\/mgvpublications.com\/de\/wp-json\/wp\/v2\/types\/product"}],"wp:featuredmedia":[{"embeddable":true,"href":"https:\/\/mgvpublications.com\/de\/wp-json\/wp\/v2\/media\/20748"}],"wp:attachment":[{"href":"https:\/\/mgvpublications.com\/de\/wp-json\/wp\/v2\/media?parent=12575"}],"wp:term":[{"taxonomy":"product_cat","embeddable":true,"href":"https:\/\/mgvpublications.com\/de\/wp-json\/wp\/v2\/product_cat?post=12575"},{"taxonomy":"product_tag","embeddable":true,"href":"https:\/\/mgvpublications.com\/de\/wp-json\/wp\/v2\/product_tag?post=12575"},{"taxonomy":"item","embeddable":true,"href":"https:\/\/mgvpublications.com\/de\/wp-json\/wp\/v2\/item?post=12575"}],"curies":[{"name":"wp","href":"https:\/\/api.w.org\/{rel}","templated":true}]}}