{"id":12567,"date":"2020-07-16T15:37:06","date_gmt":"2020-07-16T13:37:06","guid":{"rendered":"https:\/\/dev2.mgvpublications.com\/produkt\/veba\/"},"modified":"2022-03-08T22:34:53","modified_gmt":"2022-03-08T21:34:53","slug":"veba","status":"publish","type":"product","link":"https:\/\/mgvpublications.com\/de\/veba\/","title":{"rendered":"Veba"},"content":{"rendered":"<table>\n<tbody>\n<tr>\n<td>\u00c7evirmen:<\/td>\n<td><a href=\"https:\/\/www.kitapyurdu.com\/yazar\/nedret-tanyolac-oztokat\/3393.html\" target=\"_blank\" rel=\"noopener\"> Nedret Tanyola\u00e7 \u00d6ztokat<\/a><\/td>\n<\/tr>\n<tr>\n<td>Yay\u0131n Tarihi:<\/td>\n<td>25.07.2019<\/td>\n<\/tr>\n<tr>\n<td>ISBN:<\/td>\n<td>9750728273<\/td>\n<\/tr>\n<tr>\n<td>Bask\u0131 Say\u0131s\u0131:<\/td>\n<td>42. Bask\u0131<\/td>\n<\/tr>\n<tr>\n<td>Dil:<\/td>\n<td>T\u00dcRK\u00c7E<\/td>\n<\/tr>\n<tr>\n<td>Sayfa Say\u0131s\u0131:<\/td>\n<td>303<\/td>\n<\/tr>\n<tr>\n<td>Cilt Tipi:<\/td>\n<td>Karton Kapak<\/td>\n<\/tr>\n<tr>\n<td>Ka\u011f\u0131t Cinsi:<\/td>\n<td>Kitap Ka\u011f\u0131d\u0131<\/td>\n<\/tr>\n<tr>\n<td>Boyut:<\/td>\n<td>12.5 x 19.5 cm<\/td>\n<\/tr>\n<\/tbody>\n<\/table>","protected":false},"excerpt":{"rendered":"<p><span class=\"info__text\">Camus ad\u0131 \u00e7o\u011fu okur i\u00e7in Yabanc\u0131 roman\u0131yla \u00f6zde\u015fle\u015fir. Ancak yazar\u0131n en \u00f6nemli yap\u0131t\u0131 asl\u0131nda Veba&#8217;d\u0131r. Keskin bir g\u00f6zlem g\u00fcc\u00fcn\u00fcn destekledi\u011fi ar\u0131 bir bilin\u00e7le Veba, yaln\u0131zca \u00e7a\u011f\u0131m\u0131z\u0131n de\u011fil, t\u00fcm insanl\u0131k tarihinin ortak bir sorununa de\u011finir: Felaketin yazg\u0131ya d\u00f6n\u00fc\u015fmesi. Camus&#8217;n\u00fcn hi\u00e7bir yap\u0131t\u0131nda b\u00f6yle ac\u0131 bir yazg\u0131, b\u00f6ylesine \u015fiirsel bir dille ele al\u0131nmam\u0131\u015ft\u0131r. Veba, insan\u0131n ve \u0131\u015f\u0131\u011f\u0131n \u015fiiridir. Bu \u015fiirde renkler alabildi\u011fine koyu, ancak yazar\u0131n sesi o denli umut doludur. Beklenmedik bir boyuta ula\u015fan veba salg\u0131n\u0131 t\u00fcm Oranl\u0131lar\u0131 ilkin umutsuzlu\u011fa bo\u011far, ard\u0131ndan Doktor Rieux, Tarron ve Grand&#8217;\u0131n g\u00f6sterdikleri dayan\u0131\u015fma \u00f6rne\u011fi, ba\u015fta yetkililer olmak \u00fczere herkese bir g\u00fc\u00e7 ve umut kayna\u011f\u0131 olur. \u0130\u015fte Camus&#8217;n\u00fcn insana bak\u0131\u015f\u0131 ve inanc\u0131 bu noktada kar\u015f\u0131m\u0131za \u00e7\u0131kar.<\/span><\/p>","protected":false},"featured_media":12568,"template":"","meta":{"spay_email":""},"product_cat":[168],"product_tag":[],"item":[369],"acf":[],"_links":{"self":[{"href":"https:\/\/mgvpublications.com\/de\/wp-json\/wp\/v2\/product\/12567"}],"collection":[{"href":"https:\/\/mgvpublications.com\/de\/wp-json\/wp\/v2\/product"}],"about":[{"href":"https:\/\/mgvpublications.com\/de\/wp-json\/wp\/v2\/types\/product"}],"wp:featuredmedia":[{"embeddable":true,"href":"https:\/\/mgvpublications.com\/de\/wp-json\/wp\/v2\/media\/12568"}],"wp:attachment":[{"href":"https:\/\/mgvpublications.com\/de\/wp-json\/wp\/v2\/media?parent=12567"}],"wp:term":[{"taxonomy":"product_cat","embeddable":true,"href":"https:\/\/mgvpublications.com\/de\/wp-json\/wp\/v2\/product_cat?post=12567"},{"taxonomy":"product_tag","embeddable":true,"href":"https:\/\/mgvpublications.com\/de\/wp-json\/wp\/v2\/product_tag?post=12567"},{"taxonomy":"item","embeddable":true,"href":"https:\/\/mgvpublications.com\/de\/wp-json\/wp\/v2\/item?post=12567"}],"curies":[{"name":"wp","href":"https:\/\/api.w.org\/{rel}","templated":true}]}}