{"id":12560,"date":"2020-07-15T23:38:27","date_gmt":"2020-07-15T21:38:27","guid":{"rendered":"https:\/\/dev2.mgvpublications.com\/produkt\/maturidinin-akide-risalesi-ve-serhi\/"},"modified":"2022-03-08T22:34:53","modified_gmt":"2022-03-08T21:34:53","slug":"maturidinin-akide-risalesi-ve-serhi","status":"publish","type":"product","link":"https:\/\/mgvpublications.com\/de\/maturidinin-akide-risalesi-ve-serhi\/","title":{"rendered":"Maturidi&#8217;nin Akide Risalesi ve \u015eerhi"},"content":{"rendered":"<p>Yay\u0131n Tarihi: 01.03.2011<br \/>\nISBN: 9753896801<br \/>\nBask\u0131 Say\u0131s\u0131: 1. Bask\u0131<br \/>\nDil: ARAP\u00c7A,T\u00dcRK\u00c7E<br \/>\nCilt Tipi: Karton Kapak<br \/>\nKa\u011f\u0131t Cinsi: 1. Hm. Ka\u011f\u0131t<br \/>\nBoyut: 16 x 23.5 cm<\/p>","protected":false},"excerpt":{"rendered":"<p>Yay\u0131n Tarihi: 01.03.2011 ISBN: 9753896801 Bask\u0131 Say\u0131s\u0131: 1. Bask\u0131 Dil: ARAP\u00c7A,T\u00dcRK\u00c7E Cilt Tipi: Karton Kapak Ka\u011f\u0131t Cinsi: 1. Hm. Ka\u011f\u0131t Boyut: 16 x 23.5 cm<\/p>","protected":false},"featured_media":15999,"template":"","meta":{"spay_email":""},"product_cat":[174],"product_tag":[],"item":[],"acf":[],"_links":{"self":[{"href":"https:\/\/mgvpublications.com\/de\/wp-json\/wp\/v2\/product\/12560"}],"collection":[{"href":"https:\/\/mgvpublications.com\/de\/wp-json\/wp\/v2\/product"}],"about":[{"href":"https:\/\/mgvpublications.com\/de\/wp-json\/wp\/v2\/types\/product"}],"wp:featuredmedia":[{"embeddable":true,"href":"https:\/\/mgvpublications.com\/de\/wp-json\/wp\/v2\/media\/15999"}],"wp:attachment":[{"href":"https:\/\/mgvpublications.com\/de\/wp-json\/wp\/v2\/media?parent=12560"}],"wp:term":[{"taxonomy":"product_cat","embeddable":true,"href":"https:\/\/mgvpublications.com\/de\/wp-json\/wp\/v2\/product_cat?post=12560"},{"taxonomy":"product_tag","embeddable":true,"href":"https:\/\/mgvpublications.com\/de\/wp-json\/wp\/v2\/product_tag?post=12560"},{"taxonomy":"item","embeddable":true,"href":"https:\/\/mgvpublications.com\/de\/wp-json\/wp\/v2\/item?post=12560"}],"curies":[{"name":"wp","href":"https:\/\/api.w.org\/{rel}","templated":true}]}}