{"id":12555,"date":"2020-07-15T23:24:26","date_gmt":"2020-07-15T21:24:26","guid":{"rendered":"https:\/\/dev2.mgvpublications.com\/produkt\/islamda-cihad\/"},"modified":"2022-03-08T22:34:52","modified_gmt":"2022-03-08T21:34:52","slug":"islamda-cihad","status":"publish","type":"product","link":"https:\/\/mgvpublications.com\/de\/islamda-cihad\/","title":{"rendered":"\u0130slamda Cihad"},"content":{"rendered":"<div>\u00c7evirmen: H. H\u00fcseyin Y\u0131lmaz<\/div>\n<div>Yay\u0131n Tarihi: 27.01.2016<\/div>\n<div>ISBN: 6055350949<\/div>\n<div>Bask\u0131 Say\u0131s\u0131: 2. Bask\u0131<\/div>\n<div>Dil: T\u00dcRK\u00c7E<\/div>\n<div>Sayfa Say\u0131s\u0131: 332<\/div>\n<div>Cilt Tipi: Karton Kapak<\/div>\n<div>Ka\u011f\u0131t Cinsi: Kitap Ka\u011f\u0131d\u0131<\/div>\n<div>Boyut: 13.5 x 21 cm<\/div>","protected":false},"excerpt":{"rendered":"<p>\u0130nan\u00e7 h\u00fcrriyeti, insana &#8216;insanlk&#8217; vasf\u0131n\u0131 kazand\u0131ran ve en ba\u015fta gelen temek haklardan birisidir. Ayn\u0131 zamanda inan\u0131lan d\u00fc\u015f\u00fcnceyi herhangi bir bask\u0131 ve \u015fiddete ba\u015fvurmadan yaymaya \u00e7al\u0131\u015fmak da bir hakt\u0131r. Elbetteki bu haklar\u0131n ayn\u0131 zamanda bir \u00f6dev niteli\u011fi arzetti\u011fi de dile getirilmelidir. Yani inanan insanlar, inan\u00e7lar\u0131n\u0131 kendileri ya\u015fad\u0131\u011f\u0131 gibi ba\u015fkalar\u0131na anlatmakla da y\u00fck\u00fcml\u00fcd\u00fcrler. Bu s\u00f6rumluluk ise en anlaml\u0131 kar\u015f\u0131l\u0131\u011f\u0131n\u0131 islam inanc\u0131nd bulmaktad\u0131r.<\/p>","protected":false},"featured_media":15998,"template":"","meta":{"spay_email":""},"product_cat":[174],"product_tag":[],"item":[871],"acf":[],"_links":{"self":[{"href":"https:\/\/mgvpublications.com\/de\/wp-json\/wp\/v2\/product\/12555"}],"collection":[{"href":"https:\/\/mgvpublications.com\/de\/wp-json\/wp\/v2\/product"}],"about":[{"href":"https:\/\/mgvpublications.com\/de\/wp-json\/wp\/v2\/types\/product"}],"wp:featuredmedia":[{"embeddable":true,"href":"https:\/\/mgvpublications.com\/de\/wp-json\/wp\/v2\/media\/15998"}],"wp:attachment":[{"href":"https:\/\/mgvpublications.com\/de\/wp-json\/wp\/v2\/media?parent=12555"}],"wp:term":[{"taxonomy":"product_cat","embeddable":true,"href":"https:\/\/mgvpublications.com\/de\/wp-json\/wp\/v2\/product_cat?post=12555"},{"taxonomy":"product_tag","embeddable":true,"href":"https:\/\/mgvpublications.com\/de\/wp-json\/wp\/v2\/product_tag?post=12555"},{"taxonomy":"item","embeddable":true,"href":"https:\/\/mgvpublications.com\/de\/wp-json\/wp\/v2\/item?post=12555"}],"curies":[{"name":"wp","href":"https:\/\/api.w.org\/{rel}","templated":true}]}}