{"id":12534,"date":"2020-07-15T20:59:29","date_gmt":"2020-07-15T18:59:29","guid":{"rendered":"https:\/\/dev2.mgvpublications.com\/produkt\/can-veren-pervaneler\/"},"modified":"2022-03-08T22:34:50","modified_gmt":"2022-03-08T21:34:50","slug":"can-veren-pervaneler","status":"publish","type":"product","link":"https:\/\/mgvpublications.com\/de\/can-veren-pervaneler\/","title":{"rendered":"Can Veren Pervaneler"},"content":{"rendered":"<table>\n<tbody>\n<tr>\n<td>Yay\u0131n Tarihi:<\/td>\n<td>10.05.2019<\/td>\n<\/tr>\n<tr>\n<td>ISBN:<\/td>\n<td>6055545963<\/td>\n<\/tr>\n<tr>\n<td>Bask\u0131 Say\u0131s\u0131:<\/td>\n<td>14. Bask\u0131<\/td>\n<\/tr>\n<tr>\n<td>Dil:<\/td>\n<td>T\u00dcRK\u00c7E<\/td>\n<\/tr>\n<tr>\n<td>Sayfa Say\u0131s\u0131:<\/td>\n<td>210<\/td>\n<\/tr>\n<tr>\n<td>Cilt Tipi:<\/td>\n<td>Karton Kapak<\/td>\n<\/tr>\n<tr>\n<td>Ka\u011f\u0131t Cinsi:<\/td>\n<td>Kitap Ka\u011f\u0131d\u0131<\/td>\n<\/tr>\n<tr>\n<td>Boyut:<\/td>\n<td>13.5 x 19.5 cm<\/td>\n<\/tr>\n<\/tbody>\n<\/table>","protected":false},"excerpt":{"rendered":"<p><span class=\"info__text\">Divan Edebiyat\u0131, ge\u00e7mi\u015f k\u00fclt\u00fcr\u00fcm\u00fcz\u00fcn e\u015fsiz ve engin hazinelerinden biridir.<br \/>\nDivan edebiyat\u0131n\u0131 anlarsak k\u00fclt\u00fcr\u00fcm\u00fcz\u00fc, neler kaybetti\u011fimizi ve neleri kazanabilece\u011fimizi \u00e7ok daha iyi anlar\u0131z. \u0130\u015fte bu eser bu konuda tam bir rehber.<\/p>\n<p>&#8220;Can Veren Pervaneler&#8221; unutulmaya y\u00fcz tutmu\u015f muhte\u015fem miras\u0131m\u0131z Divan Edebiyat\u0131n\u0131 k\u00fcllerinden yeniden do\u011furmaya namzet ve okuyan herkese can verecek bir eser\u2026<br \/>\nBir sebeple o kadar iltifat etti\u011fi \u015fair B\u00e2k\u00eeye \u00f6fkelenen Kanuni merhum, \u015fiir kudretini konu\u015fturarak onu memleketine s\u00fcrg\u00fcn y\u00f6n\u00fcnde ferman \u0131sd\u00e2r eder:<\/p>\n<p>Tabii biri \u015fairlerin sultan\u0131 biri de Osmanl\u0131 Sultan\u0131 fakat ikisi de g\u00f6n\u00fcllerin sultan\u0131 olunca ortaya a\u015fa\u011f\u0131daki \u015faheserler \u00e7\u0131km\u0131\u015f: &#8220;Baki bed \/ Azm-i b\u00fclend \/ Bursaya red \/ Nefy-i ebed&#8221;<\/p>\n<p>(B\u00e2k\u00ee k\u00f6t\u00fc adam; y\u00fcksek karar\u0131m odur ki -memleketi olan- Bursaya g\u00f6nderilsin, bir daha da g\u00f6z\u00fcm g\u00f6rmesin.)<\/p>\n<p>Bu m\u00fcstesna edebiyat i\u00e7in yine kendi kaleminden netice-i kel\u00e2m: &#8220;Ge\u00e7mi\u015f zaman olur ki hay\u00e2li cih\u00e2n de\u011fer.&#8221;<\/span><\/p>","protected":false},"featured_media":12535,"template":"","meta":{"spay_email":""},"product_cat":[168],"product_tag":[],"item":[702],"acf":[],"_links":{"self":[{"href":"https:\/\/mgvpublications.com\/de\/wp-json\/wp\/v2\/product\/12534"}],"collection":[{"href":"https:\/\/mgvpublications.com\/de\/wp-json\/wp\/v2\/product"}],"about":[{"href":"https:\/\/mgvpublications.com\/de\/wp-json\/wp\/v2\/types\/product"}],"wp:featuredmedia":[{"embeddable":true,"href":"https:\/\/mgvpublications.com\/de\/wp-json\/wp\/v2\/media\/12535"}],"wp:attachment":[{"href":"https:\/\/mgvpublications.com\/de\/wp-json\/wp\/v2\/media?parent=12534"}],"wp:term":[{"taxonomy":"product_cat","embeddable":true,"href":"https:\/\/mgvpublications.com\/de\/wp-json\/wp\/v2\/product_cat?post=12534"},{"taxonomy":"product_tag","embeddable":true,"href":"https:\/\/mgvpublications.com\/de\/wp-json\/wp\/v2\/product_tag?post=12534"},{"taxonomy":"item","embeddable":true,"href":"https:\/\/mgvpublications.com\/de\/wp-json\/wp\/v2\/item?post=12534"}],"curies":[{"name":"wp","href":"https:\/\/api.w.org\/{rel}","templated":true}]}}