{"id":12510,"date":"2020-07-14T21:49:57","date_gmt":"2020-07-14T19:49:57","guid":{"rendered":"https:\/\/dev2.mgvpublications.com\/produkt\/kizil\/"},"modified":"2022-03-08T22:34:50","modified_gmt":"2022-03-08T21:34:50","slug":"kizil","status":"publish","type":"product","link":"https:\/\/mgvpublications.com\/de\/kizil\/","title":{"rendered":"K\u0131z\u0131l"},"content":{"rendered":"<table>\n<tbody>\n<tr>\n<td>\u00c7evirmen:<\/td>\n<td><a href=\"https:\/\/www.kitapyurdu.com\/yazar\/regaip-minareci\/27548.html\" target=\"_blank\" rel=\"noopener\"> Regaip Minareci<\/a><\/td>\n<\/tr>\n<tr>\n<td>Yay\u0131n Tarihi:<\/td>\n<td>09.10.2019<\/td>\n<\/tr>\n<tr>\n<td>Orijinal Ad\u0131:<\/td>\n<td>Scharlach<\/td>\n<\/tr>\n<tr>\n<td>ISBN:<\/td>\n<td>6052954539<\/td>\n<\/tr>\n<tr>\n<td>Bask\u0131 Say\u0131s\u0131:<\/td>\n<td>8. Bask\u0131<\/td>\n<\/tr>\n<tr>\n<td>Dil:<\/td>\n<td>T\u00dcRK\u00c7E<\/td>\n<\/tr>\n<tr>\n<td>Sayfa Say\u0131s\u0131:<\/td>\n<td>72<\/td>\n<\/tr>\n<tr>\n<td>Cilt Tipi:<\/td>\n<td>Karton Kapak<\/td>\n<\/tr>\n<tr>\n<td>Ka\u011f\u0131t Cinsi:<\/td>\n<td>Kitap Ka\u011f\u0131d\u0131<\/td>\n<\/tr>\n<tr>\n<td>Boyut:<\/td>\n<td>12.5 x 20.5 cm<\/td>\n<\/tr>\n<\/tbody>\n<\/table>","protected":false},"excerpt":{"rendered":"<p><span class=\"info__text\">Zweig gen\u00e7lik d\u00f6nemi yap\u0131tlar\u0131ndan K\u0131z\u0131l\u2019da \u00f6\u011frenim i\u00e7in Viyana\u2019ya giden gen\u00e7 bir t\u0131p \u00f6\u011frencisinin b\u00fcy\u00fck kentin ger\u00e7ekli\u011fine uyum sa\u011flama ve yeti\u015fkinli\u011fe ad\u0131m atma s\u00fcrecini anlat\u0131r. Kendini birdenbire ailesinden uzakta so\u011fuk bir odada yapyaln\u0131z bulan bu \u201c\u00e7ocuksu\u201d gen\u00e7 adam, zamanla girdi\u011fi bunal\u0131m\u0131n etkisiyle hayallerinden, ba\u015flang\u0131\u00e7ta b\u00fcy\u00fck bir hevesle sar\u0131ld\u0131\u011f\u0131 t\u0131p e\u011fitiminden vazge\u00e7me noktas\u0131na gelmi\u015ftir. Tam da o g\u00fcnlerde k\u0131z\u0131la yakalanan ve yard\u0131m\u0131na ihtiya\u00e7 duyan bir k\u0131z \u00e7ocu\u011fu onu hayata geri \u00e7a\u011f\u0131r\u0131r\u2026 1908 y\u0131l\u0131na ait bu anlat\u0131, Zweig\u2019\u0131n daha o zamanlar \u00e7oktan bir novella \u00fcstad\u0131 olup \u00e7\u0131kt\u0131\u011f\u0131n\u0131n kan\u0131t\u0131d\u0131r adeta. \u00dcstelik, yazar\u0131n sonraki yap\u0131tlar\u0131nda s\u0131kl\u0131kla kar\u015f\u0131la\u015ft\u0131\u011f\u0131m\u0131z bir teman\u0131n pe\u015fine hen\u00fcz kariyerinin ba\u015f\u0131ndayken d\u00fc\u015ft\u00fc\u011f\u00fcn\u00fc; gaddar bir d\u00fcnyada varolu\u015funu s\u00fcrd\u00fcremeyecek kadar k\u0131r\u0131lgan insanlar\u0131n ac\u0131lar\u0131n\u0131 ba\u015ftan beri dert edindi\u011fini ortaya koyar.<\/span><\/p>","protected":false},"featured_media":12511,"template":"","meta":{"spay_email":""},"product_cat":[167,168],"product_tag":[],"item":[336],"acf":[],"_links":{"self":[{"href":"https:\/\/mgvpublications.com\/de\/wp-json\/wp\/v2\/product\/12510"}],"collection":[{"href":"https:\/\/mgvpublications.com\/de\/wp-json\/wp\/v2\/product"}],"about":[{"href":"https:\/\/mgvpublications.com\/de\/wp-json\/wp\/v2\/types\/product"}],"wp:featuredmedia":[{"embeddable":true,"href":"https:\/\/mgvpublications.com\/de\/wp-json\/wp\/v2\/media\/12511"}],"wp:attachment":[{"href":"https:\/\/mgvpublications.com\/de\/wp-json\/wp\/v2\/media?parent=12510"}],"wp:term":[{"taxonomy":"product_cat","embeddable":true,"href":"https:\/\/mgvpublications.com\/de\/wp-json\/wp\/v2\/product_cat?post=12510"},{"taxonomy":"product_tag","embeddable":true,"href":"https:\/\/mgvpublications.com\/de\/wp-json\/wp\/v2\/product_tag?post=12510"},{"taxonomy":"item","embeddable":true,"href":"https:\/\/mgvpublications.com\/de\/wp-json\/wp\/v2\/item?post=12510"}],"curies":[{"name":"wp","href":"https:\/\/api.w.org\/{rel}","templated":true}]}}