{"id":12480,"date":"2020-07-14T21:16:32","date_gmt":"2020-07-14T19:16:32","guid":{"rendered":"https:\/\/dev2.mgvpublications.com\/produkt\/yusuf-ile-zueleyha-kalbin-uezerinde-titreyen-huezuen\/"},"modified":"2022-03-08T22:34:49","modified_gmt":"2022-03-08T21:34:49","slug":"yusuf-ile-zueleyha-kalbin-uezerinde-titreyen-huezuen","status":"publish","type":"product","link":"https:\/\/mgvpublications.com\/de\/yusuf-ile-zueleyha-kalbin-uezerinde-titreyen-huezuen\/","title":{"rendered":"Yusuf ile Z\u00fcleyha (Kalbin \u00dczerinde Titreyen H\u00fcz\u00fcn)"},"content":{"rendered":"<table>\n<tbody>\n<tr>\n<td>Yay\u0131n Tarihi:<\/td>\n<td>15.10.2019<\/td>\n<\/tr>\n<tr>\n<td>ISBN:<\/td>\n<td>9753625579<\/td>\n<\/tr>\n<tr>\n<td>Bask\u0131 Say\u0131s\u0131:<\/td>\n<td>71. Bask\u0131<\/td>\n<\/tr>\n<tr>\n<td>Dil:<\/td>\n<td>T\u00dcRK\u00c7E<\/td>\n<\/tr>\n<tr>\n<td>Sayfa Say\u0131s\u0131:<\/td>\n<td>224<\/td>\n<\/tr>\n<tr>\n<td>Cilt Tipi:<\/td>\n<td>Karton Kapak<\/td>\n<\/tr>\n<tr>\n<td>Ka\u011f\u0131t Cinsi:<\/td>\n<td>Kitap Ka\u011f\u0131d\u0131<\/td>\n<\/tr>\n<tr>\n<td>Boyut:<\/td>\n<td>13.5 x 21 cm<\/td>\n<\/tr>\n<\/tbody>\n<\/table>","protected":false},"excerpt":{"rendered":"<p><span class=\"info__text\">&#8221;Nas\u0131l herkese duyuruyum da sesimi diyeyim: Bu anlatt\u0131\u011f\u0131n\u0131z ben de\u011filim, ben bu anlatt\u0131\u011f\u0131n\u0131z de\u011filim. Yusuf&#8217;u ben nas\u0131l yerim? Ben Yusuf&#8217;u nas\u0131l yerim?<br \/>\nS\u00f6z\u00fcn\u00fcn bu k\u0131sm\u0131na gelince kurt, nemli g\u00f6zlerinden boncuk gibi ya\u015flar d\u00f6k\u00fclmeye ba\u015flad\u0131. Gri t\u00fcylerle kapl\u0131 g\u00f6\u011fs\u00fc, \u00f6n ayaklar\u0131 \u0131sland\u0131. Bir ah \u00e7ekti derinden derine. Islak burnu daha \u0131sland\u0131. Ve devam etti:<br \/>\nBen \u015fimdi ad\u0131m\u0131 nas\u0131l temize \u00e7\u0131karay\u0131m, aln\u0131ma s\u00fcr\u00fclen bu kapkara lekeyi neyle, nas\u0131l y\u0131kayay\u0131m? \u00d6yle bir leke ki de\u011fil bana, yeter k\u0131yametin kopaca\u011f\u0131 g\u00fcne de\u011fin gelip ge\u00e7ecek t\u00fcm torunlar\u0131ma.<br \/>\nTek murad\u0131m, b\u00fct\u00fcn yarat\u0131lm\u0131\u015flar\u0131n sahibi olan Tanr\u0131m, bu ay\u0131pla ya\u015fatmas\u0131n beni. Ya als\u0131n yeni do\u011fmu\u015f b\u00fct\u00fcn kurt yavrular\u0131yla birlikte can\u0131m\u0131, kurt neslinin dal\u0131 yapra\u011f\u0131 burada kesilsin, ya da ad\u0131m temize \u00e7\u0131ks\u0131n.<\/span><\/p>","protected":false},"featured_media":12481,"template":"","meta":{"spay_email":""},"product_cat":[168],"product_tag":[],"item":[360],"acf":[],"_links":{"self":[{"href":"https:\/\/mgvpublications.com\/de\/wp-json\/wp\/v2\/product\/12480"}],"collection":[{"href":"https:\/\/mgvpublications.com\/de\/wp-json\/wp\/v2\/product"}],"about":[{"href":"https:\/\/mgvpublications.com\/de\/wp-json\/wp\/v2\/types\/product"}],"wp:featuredmedia":[{"embeddable":true,"href":"https:\/\/mgvpublications.com\/de\/wp-json\/wp\/v2\/media\/12481"}],"wp:attachment":[{"href":"https:\/\/mgvpublications.com\/de\/wp-json\/wp\/v2\/media?parent=12480"}],"wp:term":[{"taxonomy":"product_cat","embeddable":true,"href":"https:\/\/mgvpublications.com\/de\/wp-json\/wp\/v2\/product_cat?post=12480"},{"taxonomy":"product_tag","embeddable":true,"href":"https:\/\/mgvpublications.com\/de\/wp-json\/wp\/v2\/product_tag?post=12480"},{"taxonomy":"item","embeddable":true,"href":"https:\/\/mgvpublications.com\/de\/wp-json\/wp\/v2\/item?post=12480"}],"curies":[{"name":"wp","href":"https:\/\/api.w.org\/{rel}","templated":true}]}}