{"id":12470,"date":"2020-07-14T21:07:52","date_gmt":"2020-07-14T19:07:52","guid":{"rendered":"https:\/\/dev2.mgvpublications.com\/produkt\/modern-duenyanin-bunalimi\/"},"modified":"2022-03-08T22:34:46","modified_gmt":"2022-03-08T21:34:46","slug":"modern-duenyanin-bunalimi","status":"publish","type":"product","link":"https:\/\/mgvpublications.com\/de\/modern-duenyanin-bunalimi\/","title":{"rendered":"Modern D\u00fcnyan\u0131n Bunal\u0131m\u0131"},"content":{"rendered":"<table>\n<tbody>\n<tr>\n<td>\u00c7evirmen:<\/td>\n<td><a href=\"https:\/\/www.kitapyurdu.com\/yazar\/mahmut-kanik\/24.html\" target=\"_blank\" rel=\"noopener\"> Mahmut Kan\u0131k<\/a><\/td>\n<\/tr>\n<tr>\n<td>Yay\u0131n Tarihi:<\/td>\n<td>04.11.2019<\/td>\n<\/tr>\n<tr>\n<td>ISBN:<\/td>\n<td>9755748016<\/td>\n<\/tr>\n<tr>\n<td>Bask\u0131 Say\u0131s\u0131:<\/td>\n<td>4. Bask\u0131<\/td>\n<\/tr>\n<tr>\n<td>Dil:<\/td>\n<td>T\u00dcRK\u00c7E<\/td>\n<\/tr>\n<tr>\n<td>Sayfa Say\u0131s\u0131:<\/td>\n<td>212<\/td>\n<\/tr>\n<tr>\n<td>Cilt Tipi:<\/td>\n<td>Karton Kapak<\/td>\n<\/tr>\n<tr>\n<td>Ka\u011f\u0131t Cinsi:<\/td>\n<td>Kitap Ka\u011f\u0131d\u0131<\/td>\n<\/tr>\n<tr>\n<td>Boyut:<\/td>\n<td>16 x 23.5 cm<\/td>\n<\/tr>\n<\/tbody>\n<\/table>","protected":false},"excerpt":{"rendered":"<p><span class=\"info__text\">Ren\u00e9 Gu\u00e9non, her \u015feyden \u00f6nce bu \u00e7a\u011f\u0131n bir tan\u0131\u011f\u0131d\u0131r. Modern d\u00fcnya bu \u00e7a\u011fda bir \u00f6l\u00fcmc\u00fcl ini\u015fe ge\u00e7ti. Ren\u00e9 Gu\u00e9non, insanl\u0131k \u00e7evriminin sonu gelmeden olaylara yorum getirecek, \u00e7a\u011fda\u015f yan\u0131lsamalar\u0131n tuza\u011f\u0131ndan insan\u0131 kurtaracak yeni bir bulgunun ilk i\u015faretlerini vermi\u015ftir.<br \/>\nModern d\u00fcnya, bu \u00f6l\u00fcmc\u00fcl ini\u015fle u\u00e7urumun ta dibine mi inecek; yoksa Yunan-Latin uygarl\u0131\u011f\u0131n\u0131n \u00e7\u00f6k\u00fc\u015f\u00fcnde oldu\u011fu gibi, s\u00fcr\u00fcklendi\u011fi u\u00e7urumun dibine varmadan \u00f6nce, yeniden bir dirili\u015f mi ger\u00e7ekle\u015fecek? \u00d6yle g\u00f6r\u00fcn\u00fcyor ki, yar\u0131 yolda duru\u015f art\u0131k hi\u00e7 m\u00fcmk\u00fcn de\u011fil. Ayr\u0131ca, geleneksel \u00f6\u011fretilerce verilen bilgilere g\u00f6re, <em>Kali-Yuga\u2019<\/em>n\u0131n son safhas\u0131na, bu \u201cKaranl\u0131k \u00c7a\u011f\u201d\u0131n en karanl\u0131k d\u00f6nemine ger\u00e7ekten girmi\u015f durumday\u0131z. \u00c7\u00fcnk\u00fc, gerekli olan basit bir do\u011frulma de\u011fil, b\u00fct\u00fcnsel bir yenilenmedir. Her alanda bir d\u00fczensizlik ve bir bunal\u0131m h\u00fck\u00fcm s\u00fcrmektedir. Eskiden g\u00f6r\u00fclm\u00fc\u015f olan bunal\u0131mlar\u0131n s\u0131n\u0131r\u0131n\u0131 a\u015fan bir noktaya gelinmi\u015ftir. \u015eimdiyse Bat\u0131\u2019dan ba\u015flayarak b\u00fct\u00fcn d\u00fcnyay\u0131 istil\u00e2 edecek gibi g\u00f6z\u00fckmektedir. \u00c7ok iyi biliyoruz ki onlar\u0131n zaferi ancak ge\u00e7ici ve g\u00f6r\u00fcn\u00fc\u015ftedir. Ama \u00f6yle bir a\u015famada, insanl\u0131\u011f\u0131n g\u00fcncel \u00e7evrim boyunca ge\u00e7irece\u011fi en ciddi bunal\u0131m i\u015fareti de olabilir.<br \/>\nDurumun ciddiyeti g\u00f6rmezlikten gelinmemelidir. Hi\u00e7bir \u201ciyimserlik\u201d ya da \u201ck\u00f6t\u00fcmserli\u011fe\u201d kap\u0131lmadan, onu oldu\u011fu gibi ele almak uygun olur. \u00c7\u00fcnk\u00fc, daha \u00f6nce de s\u00f6yledi\u011fimiz gibi, eski d\u00fcnyan\u0131n sonu yeni bir d\u00fcnyan\u0131n ba\u015flang\u0131c\u0131 olacakt\u0131r.<br \/>\nRen\u00e9 Gu\u00e9non, <em>Modern D\u00fcnyan\u0131n Bunal\u0131m\u0131<\/em>\u2019nda ileri s\u00fcrd\u00fc\u011f\u00fc tezi, <em>Niceli\u011fin\u00a0 Egemenli\u011fi ve \u00c7a\u011f\u0131n Al\u00e2metleri,<\/em> <em>\u0130nisiyasyona Toplu Bak\u0131\u015flar, Do\u011fu ve Bat\u0131<\/em>\u00a0 gibi eserlerinde daha da geli\u015ftirmi\u015ftir.<\/span><\/p>","protected":false},"featured_media":12471,"template":"","meta":{"spay_email":""},"product_cat":[168],"product_tag":[],"item":[503],"acf":[],"_links":{"self":[{"href":"https:\/\/mgvpublications.com\/de\/wp-json\/wp\/v2\/product\/12470"}],"collection":[{"href":"https:\/\/mgvpublications.com\/de\/wp-json\/wp\/v2\/product"}],"about":[{"href":"https:\/\/mgvpublications.com\/de\/wp-json\/wp\/v2\/types\/product"}],"wp:featuredmedia":[{"embeddable":true,"href":"https:\/\/mgvpublications.com\/de\/wp-json\/wp\/v2\/media\/12471"}],"wp:attachment":[{"href":"https:\/\/mgvpublications.com\/de\/wp-json\/wp\/v2\/media?parent=12470"}],"wp:term":[{"taxonomy":"product_cat","embeddable":true,"href":"https:\/\/mgvpublications.com\/de\/wp-json\/wp\/v2\/product_cat?post=12470"},{"taxonomy":"product_tag","embeddable":true,"href":"https:\/\/mgvpublications.com\/de\/wp-json\/wp\/v2\/product_tag?post=12470"},{"taxonomy":"item","embeddable":true,"href":"https:\/\/mgvpublications.com\/de\/wp-json\/wp\/v2\/item?post=12470"}],"curies":[{"name":"wp","href":"https:\/\/api.w.org\/{rel}","templated":true}]}}