{"id":12462,"date":"2020-07-14T20:57:58","date_gmt":"2020-07-14T18:57:58","guid":{"rendered":"https:\/\/dev2.mgvpublications.com\/produkt\/kuran-okurken-zihne-takilan-ayetler\/"},"modified":"2022-03-08T22:34:46","modified_gmt":"2022-03-08T21:34:46","slug":"kuran-okurken-zihne-takilan-ayetler","status":"publish","type":"product","link":"https:\/\/mgvpublications.com\/de\/kuran-okurken-zihne-takilan-ayetler\/","title":{"rendered":"Kur&#8217;an Okurken Zihne Tak\u0131lan Ayetler"},"content":{"rendered":"<div>Yay\u0131n Tarihi: 06.03.2012<\/div>\n<div>ISBN: 6054533145<\/div>\n<div>Bask\u0131 Say\u0131s\u0131: 1. Bask\u0131<\/div>\n<div>Dil: T\u00dcRK\u00c7E<\/div>\n<div>Sayfa Say\u0131s\u0131: 641<\/div>\n<div>Cilt Tipi: Karton Kapak<\/div>\n<div>Ka\u011f\u0131t Cinsi: Kitap Ka\u011f\u0131d\u0131<\/div>\n<div>Boyut: 13.5 x 21 cm<\/div>","protected":false},"excerpt":{"rendered":"<p>Kur\u2019an, her \u015feyi ile Allah\u2019tan geldi\u011fi i\u00e7in her t\u00fcrl\u00fc \u00e7eli\u015fki ve tutars\u0131zl\u0131ktan m\u00fcnezzehtir.Bu \u00f6zelli\u011fi di\u011fer hi\u00e7bir eser i\u00e7in s\u00f6ylememiz m\u00fcmk\u00fcn de\u011fildir. S\u00f6zgelimi birka\u00e7 m\u0131sral\u0131k bir \u015fiir veya birka\u00e7 c\u00fcmleden meydana gelmi\u015f bir nesirde bile ihtilaf ve eksikli\u011fi g\u00f6rmek m\u00fcmk\u00fcnd\u00fcr. Kur\u2019an\u2019da anlama problemi bulunan baz\u0131 \u00e2yet veya laf\u0131zlar\u0131n bulunmas\u0131 onun a\u00e7\u0131k fasih ve kolay olma \u00f6zelliklerine halel getirmez. Bu insanlar\u0131n anlay\u0131\u015f farkl\u0131l\u0131\u011f\u0131, zeka durumlar\u0131, ilim seviyeleri, me\u015frep ve mezhep anlay\u0131\u015flar\u0131n\u0131n<br \/>\nde\u011fi\u015fik olmas\u0131ndan kaynaklanmaktad\u0131r. Bug\u00fcn i\u00e7in tefsir sahas\u0131nda yap\u0131lacak \u00e7al\u0131\u015fmalarda en \u00e7ok \u00fczerinde durulmas\u0131 gereken konunun, Kur\u2019an\u2019\u0131n en do\u011fru bi\u00e7imde anla\u015f\u0131lmas\u0131na y\u00f6nelik olan\u0131 oldu\u011funa inanmaktay\u0131z.<\/p>","protected":false},"featured_media":14422,"template":"","meta":{"spay_email":""},"product_cat":[166],"product_tag":[],"item":[1320],"acf":[],"_links":{"self":[{"href":"https:\/\/mgvpublications.com\/de\/wp-json\/wp\/v2\/product\/12462"}],"collection":[{"href":"https:\/\/mgvpublications.com\/de\/wp-json\/wp\/v2\/product"}],"about":[{"href":"https:\/\/mgvpublications.com\/de\/wp-json\/wp\/v2\/types\/product"}],"wp:featuredmedia":[{"embeddable":true,"href":"https:\/\/mgvpublications.com\/de\/wp-json\/wp\/v2\/media\/14422"}],"wp:attachment":[{"href":"https:\/\/mgvpublications.com\/de\/wp-json\/wp\/v2\/media?parent=12462"}],"wp:term":[{"taxonomy":"product_cat","embeddable":true,"href":"https:\/\/mgvpublications.com\/de\/wp-json\/wp\/v2\/product_cat?post=12462"},{"taxonomy":"product_tag","embeddable":true,"href":"https:\/\/mgvpublications.com\/de\/wp-json\/wp\/v2\/product_tag?post=12462"},{"taxonomy":"item","embeddable":true,"href":"https:\/\/mgvpublications.com\/de\/wp-json\/wp\/v2\/item?post=12462"}],"curies":[{"name":"wp","href":"https:\/\/api.w.org\/{rel}","templated":true}]}}