{"id":12456,"date":"2020-07-14T20:46:31","date_gmt":"2020-07-14T18:46:31","guid":{"rendered":"https:\/\/dev2.mgvpublications.com\/produkt\/dijital-psikolojik-devrim\/"},"modified":"2022-03-08T22:34:46","modified_gmt":"2022-03-08T21:34:46","slug":"dijital-psikolojik-devrim","status":"publish","type":"product","link":"https:\/\/mgvpublications.com\/de\/dijital-psikolojik-devrim\/","title":{"rendered":"Dijital Psikolojik Devrim"},"content":{"rendered":"<div>Yay\u0131n Tarihi: 20.02.2019<\/div>\n<div>ISBN: 6052173169<\/div>\n<div>Bask\u0131 Say\u0131s\u0131: 2. Bask\u0131<\/div>\n<div>Dil: T\u00dcRK\u00c7E<\/div>\n<div>Sayfa Say\u0131s\u0131: 154<\/div>\n<div>Cilt Tipi: Karton Kapak<\/div>\n<div>Ka\u011f\u0131t Cinsi: Kitap Ka\u011f\u0131d\u0131<\/div>\n<div>Boyut: 13.5 x 21 cm<\/div>","protected":false},"excerpt":{"rendered":"<p>Dijital G\u00f6\u00e7menler Kimler?<br \/>\nDijital Sa\u011f\u0131rl\u0131k<br \/>\nDe\u011fi\u015fen Su\u00e7 Tan\u0131m\u0131!<br \/>\nDijital K\u00f6lelik<br \/>\nGer\u00e7eklik \u0130lkesinin Yitimi<br \/>\nDijital Zombilik<br \/>\nYapay Zeka ve Aile<br \/>\nKatil Robotlar\u0131 Durdurun!<br \/>\nDijital Ekonominin Vergi \u00d6demeyen Krallar\u0131!<\/p>\n<p>\u0130leti\u015fim tasar\u0131mc\u0131s\u0131 Murat Da\u011f\u0131tma\u00e7 ve N\u00f6ropsikolog \u015eehadet Ekmen dijital d\u00fcnyan\u0131n ge\u00e7mi\u015fi, \u015fimdisi, gelece\u011fi; insanl\u0131\u011fa getirileri, insanl\u0131ktan \u00e7ald\u0131klar\u0131 ve insan psikolojisine etkilerini her y\u00f6n\u00fcyle ele alan bir kitap yay\u0131mlad\u0131. \u201cDijital Psikolojik Devrim\u201d ad\u0131yla Motto Yay\u0131nlar\u0131 taraf\u0131ndan sat\u0131\u015fa sunulan kitap; hem dijital devrime yeti\u015febilmek hem de olumsuz etkilerinden korunabilmek ad\u0131na \u00f6nemli tavsiyeler i\u00e7eriyor.<br \/>\n\u201cBa\u015f\u0131ma \u0130cad \u00c7\u0131kar!\u201d<br \/>\nKitab\u0131n \u00f6ns\u00f6z\u00fcnde, t\u00fcketirken t\u00fckenen bir toplum olmamak i\u00e7in baz\u0131 ihtarlar yer almakla beraber \u00e7ocuklar\u0131m\u0131za s\u0131kl\u0131kla kulland\u0131\u011f\u0131m\u0131z \u201cBa\u015f\u0131ma icat \u00e7\u0131karma!\u201d s\u00f6z\u00fcn\u00fc \u201c\u0130cat \u00e7\u0131kar!\u201d s\u00f6z\u00fcyle de\u011fi\u015ftirmemiz gerekti\u011fi de vurgulan\u0131yor.<br \/>\nT\u00fcrkiye\u2019deki Gen\u00e7lerin T\u00fcm Davran\u0131\u015f \u015eekilleri Kay\u0131t Alt\u0131nda<br \/>\nD\u00fcnyada en \u00e7ok kullan\u0131lan mesajla\u015fma uygulamalar\u0131n\u0131n da haritaland\u0131r\u0131ld\u0131\u011f\u0131 kitapta; sosyal a\u011f kullan\u0131m\u0131yla, \u00fclkemizdeki 16-24 ya\u015f aras\u0131ndaki gen\u00e7lerin t\u00fcm davran\u0131\u015f \u015fekillerinin hem sosyolojik olarak hem de psikolojik olarak \u00e7\u0131kart\u0131lm\u0131\u015f oldu\u011fu iddias\u0131 yer al\u0131yor.<br \/>\nSanal Alemde \u201cOnline\u201d Olan \u00d6l\u00fcler: Dijital Zombiler<br \/>\n\u00d6len ki\u015filerin sosyal medyas\u0131n\u0131 aktif hale getirerek onlar\u0131n h\u00e2l\u00e2 hayatta oldu\u011fu ve ya\u015famlar\u0131na devam etti\u011fi alg\u0131s\u0131 yaratan bu \u00e7al\u0131\u015fmalar ilk kez 2007 y\u0131l\u0131nda ortaya \u00e7\u0131k\u0131yor. Amerika\u2019da bir okulda \u00f6len \u00f6\u011frencilerin arkada\u015flar\u0131 ve aileleri onlar\u0131n Facebook\u2019ta \u201cya\u015f\u0131yor\u201d olarak g\u00f6r\u00fcnmelerini talep ediyor.<br \/>\nAmerika\u2019da bulunan Eternime ve LifeNaut adl\u0131 \u015firketler bu alanda \u00e7al\u0131\u015fmalar\u0131n\u0131 s\u00fcrd\u00fcr\u00fcyor. Ki\u015fiye ait t\u00fcm bilgiler ve ge\u00e7mi\u015findeki t\u00fcm dijital hareketler veri olarak al\u0131n\u0131yor, yapay zeka algoritmas\u0131 kullan\u0131larak \u00f6lenlerin sanal alemde online olaca\u011f\u0131 yeni bir \u2018S\u0130Z\u2019 avatar\u0131 meydana getiriliyor. Microsoft ara\u015ft\u0131rma merkezinin siber ya da dijital olarak niteledi\u011fi bu yeni \u201csiz\u201dlerin \u00f6\u011frenmeye ve evrimle\u015fmeye devam edece\u011fini s\u00f6yl\u00fcyor.<br \/>\nDijital Din \/ Yapay Zek\u00e2n\u0131n G\u00f6r\u00fcnmeyen G\u00fc\u00e7lerle Ruhani Ba\u011flant\u0131s\u0131<br \/>\nYapay zek\u00e2n\u0131n t\u00fcm i\u015f kollar\u0131nda aktif hale gelip insanlar\u0131 i\u015fsiz b\u0131rakaca\u011f\u0131 s\u00f6ylemi, kitapta daha \u00f6nce \u00fczerinde fazla durulmam\u0131\u015f bir konunun ba\u015fl\u0131\u011fa ta\u015f\u0131nmas\u0131na sebep olmu\u015f. \u201cDijitalle\u015fen Din\u201d ad\u0131nda a\u00e7\u0131lan ba\u015fl\u0131\u011f\u0131n alt\u0131nda ilk olarak \u201cSosyal Medya Dindarl\u0131\u011f\u0131\u201d ele al\u0131nm\u0131\u015f. Ayn\u0131 ana ba\u015fl\u0131k alt\u0131nda ele al\u0131nan bir di\u011fer konu ise \u201cDijital D\u00fcnyada Olmayan Din!\u201d<br \/>\nYazarlar bu noktada \u015fu soruyu y\u00f6neltiyor: \u201cYapay zek\u00e2l\u0131 bir robot imam olabilir mi? \u0130mam\u0131n \u00e2k\u0131l-b\u00e2li\u011f olmas\u0131 \u015fart\u0131, erkek olmas\u0131 \u015fart\u0131 vb. kurallar g\u00f6z \u00f6n\u00fcne al\u0131nd\u0131\u011f\u0131nda bu robotun arkas\u0131nda namaz k\u0131lmak caiz mi?\u201d.<\/p>","protected":false},"featured_media":15986,"template":"","meta":{"spay_email":""},"product_cat":[175],"product_tag":[],"item":[704],"acf":[],"_links":{"self":[{"href":"https:\/\/mgvpublications.com\/de\/wp-json\/wp\/v2\/product\/12456"}],"collection":[{"href":"https:\/\/mgvpublications.com\/de\/wp-json\/wp\/v2\/product"}],"about":[{"href":"https:\/\/mgvpublications.com\/de\/wp-json\/wp\/v2\/types\/product"}],"wp:featuredmedia":[{"embeddable":true,"href":"https:\/\/mgvpublications.com\/de\/wp-json\/wp\/v2\/media\/15986"}],"wp:attachment":[{"href":"https:\/\/mgvpublications.com\/de\/wp-json\/wp\/v2\/media?parent=12456"}],"wp:term":[{"taxonomy":"product_cat","embeddable":true,"href":"https:\/\/mgvpublications.com\/de\/wp-json\/wp\/v2\/product_cat?post=12456"},{"taxonomy":"product_tag","embeddable":true,"href":"https:\/\/mgvpublications.com\/de\/wp-json\/wp\/v2\/product_tag?post=12456"},{"taxonomy":"item","embeddable":true,"href":"https:\/\/mgvpublications.com\/de\/wp-json\/wp\/v2\/item?post=12456"}],"curies":[{"name":"wp","href":"https:\/\/api.w.org\/{rel}","templated":true}]}}