{"id":12445,"date":"2020-07-14T16:37:52","date_gmt":"2020-07-14T14:37:52","guid":{"rendered":"https:\/\/dev2.mgvpublications.com\/produkt\/tefsir-usulue\/"},"modified":"2024-11-04T00:22:05","modified_gmt":"2024-11-03T23:22:05","slug":"tefsir-usulue","status":"publish","type":"product","link":"https:\/\/mgvpublications.com\/de\/tefsir-usulue\/","title":{"rendered":"Tefsir Usul\u00fc"},"content":{"rendered":"<p>Yay\u0131n Tarihi: 18.03.2021<br \/>ISBN: 9789755481852<br \/>Dil: T\u00dcRK\u00c7E<br \/>Sayfa Say\u0131s\u0131: 360<br \/>Cilt Tipi: Karton Kapak<br \/>Ka\u011f\u0131t Cinsi: Kitap Ka\u011f\u0131d\u0131<br \/>Boyut: 16 x 24 cm<\/p>","protected":false},"excerpt":{"rendered":"<p>Bilindi\u011fi gibi Kur&#8217;an \u0130slam&#8217;\u0131n inan\u00e7, ibadet ve ahlak esaslar\u0131n\u0131n yan\u0131s\u0131ra, d\u00fcnya ve ahiretle ilgili di\u011fer konularda da a\u015fk\u0131n ilkeler koyan y\u00fcce bir kitapt\u0131r. Bu y\u00fczdendir ki, m\u00fcsl\u00fcmanlar onun telkin etti\u011fi y\u00fcksek idealleri kendilerine rehber edinmi\u015fler ve hikmet dolu ifadelerini inceleme konusunda ola\u011fan\u00fcst\u00fc bir gayret ve titizlik g\u00f6stermi\u015flerdir. Hz.Peygamber s.a.v ile ba\u015flayan bu gayretler, sahabilerden tabiilere ve onlardan da daha sonraki nesillere intikal ederek zaman\u0131m\u0131za kadar gelmi\u015ftir.<\/p>","protected":false},"featured_media":20854,"template":"","meta":{"spay_email":""},"product_cat":[174],"product_tag":[],"item":[1139],"acf":[],"_links":{"self":[{"href":"https:\/\/mgvpublications.com\/de\/wp-json\/wp\/v2\/product\/12445"}],"collection":[{"href":"https:\/\/mgvpublications.com\/de\/wp-json\/wp\/v2\/product"}],"about":[{"href":"https:\/\/mgvpublications.com\/de\/wp-json\/wp\/v2\/types\/product"}],"wp:featuredmedia":[{"embeddable":true,"href":"https:\/\/mgvpublications.com\/de\/wp-json\/wp\/v2\/media\/20854"}],"wp:attachment":[{"href":"https:\/\/mgvpublications.com\/de\/wp-json\/wp\/v2\/media?parent=12445"}],"wp:term":[{"taxonomy":"product_cat","embeddable":true,"href":"https:\/\/mgvpublications.com\/de\/wp-json\/wp\/v2\/product_cat?post=12445"},{"taxonomy":"product_tag","embeddable":true,"href":"https:\/\/mgvpublications.com\/de\/wp-json\/wp\/v2\/product_tag?post=12445"},{"taxonomy":"item","embeddable":true,"href":"https:\/\/mgvpublications.com\/de\/wp-json\/wp\/v2\/item?post=12445"}],"curies":[{"name":"wp","href":"https:\/\/api.w.org\/{rel}","templated":true}]}}