{"id":12437,"date":"2020-07-14T15:17:15","date_gmt":"2020-07-14T13:17:15","guid":{"rendered":"https:\/\/dev2.mgvpublications.com\/produkt\/yanlis-bilinen-150-sey\/"},"modified":"2022-03-08T22:34:45","modified_gmt":"2022-03-08T21:34:45","slug":"yanlis-bilinen-150-sey","status":"publish","type":"product","link":"https:\/\/mgvpublications.com\/de\/yanlis-bilinen-150-sey\/","title":{"rendered":"Yanl\u0131\u015f Bilinen 150 \u015eey"},"content":{"rendered":"<div class=\"attributes\">\n<table>\n<tbody>\n<tr>\n<td>\u00c7evirmen:<\/td>\n<td><a href=\"https:\/\/www.kitapyurdu.com\/yazar\/mustafa-das\/33712.html\" target=\"_blank\" rel=\"noopener\">Mustafa Da\u015f<\/a><\/td>\n<\/tr>\n<tr>\n<td>Yay\u0131n Tarihi:<\/td>\n<td>02.03.2020<\/td>\n<\/tr>\n<tr>\n<td>ISBN:<\/td>\n<td>6056962097<\/td>\n<\/tr>\n<tr>\n<td>Bask\u0131 Say\u0131s\u0131:<\/td>\n<td>1. Bask\u0131<\/td>\n<\/tr>\n<tr>\n<td>Dil:<\/td>\n<td>T\u00dcRK\u00c7E<\/td>\n<\/tr>\n<tr>\n<td>Sayfa Say\u0131s\u0131:<\/td>\n<td>160<\/td>\n<\/tr>\n<tr>\n<td>Cilt Tipi:<\/td>\n<td>Karton Kapak<\/td>\n<\/tr>\n<tr>\n<td>Ka\u011f\u0131t Cinsi:<\/td>\n<td>Kitap Ka\u011f\u0131d\u0131<\/td>\n<\/tr>\n<tr>\n<td>Boyut:<\/td>\n<td>15 x 21 cm<\/td>\n<\/tr>\n<\/tbody>\n<\/table>\n<\/div>","protected":false},"excerpt":{"rendered":"<p>\u0130nsanlar 5 duyuya sahiptirler YANLI\u015e!<br \/>\nMoli\u00e8re sahnede \u00f6lm\u00fc\u015ft\u00fcr Y\u0130NE YANLI\u015e<br \/>\nKleopatra M\u0131s\u0131rl\u0131 bir krali\u00e7edir HER DA\u0130M YANLI\u015e<\/p>\n<p>A\u015f\u0131lanm\u0131\u015f fikirlere, \u00f6nyarg\u0131lara, s\u00f6ylentilere ve bize hayat\u0131 zorla\u015ft\u0131ran di\u011fer efsanelere son vermek i\u00e7in Louis-Guillaume Kan-Lacas b\u00fcy\u00fcklere oldu\u011fu kadar k\u00fc\u00e7\u00fcklere de hitap ediyor. D\u00fcn\u00fcn ve bug\u00fcn\u00fcn bilgilerini yeniden olu\u015fturmak maksad\u0131yla b\u00fct\u00fcn konular\u0131 g\u00f6zden ge\u00e7iriyor.<br \/>\nYazar, bilinmesi gerekenler \u00fczerine, s\u00f6ylenti a\u011f\u0131n\u0131n en b\u00fcy\u00fck ba\u015far\u0131lar\u0131ndan baz\u0131lar\u0131n\u0131 mizah ve sadelikle yeniden ele al\u0131yor, genel k\u00fclt\u00fcr\u00fcn\u00fcz\u00fc geli\u015ftirirken emin oldu\u011funuz bilgileri sars\u0131yor.<\/p>","protected":false},"featured_media":12438,"template":"","meta":{"spay_email":""},"product_cat":[170],"product_tag":[],"item":[1133],"acf":[],"_links":{"self":[{"href":"https:\/\/mgvpublications.com\/de\/wp-json\/wp\/v2\/product\/12437"}],"collection":[{"href":"https:\/\/mgvpublications.com\/de\/wp-json\/wp\/v2\/product"}],"about":[{"href":"https:\/\/mgvpublications.com\/de\/wp-json\/wp\/v2\/types\/product"}],"wp:featuredmedia":[{"embeddable":true,"href":"https:\/\/mgvpublications.com\/de\/wp-json\/wp\/v2\/media\/12438"}],"wp:attachment":[{"href":"https:\/\/mgvpublications.com\/de\/wp-json\/wp\/v2\/media?parent=12437"}],"wp:term":[{"taxonomy":"product_cat","embeddable":true,"href":"https:\/\/mgvpublications.com\/de\/wp-json\/wp\/v2\/product_cat?post=12437"},{"taxonomy":"product_tag","embeddable":true,"href":"https:\/\/mgvpublications.com\/de\/wp-json\/wp\/v2\/product_tag?post=12437"},{"taxonomy":"item","embeddable":true,"href":"https:\/\/mgvpublications.com\/de\/wp-json\/wp\/v2\/item?post=12437"}],"curies":[{"name":"wp","href":"https:\/\/api.w.org\/{rel}","templated":true}]}}