{"id":12435,"date":"2020-07-14T14:05:28","date_gmt":"2020-07-14T12:05:28","guid":{"rendered":"https:\/\/dev2.mgvpublications.com\/produkt\/faust-tam-metin\/"},"modified":"2022-03-08T22:34:45","modified_gmt":"2022-03-08T21:34:45","slug":"faust-tam-metin","status":"publish","type":"product","link":"https:\/\/mgvpublications.com\/de\/faust-tam-metin\/","title":{"rendered":"Faust (Tam Metin)"},"content":{"rendered":"<p>\u00c7evirmen:<a href=\"https:\/\/www.kitapyurdu.com\/yazar\/iclal-cankorel\/23504.html\" target=\"_blank\" rel=\"noopener\">\u0130clal Cankorel<\/a><\/p>\n<p>Yay\u0131n Tarihi:29.08.2019<\/p>\n<p>ISBN:9758717774<\/p>\n<p>Bask\u0131 Say\u0131s\u0131:7.<\/p>\n<p>Bask\u0131Dil:T\u00dcRK\u00c7E<\/p>\n<p>Sayfa Say\u0131s\u0131:575<\/p>\n<p>Cilt Tipi:Karton Kapak<\/p>\n<p>Ka\u011f\u0131t Cinsi:Kitap Ka\u011f\u0131d\u0131<\/p>\n<p>Boyut:14 x 21 cm<\/p>","protected":false},"excerpt":{"rendered":"<p>\u00d6nce halk efsanelerinde, ad\u0131 me\u00e7hule kar\u0131\u015fm\u0131\u015f ozanlar s\u00f6ylediler bu ate\u015fin hikayeyi.<br \/>\nSonra edebiyat\u00e7\u0131lar ke\u015ffettiler, eski kroniklerin i\u00e7inde ilgin\u00e7 \u00f6yk\u00fcler ararlarken.<br \/>\nKimler kalemini sivriltmedi ki \u015feytanla insan\u0131n gizli mukavelesini ademo\u011fluna f\u0131s\u0131ldamak i\u00e7in.<br \/>\nAma i\u00e7lerinde en \u00f6l\u00fcms\u00fcz olan\u0131, m\u00fcjdeyi ve l\u00e2neti t\u00fcm ruhlar\u0131 sarsarcas\u0131na hayk\u0131ran\u0131, Goethe&#8217;nin Faust&#8217;uydu.<br \/>\nFaust, modernitenin trajedisini haber veren ilk b\u00fcy\u00fck yap\u0131t oldu.<\/p>\n<p>Kimin kazand\u0131\u011f\u0131 ve kimin kimi kand\u0131rd\u0131\u011f\u0131 belli olmayan bir irade sava\u015f\u0131yd\u0131 anlat\u0131lan.<br \/>\nHik\u00e2yenin \u00f6zeti \u015fuydu: \u015eeytan Tanr\u0131&#8217;ya meydan okudu, sava\u015f\u0131n sonunu bile bile. \u00c7\u00fcnk\u00fc yarat\u0131l\u0131\u015f \u00f6yk\u00fcs\u00fcn\u00fc bilmeyen<br \/>\nmelek olamazd\u0131. L\u00e2kin kendi \u00f6yk\u00fcs\u00fcn\u00fc unutan insan devreye girdi\u011finde bu meydan okuma, b\u00fcy\u00fck bir soru i\u015faretine d\u00f6n\u00fc\u015ft\u00fc. Belki \u015feytan i\u00e7in de\u011fil, ama kesinlikle insan i\u00e7in&#8230;<br \/>\n\u015eeytan bir soru i\u015fareti, ruh bir soru i\u015fareti, insan: ard\u0131 s\u0131ra dizili soru i\u015faretleri&#8230;<\/p>\n<p>Ve insan\u0131n yery\u00fcz\u00fcndeki devr-i daimi ba\u015flad\u0131\u011f\u0131 anda, ruhun \u00fczerine yap\u0131lan pazarl\u0131klar ve olas\u0131 mukavelelerin de d\u00f6nemi a\u00e7\u0131ld\u0131.<br \/>\nBu mukaveleden habersiz bir ademo\u011flu olmad\u0131. O, her zaman, pazarl\u0131\u011f\u0131n bir taraf\u0131yd\u0131.<br \/>\nBelki de bu y\u00fczden, kendini okumak isteyen herkes p\u00fcr dikkat, kulak kesildi bu hikayeye: \u201dKimdir Faust? \u015eeytan&#8217;a m\u0131 verdi ruhunu? Nas\u0131l bir s\u00f6zle\u015fmeydi bu?<br \/>\nKendimizi ba\u015fkalar\u0131ndan dinlemek, en sevdi\u011fimiz mesle\u011fimiz de\u011fil midir?<\/p>\n<p>O halde herkesin v\u00e2k\u0131f oldu\u011fu bir temay\u0131, ya\u015fam\u0131 efsanele\u015fmi\u015f bir karakterin omuzlar\u0131na y\u00fckleyerek anlatan<br \/>\nGoethe&#8217;ye kulak verelim&#8230;<br \/>\nT\u00fcm ya\u015fam\u0131n\u0131 adad\u0131\u011f\u0131 \u00f6l\u00fcms\u00fcz eseri Faust&#8217;a&#8230;<\/p>","protected":false},"featured_media":12436,"template":"","meta":{"spay_email":""},"product_cat":[168],"product_tag":[],"item":[1492],"acf":[],"_links":{"self":[{"href":"https:\/\/mgvpublications.com\/de\/wp-json\/wp\/v2\/product\/12435"}],"collection":[{"href":"https:\/\/mgvpublications.com\/de\/wp-json\/wp\/v2\/product"}],"about":[{"href":"https:\/\/mgvpublications.com\/de\/wp-json\/wp\/v2\/types\/product"}],"wp:featuredmedia":[{"embeddable":true,"href":"https:\/\/mgvpublications.com\/de\/wp-json\/wp\/v2\/media\/12436"}],"wp:attachment":[{"href":"https:\/\/mgvpublications.com\/de\/wp-json\/wp\/v2\/media?parent=12435"}],"wp:term":[{"taxonomy":"product_cat","embeddable":true,"href":"https:\/\/mgvpublications.com\/de\/wp-json\/wp\/v2\/product_cat?post=12435"},{"taxonomy":"product_tag","embeddable":true,"href":"https:\/\/mgvpublications.com\/de\/wp-json\/wp\/v2\/product_tag?post=12435"},{"taxonomy":"item","embeddable":true,"href":"https:\/\/mgvpublications.com\/de\/wp-json\/wp\/v2\/item?post=12435"}],"curies":[{"name":"wp","href":"https:\/\/api.w.org\/{rel}","templated":true}]}}