{"id":12414,"date":"2020-07-12T21:48:34","date_gmt":"2020-07-12T19:48:34","guid":{"rendered":"https:\/\/dev2.mgvpublications.com\/produkt\/cezasiz-egitim\/"},"modified":"2022-03-08T22:34:44","modified_gmt":"2022-03-08T21:34:44","slug":"cezasiz-egitim","status":"publish","type":"product","link":"https:\/\/mgvpublications.com\/de\/cezasiz-egitim\/","title":{"rendered":"Cezas\u0131z E\u011fitim"},"content":{"rendered":"<p>Yay\u0131n Tarihi: 14.10.2019<br \/>ISBN: 9786050825084<br \/>Dil: T\u00dcRK\u00c7E<br \/>Sayfa Say\u0131s\u0131: 288<br \/>Cilt Tipi: Karton Kapak<br \/>Ka\u011f\u0131t Cinsi: Kitap Ka\u011f\u0131d\u0131<br \/>Boyut: 15.5 x 21.5 cm<\/p>","protected":false},"excerpt":{"rendered":"<p>Bir\u00e7ok yeti\u015fkin cezas\u0131z \u00e7ocuk e\u011fitimi olamayaca\u011f\u0131na inan\u0131r&#8230; \u00c7ocu\u011fun neyin do\u011fru, neyin yanl\u0131\u015f oldu\u011funu \u00f6\u011frenebilmesi i\u00e7in ceza ve m\u00fck\u00e2fat\u0131n iyi bir e\u011fitim y\u00f6ntemi oldu\u011funu d\u00fc\u015f\u00fcn\u00fcr. \u201cCeza k\u00f6t\u00fc bir \u015fey olsayd\u0131, \u00e7ocukken cezaland\u0131r\u0131lan bizler de k\u00f6t\u00fc insanlar olurduk\u201d der. Ceza insan\u0131 k\u00f6t\u00fc biri yapmaz belki\u2026 Ama hiperaktif yapar\u2026 \u015e\u0131mar\u0131k yapar\u2026 Y\u0131l\u0131\u015f\u0131kla\u015ft\u0131r\u0131r\u2026 \u00d6fkeli hale getirir\u2026 E\u015fi ile ba\u011f kuramaz, \u00e7ocu\u011fu ile oynayamaz biri yapar\u2026 Ceza bir e\u011fitim arac\u0131 de\u011fil, bir a\u015fa\u011f\u0131lama davran\u0131\u015f\u0131d\u0131r&#8230; \u00c7ocuk a\u015fa\u011f\u0131lanarak de\u011fil, ancak de\u011ferlilik hissiyle ki\u015fili\u011fini geli\u015ftirir\u2026 Pedagog Adem G\u00fcne\u015f, Cezas\u0131z E\u011fitim\u2019de \u00e7ocukluktan yeti\u015fkinli\u011fe ki\u015filik geli\u015fimini inceliyor. Bask\u0131, zorlama ve cezan\u0131n \u00e7ocu\u011fun ki\u015fili\u011fine nas\u0131l yans\u0131d\u0131\u011f\u0131n\u0131 g\u00f6zler \u00f6n\u00fcne seriyor. Cezas\u0131z E\u011fitim, \u00e7ocuk e\u011fitimine bak\u0131\u015f a\u00e7\u0131n\u0131z\u0131 k\u00f6kten de\u011fi\u015ftirecek bir eser\u2026<\/p>","protected":false},"featured_media":22491,"template":"","meta":{"spay_email":""},"product_cat":[171],"product_tag":[],"item":[360],"acf":[],"_links":{"self":[{"href":"https:\/\/mgvpublications.com\/de\/wp-json\/wp\/v2\/product\/12414"}],"collection":[{"href":"https:\/\/mgvpublications.com\/de\/wp-json\/wp\/v2\/product"}],"about":[{"href":"https:\/\/mgvpublications.com\/de\/wp-json\/wp\/v2\/types\/product"}],"wp:featuredmedia":[{"embeddable":true,"href":"https:\/\/mgvpublications.com\/de\/wp-json\/wp\/v2\/media\/22491"}],"wp:attachment":[{"href":"https:\/\/mgvpublications.com\/de\/wp-json\/wp\/v2\/media?parent=12414"}],"wp:term":[{"taxonomy":"product_cat","embeddable":true,"href":"https:\/\/mgvpublications.com\/de\/wp-json\/wp\/v2\/product_cat?post=12414"},{"taxonomy":"product_tag","embeddable":true,"href":"https:\/\/mgvpublications.com\/de\/wp-json\/wp\/v2\/product_tag?post=12414"},{"taxonomy":"item","embeddable":true,"href":"https:\/\/mgvpublications.com\/de\/wp-json\/wp\/v2\/item?post=12414"}],"curies":[{"name":"wp","href":"https:\/\/api.w.org\/{rel}","templated":true}]}}