{"id":12408,"date":"2020-07-12T21:31:44","date_gmt":"2020-07-12T19:31:44","guid":{"rendered":"https:\/\/dev2.mgvpublications.com\/produkt\/sarayin-kutsallari-asr-i-saadetten-osmanliya\/"},"modified":"2022-03-08T22:34:43","modified_gmt":"2022-03-08T21:34:43","slug":"sarayin-kutsallari-asr-i-saadetten-osmanliya","status":"publish","type":"product","link":"https:\/\/mgvpublications.com\/de\/sarayin-kutsallari-asr-i-saadetten-osmanliya\/","title":{"rendered":"Saray\u0131n Kutsallar\u0131 &#038; Asr-\u0131 Saadet&#8217;ten Osmanl\u0131&#8217;ya"},"content":{"rendered":"<div class=\"attributes\">\n<table>\n<tbody>\n<tr>\n<td>Yay\u0131n Tarihi:<\/td>\n<td>14.03.2018<\/td>\n<\/tr>\n<tr>\n<td>ISBN:<\/td>\n<td>6050818147<\/td>\n<\/tr>\n<tr>\n<td>Bask\u0131 Say\u0131s\u0131:<\/td>\n<td>5. Bask\u0131<\/td>\n<\/tr>\n<tr>\n<td>Dil:<\/td>\n<td>T\u00dcRK\u00c7E<\/td>\n<\/tr>\n<tr>\n<td>Sayfa Say\u0131s\u0131:<\/td>\n<td>208<\/td>\n<\/tr>\n<tr>\n<td>Cilt Tipi:<\/td>\n<td>Karton Kapak<\/td>\n<\/tr>\n<tr>\n<td>Ka\u011f\u0131t Cinsi:<\/td>\n<td>Kitap Ka\u011f\u0131d\u0131<\/td>\n<\/tr>\n<tr>\n<td>Boyut:<\/td>\n<td>13.5 x 21 cm<\/td>\n<\/tr>\n<\/tbody>\n<\/table>\n<\/div>","protected":false},"excerpt":{"rendered":"<p>Saray ar\u015fivlerinde bug\u00fcn binlerce e\u015fya, tan\u0131nmay\u0131 ve fark edilmeyi bekliyor. \u00c7\u00fcnk\u00fc hepsinin bize anlataca\u011f\u0131 bir hik\u00e2ye var. Baz\u0131lar\u0131 binlerce y\u0131l \u00f6ncesini g\u00f6rd\u00fc, baz\u0131lar\u0131 ise sadece birka\u00e7 y\u00fcz y\u0131ll\u0131k bir ge\u00e7mi\u015fe sahip. Baz\u0131lar\u0131na bir peygamber dokundu, baz\u0131lar\u0131na on binlerce insan, baz\u0131lar\u0131 u\u011fruna sava\u015flar verildi, baz\u0131lar\u0131 bar\u0131\u015f\u0131n simgesi oldu. Kimisi herkesin g\u00f6z\u00fc \u00f6n\u00fcnde g\u00fcn\u00fcm\u00fcze ula\u015ft\u0131, kimisi de herkesten gizlenerek&#8230;<\/p>","protected":false},"featured_media":12409,"template":"","meta":{"spay_email":""},"product_cat":[180,170],"product_tag":[],"item":[360],"acf":[],"_links":{"self":[{"href":"https:\/\/mgvpublications.com\/de\/wp-json\/wp\/v2\/product\/12408"}],"collection":[{"href":"https:\/\/mgvpublications.com\/de\/wp-json\/wp\/v2\/product"}],"about":[{"href":"https:\/\/mgvpublications.com\/de\/wp-json\/wp\/v2\/types\/product"}],"wp:featuredmedia":[{"embeddable":true,"href":"https:\/\/mgvpublications.com\/de\/wp-json\/wp\/v2\/media\/12409"}],"wp:attachment":[{"href":"https:\/\/mgvpublications.com\/de\/wp-json\/wp\/v2\/media?parent=12408"}],"wp:term":[{"taxonomy":"product_cat","embeddable":true,"href":"https:\/\/mgvpublications.com\/de\/wp-json\/wp\/v2\/product_cat?post=12408"},{"taxonomy":"product_tag","embeddable":true,"href":"https:\/\/mgvpublications.com\/de\/wp-json\/wp\/v2\/product_tag?post=12408"},{"taxonomy":"item","embeddable":true,"href":"https:\/\/mgvpublications.com\/de\/wp-json\/wp\/v2\/item?post=12408"}],"curies":[{"name":"wp","href":"https:\/\/api.w.org\/{rel}","templated":true}]}}