{"id":12402,"date":"2020-07-12T20:30:35","date_gmt":"2020-07-12T18:30:35","guid":{"rendered":"https:\/\/dev2.mgvpublications.com\/produkt\/cennet-nasil-bir-yer-2-kitap\/"},"modified":"2022-03-08T22:34:43","modified_gmt":"2022-03-08T21:34:43","slug":"cennet-nasil-bir-yer-2-kitap","status":"publish","type":"product","link":"https:\/\/mgvpublications.com\/de\/cennet-nasil-bir-yer-2-kitap\/","title":{"rendered":"Cennet Nas\u0131l Bir Yer? 2. Kitap"},"content":{"rendered":"<p>Yay\u0131n Tarihi:17.07.2014<\/p>\n<p>ISBN:6055523114<\/p>\n<p>Bask\u0131 Say\u0131s\u0131:1.<\/p>\n<p>Bask\u0131Dil:T\u00dcRK\u00c7E<\/p>\n<p>Sayfa Say\u0131s\u0131:48<\/p>\n<p>Cilt Tipi:Karton Kapak<\/p>\n<p>Ka\u011f\u0131t Cinsi:Kitap Ka\u011f\u0131d\u0131<\/p>\n<p>Boyut:16.5 x 22 cm<\/p>","protected":false},"excerpt":{"rendered":"<div class=\"top-block\">\n<div class=\"pr_description\">\n<div id=\"description_text\"><span class=\"info__text\">Sana hayal bile edemeyece\u011fimiz bir yer hakk\u0131nda ne anlatabilirim ki? Asl\u0131nda pek \u00e7ok \u015fey!<br \/>\n<\/span><\/div>\n<\/div>\n<\/div>\n<div class=\"bottom-block\">\n<div class=\"pr_attributes\"><\/div>\n<\/div>","protected":false},"featured_media":12403,"template":"","meta":{"spay_email":""},"product_cat":[172],"product_tag":[],"item":[692],"acf":[],"_links":{"self":[{"href":"https:\/\/mgvpublications.com\/de\/wp-json\/wp\/v2\/product\/12402"}],"collection":[{"href":"https:\/\/mgvpublications.com\/de\/wp-json\/wp\/v2\/product"}],"about":[{"href":"https:\/\/mgvpublications.com\/de\/wp-json\/wp\/v2\/types\/product"}],"wp:featuredmedia":[{"embeddable":true,"href":"https:\/\/mgvpublications.com\/de\/wp-json\/wp\/v2\/media\/12403"}],"wp:attachment":[{"href":"https:\/\/mgvpublications.com\/de\/wp-json\/wp\/v2\/media?parent=12402"}],"wp:term":[{"taxonomy":"product_cat","embeddable":true,"href":"https:\/\/mgvpublications.com\/de\/wp-json\/wp\/v2\/product_cat?post=12402"},{"taxonomy":"product_tag","embeddable":true,"href":"https:\/\/mgvpublications.com\/de\/wp-json\/wp\/v2\/product_tag?post=12402"},{"taxonomy":"item","embeddable":true,"href":"https:\/\/mgvpublications.com\/de\/wp-json\/wp\/v2\/item?post=12402"}],"curies":[{"name":"wp","href":"https:\/\/api.w.org\/{rel}","templated":true}]}}