{"id":12400,"date":"2020-07-12T20:23:41","date_gmt":"2020-07-12T18:23:41","guid":{"rendered":"https:\/\/dev2.mgvpublications.com\/produkt\/kuecuek-sahabiler-7-on-guemues-para\/"},"modified":"2022-03-08T22:34:43","modified_gmt":"2022-03-08T21:34:43","slug":"kuecuek-sahabiler-7-on-guemues-para","status":"publish","type":"product","link":"https:\/\/mgvpublications.com\/de\/kuecuek-sahabiler-7-on-guemues-para\/","title":{"rendered":"K\u00fc\u00e7\u00fck Sahabiler 7 \/ On G\u00fcm\u00fc\u015f Para"},"content":{"rendered":"<p>\u00c7izer:<a href=\"https:\/\/www.kitapyurdu.com\/yazar\/ceyhun-sen\/154937.html\" target=\"_blank\" rel=\"noopener\">Ceyhun \u015een<\/a><\/p>\n<p>Yay\u0131n Tarihi:26.07.2017<\/p>\n<p>ISBN:6059548748<\/p>\n<p>Bask\u0131 Say\u0131s\u0131:1.<\/p>\n<p>Bask\u0131Dil:T\u00dcRK\u00c7E<\/p>\n<p>Sayfa Say\u0131s\u0131:12<\/p>\n<p>Cilt Tipi:Karton<\/p>\n<p>KapakKa\u011f\u0131t Cinsi:Ku\u015fe<\/p>\n<p>Ka\u011f\u0131tBoyut:20 x 20 cm<\/p>","protected":false},"excerpt":{"rendered":"<p>T\u0131pk\u0131 ilk d\u00f6rt kitap gibi yine Ceyhun \u015een\u2019in \u00e7ocuklar taraf\u0131ndan \u00e7ok\u00a0sevilen, anne-baba ve e\u011fitimcilerce de takdir edilen \u00e7izgileri e\u015fli\u011finde yay\u0131nlanan dizinin ikinci seti de, en sahih hadis kaynaklar\u0131ndan derlenen ve 4 \u00a0ya\u015f grubu i\u00e7in yeniden kaleme al\u0131nan bu minik \u00f6yk\u00fcler, Peygamber Efendimizin hayat\u0131nda \u00e7ocuklarla ilgili hat\u0131ralar\u0131ndan olu\u015fuyor.<\/p>","protected":false},"featured_media":12401,"template":"","meta":{"spay_email":""},"product_cat":[172],"product_tag":[],"item":[692],"acf":[],"_links":{"self":[{"href":"https:\/\/mgvpublications.com\/de\/wp-json\/wp\/v2\/product\/12400"}],"collection":[{"href":"https:\/\/mgvpublications.com\/de\/wp-json\/wp\/v2\/product"}],"about":[{"href":"https:\/\/mgvpublications.com\/de\/wp-json\/wp\/v2\/types\/product"}],"wp:featuredmedia":[{"embeddable":true,"href":"https:\/\/mgvpublications.com\/de\/wp-json\/wp\/v2\/media\/12401"}],"wp:attachment":[{"href":"https:\/\/mgvpublications.com\/de\/wp-json\/wp\/v2\/media?parent=12400"}],"wp:term":[{"taxonomy":"product_cat","embeddable":true,"href":"https:\/\/mgvpublications.com\/de\/wp-json\/wp\/v2\/product_cat?post=12400"},{"taxonomy":"product_tag","embeddable":true,"href":"https:\/\/mgvpublications.com\/de\/wp-json\/wp\/v2\/product_tag?post=12400"},{"taxonomy":"item","embeddable":true,"href":"https:\/\/mgvpublications.com\/de\/wp-json\/wp\/v2\/item?post=12400"}],"curies":[{"name":"wp","href":"https:\/\/api.w.org\/{rel}","templated":true}]}}