{"id":12373,"date":"2020-12-02T15:45:14","date_gmt":"2020-12-02T14:45:14","guid":{"rendered":"https:\/\/dev2.mgvpublications.com\/produkt\/etkinliklerle-neseli-ramazan-guenluegue\/"},"modified":"2022-03-08T22:34:41","modified_gmt":"2022-03-08T21:34:41","slug":"etkinliklerle-neseli-ramazan-guenluegue","status":"publish","type":"product","link":"https:\/\/mgvpublications.com\/de\/etkinliklerle-neseli-ramazan-guenluegue\/","title":{"rendered":"Etkinliklerle Ne\u015feli Ramazan G\u00fcnl\u00fc\u011f\u00fc"},"content":{"rendered":"<p>Yay\u0131n Tarihi: 26.06.2018<br \/>ISBN: 9786058161863<br \/>Dil: T\u00dcRK\u00c7E<br \/>Sayfa Say\u0131s\u0131: 64<br \/>Cilt Tipi: Karton Kapak<br \/>Ka\u011f\u0131t Cinsi: 1. Hm. Ka\u011f\u0131t<br \/>Boyut: 20.5 x 21 cm<\/p>","protected":false},"excerpt":{"rendered":"<p>Yay\u0131n Tarihi: 26.06.2018ISBN: 9786058161863Dil: T\u00dcRK\u00c7ESayfa Say\u0131s\u0131: 64Cilt Tipi: Karton KapakKa\u011f\u0131t Cinsi: 1. Hm. Ka\u011f\u0131tBoyut: 20.5 x 21 cm<\/p>","protected":false},"featured_media":18891,"template":"","meta":{"spay_email":""},"product_cat":[172],"product_tag":[],"item":[960],"acf":[],"_links":{"self":[{"href":"https:\/\/mgvpublications.com\/de\/wp-json\/wp\/v2\/product\/12373"}],"collection":[{"href":"https:\/\/mgvpublications.com\/de\/wp-json\/wp\/v2\/product"}],"about":[{"href":"https:\/\/mgvpublications.com\/de\/wp-json\/wp\/v2\/types\/product"}],"wp:featuredmedia":[{"embeddable":true,"href":"https:\/\/mgvpublications.com\/de\/wp-json\/wp\/v2\/media\/18891"}],"wp:attachment":[{"href":"https:\/\/mgvpublications.com\/de\/wp-json\/wp\/v2\/media?parent=12373"}],"wp:term":[{"taxonomy":"product_cat","embeddable":true,"href":"https:\/\/mgvpublications.com\/de\/wp-json\/wp\/v2\/product_cat?post=12373"},{"taxonomy":"product_tag","embeddable":true,"href":"https:\/\/mgvpublications.com\/de\/wp-json\/wp\/v2\/product_tag?post=12373"},{"taxonomy":"item","embeddable":true,"href":"https:\/\/mgvpublications.com\/de\/wp-json\/wp\/v2\/item?post=12373"}],"curies":[{"name":"wp","href":"https:\/\/api.w.org\/{rel}","templated":true}]}}