{"id":12368,"date":"2020-07-08T12:22:53","date_gmt":"2020-07-08T10:22:53","guid":{"rendered":"https:\/\/dev2.mgvpublications.com\/produkt\/meal-okuma-rehberi\/"},"modified":"2022-03-08T22:34:41","modified_gmt":"2022-03-08T21:34:41","slug":"meal-okuma-rehberi","status":"publish","type":"product","link":"https:\/\/mgvpublications.com\/de\/meal-okuma-rehberi\/","title":{"rendered":"Meal Okuma Rehberi"},"content":{"rendered":"<table>\n<tbody>\n<tr>\n<td>\u00c7evirmen:<\/td>\n<td><a href=\"https:\/\/www.kitapyurdu.com\/yazar\/veli-tahir-erdogan\/177430.html\" target=\"_blank\" rel=\"noopener\"> Veli Tahir Erdo\u011fan<\/a><\/td>\n<\/tr>\n<tr>\n<td>Yay\u0131n Tarihi:<\/td>\n<td>24.05.2019<\/td>\n<\/tr>\n<tr>\n<td>ISBN:<\/td>\n<td>6052019627<\/td>\n<\/tr>\n<tr>\n<td>Bask\u0131 Say\u0131s\u0131:<\/td>\n<td>1. Bask\u0131<\/td>\n<\/tr>\n<tr>\n<td>Dil:<\/td>\n<td>T\u00dcRK\u00c7E<\/td>\n<\/tr>\n<tr>\n<td>Sayfa Say\u0131s\u0131:<\/td>\n<td>120<\/td>\n<\/tr>\n<tr>\n<td>Cilt Tipi:<\/td>\n<td>Karton Kapak<\/td>\n<\/tr>\n<tr>\n<td>Ka\u011f\u0131t Cinsi:<\/td>\n<td>Kitap Ka\u011f\u0131d\u0131<\/td>\n<\/tr>\n<tr>\n<td>Boyut:<\/td>\n<td>13.5 x 21 cm<\/td>\n<\/tr>\n<\/tbody>\n<\/table>","protected":false},"excerpt":{"rendered":"<p><span class=\"info__text\">Y\u0131llard\u0131r yapt\u0131\u011f\u0131m\u0131z sohbetlerde \u015funu g\u00f6rd\u00fck:<br \/>\nKur\u2019an\u2019\u0131 y\u00fcz\u00fcnden okuyanlar\u0131n b\u00fcy\u00fck bir \u00e7o\u011funlu\u011fu meal okumuyor,<br \/>\nMeal okuyanlar\u0131n da b\u00fcy\u00fck bir b\u00f6l\u00fcm\u00fc anlama zorlu\u011fu \u00e7ekiyordu.<br \/>\nBu zorluklar\u0131n a\u015f\u0131lmas\u0131 ad\u0131na aray\u0131\u015fa girenler de<br \/>\nSadece meal okuyanlara yard\u0131mc\u0131 olacak kitaplar\u0131 bulmakta zorluk \u00e7ekiyor,<br \/>\nVar olanlar\u0131 anlamak i\u00e7in de ciddi bir ilahiyat alt yap\u0131s\u0131 gerekti\u011fini g\u00f6r\u00fcyorlard\u0131.<br \/>\nB\u00fct\u00fcn bunlar\u0131 ve daha fazlas\u0131n\u0131 bilmenin bir sonucu olarak elinizdeki bu kitap\u00e7\u0131\u011f\u0131 haz\u0131rlad\u0131k.<br \/>\nBu kitap,<br \/>\n\u00d6ncelikli olarak size par\u00e7ay\u0131 b\u00fct\u00fcn i\u00e7inde g\u00f6steriyor,<br \/>\nMeal okumada kar\u015f\u0131la\u015ft\u0131\u011f\u0131n\u0131z zorluklar\u0131 en aza indiriyor,<br \/>\nAkla gelen sorulara cevap veriyor,<br \/>\nTefsir Us\u00fbl\u00fc kitaplar\u0131ndaki a\u011f\u0131r konular\u0131, kolay anla\u015f\u0131l\u0131r bir dille sunuyor,<br \/>\nKur\u2019an\u2019\u0131n temel kavramlar\u0131na ayr\u0131 bir \u00f6nem veriyor,<br \/>\nKur\u2019an k\u0131ssalar\u0131n\u0131n g\u00fcn\u00fcm\u00fczde nas\u0131l anla\u015f\u0131laca\u011f\u0131 konusunda rehberlik yap\u0131yor,<\/span><\/p>","protected":false},"featured_media":12369,"template":"","meta":{"spay_email":""},"product_cat":[174],"product_tag":[],"item":[1126],"acf":[],"_links":{"self":[{"href":"https:\/\/mgvpublications.com\/de\/wp-json\/wp\/v2\/product\/12368"}],"collection":[{"href":"https:\/\/mgvpublications.com\/de\/wp-json\/wp\/v2\/product"}],"about":[{"href":"https:\/\/mgvpublications.com\/de\/wp-json\/wp\/v2\/types\/product"}],"wp:featuredmedia":[{"embeddable":true,"href":"https:\/\/mgvpublications.com\/de\/wp-json\/wp\/v2\/media\/12369"}],"wp:attachment":[{"href":"https:\/\/mgvpublications.com\/de\/wp-json\/wp\/v2\/media?parent=12368"}],"wp:term":[{"taxonomy":"product_cat","embeddable":true,"href":"https:\/\/mgvpublications.com\/de\/wp-json\/wp\/v2\/product_cat?post=12368"},{"taxonomy":"product_tag","embeddable":true,"href":"https:\/\/mgvpublications.com\/de\/wp-json\/wp\/v2\/product_tag?post=12368"},{"taxonomy":"item","embeddable":true,"href":"https:\/\/mgvpublications.com\/de\/wp-json\/wp\/v2\/item?post=12368"}],"curies":[{"name":"wp","href":"https:\/\/api.w.org\/{rel}","templated":true}]}}