{"id":12366,"date":"2020-07-08T12:18:35","date_gmt":"2020-07-08T10:18:35","guid":{"rendered":"https:\/\/dev2.mgvpublications.com\/produkt\/kisa-duenya-tarihi\/"},"modified":"2022-04-22T13:59:43","modified_gmt":"2022-04-22T11:59:43","slug":"kisa-duenya-tarihi","status":"publish","type":"product","link":"https:\/\/mgvpublications.com\/de\/kisa-duenya-tarihi\/","title":{"rendered":"K\u0131sa D\u00fcnya Tarihi"},"content":{"rendered":"<table>\n<tbody>\n<tr>\n<td>Yay\u0131n Tarihi:<\/td>\n<td>28.02.2020<\/td>\n<\/tr>\n<tr>\n<td>ISBN:<\/td>\n<td>6050820652<\/td>\n<\/tr>\n<tr>\n<td>Bask\u0131 Say\u0131s\u0131:<\/td>\n<td>2. Bask\u0131<\/td>\n<\/tr>\n<tr>\n<td>Dil:<\/td>\n<td>T\u00dcRK\u00c7E<\/td>\n<\/tr>\n<tr>\n<td>Sayfa Say\u0131s\u0131:<\/td>\n<td>400<\/td>\n<\/tr>\n<tr>\n<td>Cilt Tipi:<\/td>\n<td>Karton Kapak<\/td>\n<\/tr>\n<tr>\n<td>Ka\u011f\u0131t Cinsi:<\/td>\n<td>Kitap Ka\u011f\u0131d\u0131<\/td>\n<\/tr>\n<tr>\n<td>Boyut:<\/td>\n<td>13.5 x 21 cm<\/td>\n<\/tr>\n<\/tbody>\n<\/table>","protected":false},"excerpt":{"rendered":"<p><span class=\"info__text\">Avc\u0131l\u0131k ve toplay\u0131c\u0131l\u0131kla ba\u015flayan; Mezopotamya\u2019dan Roma uygarl\u0131\u011f\u0131na, R\u00f6nesans\u2019tan Tanzimat\u2019a, Ha\u00e7l\u0131 Seferleri\u2019nden \u0130kinci D\u00fcnya Sava\u015f\u0131\u2019na, Japonya\u2019dan Amerika\u2019ya uzanan 100 bin y\u0131ll\u0131k uzun bir yolculu\u011fun k\u0131sa tarihi bu\u2026<\/p>\n<p>Tarih \u00d6ncesi\u2019nden bug\u00fcne imparatorluklar\u0131n y\u00fckseli\u015fi ve \u00e7\u00f6k\u00fc\u015f\u00fc, d\u00fcnya siyasetine y\u00f6n veren olaylar, ki\u015filer, sava\u015flar ve fikirler&#8230; Bat\u0131\u2019n\u0131n ve Do\u011fu\u2019nun tarihteki d\u00f6n\u00fcm noktalar\u0131 ve birbirlerine etkileri\u2026 Osmanl\u0131 ve T\u00fcrk tarihiyle ba\u011flant\u0131l\u0131 hadiselerin \u00f6ncesi ve sonras\u0131na genel bir bak\u0131\u015f&#8230;<\/p>\n<p>Bu kitapla; ilk uygarl\u0131klar\u0131n do\u011fu\u015funa ve insano\u011flunun d\u00fcnyaya yay\u0131l\u0131p h\u00fckmetmesine \u015fahitlik edeceksiniz. Tarihsel \u00e7a\u011flar aras\u0131nda seyahat edip Co\u011frafi Ke\u015fifler\u2019le Yeni D\u00fcnya\u2019y\u0131 ke\u015ffedecek ve k\u0131talar aras\u0131nda dola\u015facaks\u0131n\u0131z. R\u00f6nesans\u2019la fikirlerin bir u\u00e7tan bir uca yay\u0131l\u0131\u015f\u0131na tan\u0131k olacak, Sezar\u2019dan Fatih Sultan Mehmed\u2019e, d\u00fcnya d\u00fczenini de\u011fi\u015ftiren imparatorlara e\u015flik edeceksiniz. Kade\u015f Antla\u015fmas\u0131\u2019ndan iki b\u00fcy\u00fck d\u00fcnya sava\u015f\u0131na ve ard\u0131ndan So\u011fuk Sava\u015f\u2019a kadar uzanan s\u00fcre\u00e7te sava\u015flar ve devrimlerle d\u00fcnyan\u0131n s\u00fcrekli de\u011fi\u015fen d\u00fczenine tan\u0131kl\u0131k edip \u00f6nemli antla\u015fmalara imza atacaks\u0131n\u0131z. Evet; yaz\u0131n\u0131n icad\u0131ndan g\u00fcn\u00fcm\u00fcze kadar ge\u00e7en bu uzun soluklu s\u00fcre\u00e7te k\u0131talar ve y\u00fczy\u0131llar aras\u0131nda s\u0131\u00e7ramal\u0131 bir yolculuk sizleri bekliyor!<\/p>\n<p>Ali \u00c7imen\u2019in kaleminden d\u00fcnyam\u0131z\u0131n k\u0131sa tarihi.<br \/>\nBu kitab\u0131 bitirdi\u011finizde, genel d\u00fcnya tarihine ili\u015fkin cevaps\u0131z sorunuz kalmayacak!<\/span><\/p>","protected":false},"featured_media":12367,"template":"","meta":{"spay_email":""},"product_cat":[170],"product_tag":[],"item":[360],"acf":[],"_links":{"self":[{"href":"https:\/\/mgvpublications.com\/de\/wp-json\/wp\/v2\/product\/12366"}],"collection":[{"href":"https:\/\/mgvpublications.com\/de\/wp-json\/wp\/v2\/product"}],"about":[{"href":"https:\/\/mgvpublications.com\/de\/wp-json\/wp\/v2\/types\/product"}],"wp:featuredmedia":[{"embeddable":true,"href":"https:\/\/mgvpublications.com\/de\/wp-json\/wp\/v2\/media\/12367"}],"wp:attachment":[{"href":"https:\/\/mgvpublications.com\/de\/wp-json\/wp\/v2\/media?parent=12366"}],"wp:term":[{"taxonomy":"product_cat","embeddable":true,"href":"https:\/\/mgvpublications.com\/de\/wp-json\/wp\/v2\/product_cat?post=12366"},{"taxonomy":"product_tag","embeddable":true,"href":"https:\/\/mgvpublications.com\/de\/wp-json\/wp\/v2\/product_tag?post=12366"},{"taxonomy":"item","embeddable":true,"href":"https:\/\/mgvpublications.com\/de\/wp-json\/wp\/v2\/item?post=12366"}],"curies":[{"name":"wp","href":"https:\/\/api.w.org\/{rel}","templated":true}]}}