{"id":12283,"date":"2020-07-04T11:16:21","date_gmt":"2020-07-04T09:16:21","guid":{"rendered":"https:\/\/dev2.mgvpublications.com\/produkt\/su-yaramaz-tavsanlar\/"},"modified":"2022-05-19T14:56:57","modified_gmt":"2022-05-19T12:56:57","slug":"su-yaramaz-tavsanlar","status":"publish","type":"product","link":"https:\/\/mgvpublications.com\/de\/su-yaramaz-tavsanlar\/","title":{"rendered":"\u015eu Yaramaz Tav\u015fanlar"},"content":{"rendered":"<p>\u00c7evirmen: Ali Berktay<br \/>Yay\u0131n Tarihi: 29.05.2019<br \/>Orijinal Ad\u0131: Those Pesky Rabbits<br \/>ISBN: 9786052952641<br \/>Dil: T\u00dcRK\u00c7E<br \/>Sayfa Say\u0131s\u0131: 36<br \/>Cilt Tipi: Karton Kapak<br \/>Ka\u011f\u0131t Cinsi: Kitap Ka\u011f\u0131d\u0131<br \/>Boyut: 21.5 x 27.5 cm<\/p>","protected":false},"excerpt":{"rendered":"<p>Koca Ay\u0131 tek ba\u015f\u0131na ya\u015f\u0131yordu. Iss\u0131z k\u0131rlar\u0131n ortas\u0131ndaki evinde. Yaln\u0131zl\u0131ktan hi\u00e7 s\u0131k\u0131lm\u0131yordu. Onun sevdi\u011fi hayat buydu i\u015fte. Bir g\u00fcn kalabal\u0131k bir tav\u015fan ailesinin hemen yan\u0131 ba\u015f\u0131na ta\u015f\u0131nd\u0131\u011f\u0131n\u0131 g\u00f6r\u00fcnce asab\u0131n\u0131n ne kadar bozuldu\u011funu tahmin edersin.<\/p>","protected":false},"featured_media":23232,"template":"","meta":{"spay_email":""},"product_cat":[172],"product_tag":[],"item":[336],"acf":[],"_links":{"self":[{"href":"https:\/\/mgvpublications.com\/de\/wp-json\/wp\/v2\/product\/12283"}],"collection":[{"href":"https:\/\/mgvpublications.com\/de\/wp-json\/wp\/v2\/product"}],"about":[{"href":"https:\/\/mgvpublications.com\/de\/wp-json\/wp\/v2\/types\/product"}],"wp:featuredmedia":[{"embeddable":true,"href":"https:\/\/mgvpublications.com\/de\/wp-json\/wp\/v2\/media\/23232"}],"wp:attachment":[{"href":"https:\/\/mgvpublications.com\/de\/wp-json\/wp\/v2\/media?parent=12283"}],"wp:term":[{"taxonomy":"product_cat","embeddable":true,"href":"https:\/\/mgvpublications.com\/de\/wp-json\/wp\/v2\/product_cat?post=12283"},{"taxonomy":"product_tag","embeddable":true,"href":"https:\/\/mgvpublications.com\/de\/wp-json\/wp\/v2\/product_tag?post=12283"},{"taxonomy":"item","embeddable":true,"href":"https:\/\/mgvpublications.com\/de\/wp-json\/wp\/v2\/item?post=12283"}],"curies":[{"name":"wp","href":"https:\/\/api.w.org\/{rel}","templated":true}]}}