{"id":12280,"date":"2020-12-02T15:45:07","date_gmt":"2020-12-02T14:45:07","guid":{"rendered":"https:\/\/dev2.mgvpublications.com\/produkt\/su-acayip-anneler\/"},"modified":"2022-03-08T22:34:40","modified_gmt":"2022-03-08T21:34:40","slug":"su-acayip-anneler","status":"publish","type":"product","link":"https:\/\/mgvpublications.com\/de\/su-acayip-anneler\/","title":{"rendered":"\u015eu Acayip Anneler"},"content":{"rendered":"<p>Yay\u0131n Tarihi: 09.06.2017<br \/>ISBN: 9786059548656<br \/>Dil: T\u00dcRK\u00c7E<br \/>Sayfa Say\u0131s\u0131: 168<br \/>Cilt Tipi: Karton Kapak<br \/>Ka\u011f\u0131t Cinsi: Kitap Ka\u011f\u0131d\u0131<br \/>Boyut: 13.5 x 19.5 cm<\/p>","protected":false},"excerpt":{"rendered":"<p>Dizimizin bu on sekizinci kitab\u0131 di\u011ferlerinden bir miktar farkl\u0131. \u00c7\u00fcnk\u00fc konumuz bu sefer \u00e7ok ciddi ve biraz da duygusal: ANNELER! Fakat merak etmeyin \u015eU ACAY\u0130P ANNELER kitab\u0131, elinizde tomar tomar ka\u011f\u0131t mendil ile okuyaca\u011f\u0131n\u0131z, a\u011flamal\u0131 s\u0131zlamal\u0131 bir kitap de\u011fil. \u00b4Acaba benden bansetmi\u015f mi?\u00b4 diye merak edip kitab\u0131n\u0131z\u0131 okumak isteyen anneleriniz de \u00e7ok e\u011flenecekler eminim.<\/p>","protected":false},"featured_media":22566,"template":"","meta":{"spay_email":""},"product_cat":[172],"product_tag":[],"item":[692],"acf":[],"_links":{"self":[{"href":"https:\/\/mgvpublications.com\/de\/wp-json\/wp\/v2\/product\/12280"}],"collection":[{"href":"https:\/\/mgvpublications.com\/de\/wp-json\/wp\/v2\/product"}],"about":[{"href":"https:\/\/mgvpublications.com\/de\/wp-json\/wp\/v2\/types\/product"}],"wp:featuredmedia":[{"embeddable":true,"href":"https:\/\/mgvpublications.com\/de\/wp-json\/wp\/v2\/media\/22566"}],"wp:attachment":[{"href":"https:\/\/mgvpublications.com\/de\/wp-json\/wp\/v2\/media?parent=12280"}],"wp:term":[{"taxonomy":"product_cat","embeddable":true,"href":"https:\/\/mgvpublications.com\/de\/wp-json\/wp\/v2\/product_cat?post=12280"},{"taxonomy":"product_tag","embeddable":true,"href":"https:\/\/mgvpublications.com\/de\/wp-json\/wp\/v2\/product_tag?post=12280"},{"taxonomy":"item","embeddable":true,"href":"https:\/\/mgvpublications.com\/de\/wp-json\/wp\/v2\/item?post=12280"}],"curies":[{"name":"wp","href":"https:\/\/api.w.org\/{rel}","templated":true}]}}