{"id":12271,"date":"2020-07-04T10:58:33","date_gmt":"2020-07-04T08:58:33","guid":{"rendered":"https:\/\/dev2.mgvpublications.com\/produkt\/duygusal-olarak-saglikli-cocuk-yetistirmek\/"},"modified":"2022-03-08T22:34:38","modified_gmt":"2022-03-08T21:34:38","slug":"duygusal-olarak-saglikli-cocuk-yetistirmek","status":"publish","type":"product","link":"https:\/\/mgvpublications.com\/de\/duygusal-olarak-saglikli-cocuk-yetistirmek\/","title":{"rendered":"Duygusal Olarak Sa\u011fl\u0131kl\u0131 \u00c7ocuk Yeti\u015ftirmek"},"content":{"rendered":"<div>\u00c7evirmen: Neval Akb\u0131y\u0131k<\/div>\n<div>Yay\u0131n Tarihi: 11.03.2020<\/div>\n<div>ISBN: 6050832372<\/div>\n<div>Bask\u0131 Say\u0131s\u0131: 1. Bask\u0131<\/div>\n<div>Dil: T\u00dcRK\u00c7E<\/div>\n<div>Sayfa Say\u0131s\u0131: 256<\/div>\n<div>Cilt Tipi: Karton Kapak<\/div>\n<div>Ka\u011f\u0131t Cinsi: Kitap Ka\u011f\u0131d\u0131<\/div>\n<div>Boyut: 13.5 x 21 cm<\/div>","protected":false},"excerpt":{"rendered":"<p>Hepimiz duygusal olarak sa\u011fl\u0131kl\u0131 \u00e7ocuklar yeti\u015ftirmek isteriz. G\u00fcvensiz, mutsuz, yapayaln\u0131z bir \u00e7ocuk yeti\u015ftirmek isteyen bir tek anne baba yoktur. \u00d6nemli olansa \u015fudur: Bunu nas\u0131l yapaca\u011f\u0131z?<br \/>\nDuygular, \u00f6zellikle de \u00f6fke, hayal k\u0131r\u0131kl\u0131\u011f\u0131, k\u0131skan\u00e7l\u0131k, reddedilme gibi kuvvetli ve zorlu duygular \u00e7o\u011fu \u00e7ocuk i\u00e7in ba\u015f edilmesi g\u00fc\u00e7 \u015feylerdir. Bir arkada\u015f\u0131na \u00f6fkelenen \u00e7ocu\u011funuzun \u00f6n\u00fcnde bir s\u00fcr\u00fc se\u00e7im olabilir; kaba g\u00fc\u00e7 kullanmay\u0131 se\u00e7ebilir, sinip kalabilir ya da t\u00fcm duygular\u0131n\u0131 ifade ederek s\u00f6zle direnebilir. Bu se\u00e7imlerin her biri \u00e7ocu\u011fun duygusal hayat\u0131nda farkl\u0131 bir patika \u00e7izecektir.<br \/>\nSe\u00e7imlerimizin toplam\u0131ndan olu\u015fan hayat\u0131 g\u00fczelle\u015ftirmek i\u00e7in yap\u0131lmas\u0131 gereken belki de \u00e7ok basittir: Durmak, sakinle\u015fmek ve iyi bir se\u00e7im yapmak.<br \/>\nD\u00fcnya \u00e7ap\u0131nda binlerce \u00e7ocu\u011fun duygusal sa\u011fl\u0131k kazanma yolculu\u011funa rehberlik eden Maureen Healy daha mutlu ve daha sa\u011fl\u0131kl\u0131 \u00e7ocuklar yeti\u015ftirmenin ipu\u00e7lar\u0131n\u0131 sunuyor.<\/p>","protected":false},"featured_media":15949,"template":"","meta":{"spay_email":""},"product_cat":[171],"product_tag":[],"item":[360],"acf":[],"_links":{"self":[{"href":"https:\/\/mgvpublications.com\/de\/wp-json\/wp\/v2\/product\/12271"}],"collection":[{"href":"https:\/\/mgvpublications.com\/de\/wp-json\/wp\/v2\/product"}],"about":[{"href":"https:\/\/mgvpublications.com\/de\/wp-json\/wp\/v2\/types\/product"}],"wp:featuredmedia":[{"embeddable":true,"href":"https:\/\/mgvpublications.com\/de\/wp-json\/wp\/v2\/media\/15949"}],"wp:attachment":[{"href":"https:\/\/mgvpublications.com\/de\/wp-json\/wp\/v2\/media?parent=12271"}],"wp:term":[{"taxonomy":"product_cat","embeddable":true,"href":"https:\/\/mgvpublications.com\/de\/wp-json\/wp\/v2\/product_cat?post=12271"},{"taxonomy":"product_tag","embeddable":true,"href":"https:\/\/mgvpublications.com\/de\/wp-json\/wp\/v2\/product_tag?post=12271"},{"taxonomy":"item","embeddable":true,"href":"https:\/\/mgvpublications.com\/de\/wp-json\/wp\/v2\/item?post=12271"}],"curies":[{"name":"wp","href":"https:\/\/api.w.org\/{rel}","templated":true}]}}