{"id":12262,"date":"2020-12-02T15:45:05","date_gmt":"2020-12-02T14:45:05","guid":{"rendered":"https:\/\/dev2.mgvpublications.com\/produkt\/senin-icin-arda-erel-inkilap-kitabevi\/"},"modified":"2022-03-08T22:34:38","modified_gmt":"2022-03-08T21:34:38","slug":"senin-icin-arda-erel-inkilap-kitabevi","status":"publish","type":"product","link":"https:\/\/mgvpublications.com\/de\/senin-icin-arda-erel-inkilap-kitabevi\/","title":{"rendered":"Senin \u0130\u00e7in Arda Erel"},"content":{"rendered":"<p>Yay\u0131n Tarihi: 01.07.2020<br \/>ISBN: 9789751036469<br \/>Dil: T\u00dcRK\u00c7E<br \/>Sayfa Say\u0131s\u0131: 176<br \/>Cilt Tipi: Karton Kapak<br \/>Ka\u011f\u0131t Cinsi: Kitap Ka\u011f\u0131d\u0131<br \/>Boyut: 13.5 x 19.5 cm<\/p>","protected":false},"excerpt":{"rendered":"<p>S\u00f6ylediklerim kadar\u0131n\u0131 biliyorsun. Bir de hissettirdiklerini bilsen&#8230;\u201d \u201cHayat\u0131m\u0131n en k\u00f6t\u00fc d\u00f6neminde i\u00e7imden bir ses internette yazmam\u0131 s\u00f6yledi. Belki yaln\u0131z olmad\u0131\u011f\u0131m\u0131 g\u00f6rmek istiyordum, belki de ba\u015fkalar\u0131na, \u2018Bak Arda da benim ya\u015fad\u0131klar\u0131m\u0131 ya\u015f\u0131yor,\u2019 dedirtmek i\u00e7in istiyordum yazmay\u0131.\u201d \u0130\u00e7indeki sese kulak verip yazmaya ba\u015flayan Arda Erel\u2019in o g\u00fcnden sonra sosyal medyada takip\u00e7i say\u0131s\u0131 bir milyona ula\u015ft\u0131. \u00c7\u0131r\u0131l\u00e7\u0131plak aktard\u0131\u011f\u0131 hisleri samimiyetinin de etkisiyle binlerce y\u00fcre\u011fe dokundu. Ba\u015f\u0131na gelen her k\u00f6t\u00fc \u015feyin daha iyisi i\u00e7in zemin olu\u015fturdu\u011funu d\u00fc\u015f\u00fcnen Arda, Senin \u0130\u00e7in bu kitab\u0131 yazd\u0131. Elinde tuttu\u011fun bu kitab\u0131 nereye koydu\u011funu unutma, \u00e7\u00fcnk\u00fc ne zaman kendini k\u00f6t\u00fc hissetsen o sana omuz olacak.<\/p>","protected":false},"featured_media":20213,"template":"","meta":{"spay_email":""},"product_cat":[168],"product_tag":[],"item":[741],"acf":[],"_links":{"self":[{"href":"https:\/\/mgvpublications.com\/de\/wp-json\/wp\/v2\/product\/12262"}],"collection":[{"href":"https:\/\/mgvpublications.com\/de\/wp-json\/wp\/v2\/product"}],"about":[{"href":"https:\/\/mgvpublications.com\/de\/wp-json\/wp\/v2\/types\/product"}],"wp:featuredmedia":[{"embeddable":true,"href":"https:\/\/mgvpublications.com\/de\/wp-json\/wp\/v2\/media\/20213"}],"wp:attachment":[{"href":"https:\/\/mgvpublications.com\/de\/wp-json\/wp\/v2\/media?parent=12262"}],"wp:term":[{"taxonomy":"product_cat","embeddable":true,"href":"https:\/\/mgvpublications.com\/de\/wp-json\/wp\/v2\/product_cat?post=12262"},{"taxonomy":"product_tag","embeddable":true,"href":"https:\/\/mgvpublications.com\/de\/wp-json\/wp\/v2\/product_tag?post=12262"},{"taxonomy":"item","embeddable":true,"href":"https:\/\/mgvpublications.com\/de\/wp-json\/wp\/v2\/item?post=12262"}],"curies":[{"name":"wp","href":"https:\/\/api.w.org\/{rel}","templated":true}]}}