{"id":12227,"date":"2020-12-02T15:45:02","date_gmt":"2020-12-02T14:45:02","guid":{"rendered":"https:\/\/dev2.mgvpublications.com\/produkt\/fitrat-pedagojisi\/"},"modified":"2022-04-25T14:58:41","modified_gmt":"2022-04-25T12:58:41","slug":"fitrat-pedagojisi","status":"publish","type":"product","link":"https:\/\/mgvpublications.com\/de\/fitrat-pedagojisi\/","title":{"rendered":"F\u0131trat Pedagojisi"},"content":{"rendered":"<p>Yay\u0131n Tarihi: 04.03.2015<br \/>ISBN: 9786055181963<br \/>Dil: T\u00dcRK\u00c7E<br \/>Sayfa Say\u0131s\u0131: 184<br \/>Cilt Tipi: Karton Kapak<br \/>Ka\u011f\u0131t Cinsi: Kitap Ka\u011f\u0131d\u0131<br \/>Boyut: 13.5 x 21 cm<\/p>","protected":false},"excerpt":{"rendered":"<p>Kur\u2019an\u2019\u0131 Kerim\u2019i hayat\u0131n\u0131z\u0131n s\u00fcs\u00fc yap\u0131p duvara m\u0131 ast\u0131n\u0131z? Allah\u2019\u0131n yaratt\u0131\u011f\u0131, farkl\u0131 f\u0131tratlarla boyad\u0131\u011f\u0131 ve emanet\u00e7ili\u011finize b\u0131rakt\u0131\u011f\u0131 evlatlar\u0131n\u0131z\u0131n f\u0131trat program\u0131n\u0131, yine o f\u0131trat\u0131 yazan Kudretin kaleminden okumaktan geri mi duruyorsunuz? 1400 y\u0131l \u00f6ncesinden parlayan s\u00fcnnetin d\u00fcsturlar\u0131ndan haberdar de\u011fil misiniz? Modern pedagoglar\u0131n \u00e7o\u011fu zaman birbiriyle \u00e7eli\u015fen s\u00f6zlerini, hakikatten uzak \u00e2detleri kanun saymay\u0131 maharet bilirken, \u201cas\u0131l kanunu\u201d yok sayd\u0131\u011f\u0131n\u0131z\u0131n fark\u0131nda m\u0131s\u0131n\u0131z? \u00d6yleyse, sat\u0131rdan ve sad\u0131rdan okuyarak ba\u015flayaca\u011f\u0131n\u0131z ebeveynlik yolunun her bir dura\u011f\u0131nda Rabbimizin yard\u0131m\u0131n\u0131 dilemenin, Kur\u2019an ayetlerinin yorumlar\u0131n\u0131 ve asr\u0131saadete do\u011fru a\u00e7\u0131lan kap\u0131dan g\u00fcn\u00fcm\u00fcze s\u00fcz\u00fclen menk\u0131belerle hadisi \u015ferifleri okuman\u0131n tam zaman\u0131d\u0131r! Nasr \u2018yard\u0131m\u2019 demektir\u2026 Allah\u2019\u0131n kuluna etti\u011fi yard\u0131m\u2026 Bu kitab\u0131n her bir sat\u0131r\u0131 \u00e7ocuk e\u011fitimine ayet penceresinden bakmaya \u00e7al\u0131\u015f\u0131rken, ayn\u0131 zamanda bu yolda durmaya \u00e7al\u0131\u015fan anne-babalar\u0131n \u2018yard\u0131m \u00e7a\u011fr\u0131s\u0131\u2019 h\u00fckm\u00fcnde kaleme al\u0131nd\u0131. Zira M\u00fcsl\u00fcman\u2019\u0131n g\u00f6revi bilmek ve ifa etmektir ama hem bilmek hem ifa edebilecek iradeyi g\u00f6sterebilmek ancak y\u00fcceler y\u00fccesi Allah\u2019\u0131n yard\u0131m\u0131yla m\u00fcmk\u00fcn olabilir.<\/p>","protected":false},"featured_media":21835,"template":"","meta":{"spay_email":""},"product_cat":[171],"product_tag":[],"item":[685],"acf":[],"_links":{"self":[{"href":"https:\/\/mgvpublications.com\/de\/wp-json\/wp\/v2\/product\/12227"}],"collection":[{"href":"https:\/\/mgvpublications.com\/de\/wp-json\/wp\/v2\/product"}],"about":[{"href":"https:\/\/mgvpublications.com\/de\/wp-json\/wp\/v2\/types\/product"}],"wp:featuredmedia":[{"embeddable":true,"href":"https:\/\/mgvpublications.com\/de\/wp-json\/wp\/v2\/media\/21835"}],"wp:attachment":[{"href":"https:\/\/mgvpublications.com\/de\/wp-json\/wp\/v2\/media?parent=12227"}],"wp:term":[{"taxonomy":"product_cat","embeddable":true,"href":"https:\/\/mgvpublications.com\/de\/wp-json\/wp\/v2\/product_cat?post=12227"},{"taxonomy":"product_tag","embeddable":true,"href":"https:\/\/mgvpublications.com\/de\/wp-json\/wp\/v2\/product_tag?post=12227"},{"taxonomy":"item","embeddable":true,"href":"https:\/\/mgvpublications.com\/de\/wp-json\/wp\/v2\/item?post=12227"}],"curies":[{"name":"wp","href":"https:\/\/api.w.org\/{rel}","templated":true}]}}