{"id":12202,"date":"2020-06-28T02:03:56","date_gmt":"2020-06-28T00:03:56","guid":{"rendered":"https:\/\/dev2.mgvpublications.com\/produkt\/degnek-adam\/"},"modified":"2022-03-08T22:34:37","modified_gmt":"2022-03-08T21:34:37","slug":"degnek-adam","status":"publish","type":"product","link":"https:\/\/mgvpublications.com\/de\/degnek-adam\/","title":{"rendered":"De\u011fnek Adam"},"content":{"rendered":"<table>\n<tbody>\n<tr>\n<td>Derleyici:<\/td>\n<td><a href=\"https:\/\/www.kitapyurdu.com\/yazar\/nevin-avan-ozdemir\/46235.html\" target=\"_blank\" rel=\"noopener\"> Nevin Avan \u00d6zdemir<\/a><\/td>\n<\/tr>\n<tr>\n<td>Yay\u0131n Tarihi:<\/td>\n<td>03.09.2019<\/td>\n<\/tr>\n<tr>\n<td>ISBN:<\/td>\n<td>6052959121<\/td>\n<\/tr>\n<tr>\n<td>Bask\u0131 Say\u0131s\u0131:<\/td>\n<td>12. Bask\u0131<\/td>\n<\/tr>\n<tr>\n<td>Dil:<\/td>\n<td>T\u00dcRK\u00c7E<\/td>\n<\/tr>\n<tr>\n<td>Sayfa Say\u0131s\u0131:<\/td>\n<td>32<\/td>\n<\/tr>\n<tr>\n<td>Cilt Tipi:<\/td>\n<td>Karton Kapak<\/td>\n<\/tr>\n<tr>\n<td>Ka\u011f\u0131t Cinsi:<\/td>\n<td>Ku\u015fe Ka\u011f\u0131t<\/td>\n<\/tr>\n<tr>\n<td>Boyut:<\/td>\n<td>22 x 27.5 cm<\/td>\n<\/tr>\n<\/tbody>\n<\/table>","protected":false},"excerpt":{"rendered":"<p><span class=\"info__text\">De\u011fnek adam ailesiyle birlikte ormanda mutlu bir ya\u015fam s\u00fcr\u00fcyordu. Bir sabah d\u0131\u015far\u0131 \u00e7\u0131kt\u0131 ve ba\u015f\u0131na gelmeyen kalmad\u0131.<br \/>\nDe\u011fnek adam \u00e7ocuklar\u0131n do\u011fa ve aile sevgisiyle ilgili d\u00fc\u015f\u00fcncelerini geli\u015ftirmek i\u00e7in yaz\u0131lm\u0131\u015f e\u011flenceli ve e\u011fitici bir hik\u00e2ye.<\/span><\/p>","protected":false},"featured_media":12203,"template":"","meta":{"spay_email":""},"product_cat":[172],"product_tag":[],"item":[336],"acf":[],"_links":{"self":[{"href":"https:\/\/mgvpublications.com\/de\/wp-json\/wp\/v2\/product\/12202"}],"collection":[{"href":"https:\/\/mgvpublications.com\/de\/wp-json\/wp\/v2\/product"}],"about":[{"href":"https:\/\/mgvpublications.com\/de\/wp-json\/wp\/v2\/types\/product"}],"wp:featuredmedia":[{"embeddable":true,"href":"https:\/\/mgvpublications.com\/de\/wp-json\/wp\/v2\/media\/12203"}],"wp:attachment":[{"href":"https:\/\/mgvpublications.com\/de\/wp-json\/wp\/v2\/media?parent=12202"}],"wp:term":[{"taxonomy":"product_cat","embeddable":true,"href":"https:\/\/mgvpublications.com\/de\/wp-json\/wp\/v2\/product_cat?post=12202"},{"taxonomy":"product_tag","embeddable":true,"href":"https:\/\/mgvpublications.com\/de\/wp-json\/wp\/v2\/product_tag?post=12202"},{"taxonomy":"item","embeddable":true,"href":"https:\/\/mgvpublications.com\/de\/wp-json\/wp\/v2\/item?post=12202"}],"curies":[{"name":"wp","href":"https:\/\/api.w.org\/{rel}","templated":true}]}}