{"id":12196,"date":"2020-06-27T23:37:40","date_gmt":"2020-06-27T21:37:40","guid":{"rendered":"https:\/\/dev2.mgvpublications.com\/produkt\/cavdar-tarlasinda-cocuklar\/"},"modified":"2022-03-08T22:34:37","modified_gmt":"2022-03-08T21:34:37","slug":"cavdar-tarlasinda-cocuklar","status":"publish","type":"product","link":"https:\/\/mgvpublications.com\/de\/cavdar-tarlasinda-cocuklar\/","title":{"rendered":"\u00c7avdar Tarlas\u0131nda \u00c7ocuklar"},"content":{"rendered":"<p>\u00c7evirmen: Co\u015fkun Yerli<br \/>Yay\u0131n Tarihi: 20.08.2019<br \/>ISBN: 9789753636360<br \/>Dil: T\u00dcRK\u00c7E<br \/>Sayfa Say\u0131s\u0131: 198<br \/>Cilt Tipi: Karton Kapak<br \/>Ka\u011f\u0131t Cinsi: 3. Hm. Ka\u011f\u0131t<br \/>Boyut: 13.5 x 21 cm<\/p>","protected":false},"excerpt":{"rendered":"<p>NewYork&#8217;lu bir burjuva ailesinin o\u011flu Holden Caulfield&#8217;in &#8220;b\u00fcy\u00fcmeye dair&#8221; keyifli ve h\u00fcz\u00fcnl\u00fc \u00f6yk\u00fcs\u00fc. Salinger&#8217;in en iyi eserlerinden biri. T\u00fcrk\u00e7eye daha \u00f6nce G\u00f6n\u00fcl\u00e7elen ad\u0131yla \u00e7evrilen roman, bu kez \u0130ngilizce asl\u0131ndan Co\u015fkun Yerli taraf\u0131ndan \u00e7evrildi.<\/p>","protected":false},"featured_media":20702,"template":"","meta":{"spay_email":""},"product_cat":[168],"product_tag":[],"item":[448],"acf":[],"_links":{"self":[{"href":"https:\/\/mgvpublications.com\/de\/wp-json\/wp\/v2\/product\/12196"}],"collection":[{"href":"https:\/\/mgvpublications.com\/de\/wp-json\/wp\/v2\/product"}],"about":[{"href":"https:\/\/mgvpublications.com\/de\/wp-json\/wp\/v2\/types\/product"}],"wp:featuredmedia":[{"embeddable":true,"href":"https:\/\/mgvpublications.com\/de\/wp-json\/wp\/v2\/media\/20702"}],"wp:attachment":[{"href":"https:\/\/mgvpublications.com\/de\/wp-json\/wp\/v2\/media?parent=12196"}],"wp:term":[{"taxonomy":"product_cat","embeddable":true,"href":"https:\/\/mgvpublications.com\/de\/wp-json\/wp\/v2\/product_cat?post=12196"},{"taxonomy":"product_tag","embeddable":true,"href":"https:\/\/mgvpublications.com\/de\/wp-json\/wp\/v2\/product_tag?post=12196"},{"taxonomy":"item","embeddable":true,"href":"https:\/\/mgvpublications.com\/de\/wp-json\/wp\/v2\/item?post=12196"}],"curies":[{"name":"wp","href":"https:\/\/api.w.org\/{rel}","templated":true}]}}