{"id":12181,"date":"2020-06-27T23:08:16","date_gmt":"2020-06-27T21:08:16","guid":{"rendered":"https:\/\/dev2.mgvpublications.com\/produkt\/son-adanin-cocuklari\/"},"modified":"2022-03-08T22:34:37","modified_gmt":"2022-03-08T21:34:37","slug":"son-adanin-cocuklari","status":"publish","type":"product","link":"https:\/\/mgvpublications.com\/de\/son-adanin-cocuklari\/","title":{"rendered":"Son Ada&#8217;n\u0131n \u00c7ocuklar\u0131"},"content":{"rendered":"<table>\n<tbody>\n<tr>\n<td>Yay\u0131n Tarihi:<\/td>\n<td>28.09.2015<\/td>\n<\/tr>\n<tr>\n<td>ISBN:<\/td>\n<td>6050923063<\/td>\n<\/tr>\n<tr>\n<td>Bask\u0131 Say\u0131s\u0131:<\/td>\n<td>2. Bask\u0131<\/td>\n<\/tr>\n<tr>\n<td>Dil:<\/td>\n<td>T\u00dcRK\u00c7E<\/td>\n<\/tr>\n<tr>\n<td>Sayfa Say\u0131s\u0131:<\/td>\n<td>200<\/td>\n<\/tr>\n<tr>\n<td>Cilt Tipi:<\/td>\n<td>Karton Kapak<\/td>\n<\/tr>\n<tr>\n<td>Ka\u011f\u0131t Cinsi:<\/td>\n<td>Kitap Ka\u011f\u0131d\u0131<\/td>\n<\/tr>\n<tr>\n<td>Boyut:<\/td>\n<td>13.5 x 19.5 cm<\/td>\n<\/tr>\n<\/tbody>\n<\/table>","protected":false},"excerpt":{"rendered":"<p><span class=\"info__text\">B\u0130R \u00d6ZG\u00dcRL\u00dcK DESTANI<\/p>\n<p>D\u00fcnyan\u0131n en g\u00fczel adas\u0131nda, ne\u015feyle ve bar\u0131\u015f i\u00e7inde ya\u015f\u0131yorduk bir arada.<br \/>\nAma bir g\u00fcn adaya esrarengiz bir adam geldi&#8230;<br \/>\nVe her \u015fey de\u011fi\u015fti.<br \/>\nKimse yakla\u015fan tehlikenin fark\u0131nda de\u011fildi.<\/p>\n<p>Z\u00fclf\u00fc Livaneli\u2019den gen\u00e7 okurlara evrensel ve zaman \u00f6tesi bir ba\u015fyap\u0131t.Bar\u0131\u015f ve \u00f6zg\u00fcrl\u00fck u\u011fruna bir diktat\u00f6re kar\u015f\u0131 verilen<br \/>\nm\u00fccadelenin hik\u00e2yesi.<\/span><\/p>","protected":false},"featured_media":12182,"template":"","meta":{"spay_email":""},"product_cat":[172],"product_tag":[],"item":[563],"acf":[],"_links":{"self":[{"href":"https:\/\/mgvpublications.com\/de\/wp-json\/wp\/v2\/product\/12181"}],"collection":[{"href":"https:\/\/mgvpublications.com\/de\/wp-json\/wp\/v2\/product"}],"about":[{"href":"https:\/\/mgvpublications.com\/de\/wp-json\/wp\/v2\/types\/product"}],"wp:featuredmedia":[{"embeddable":true,"href":"https:\/\/mgvpublications.com\/de\/wp-json\/wp\/v2\/media\/12182"}],"wp:attachment":[{"href":"https:\/\/mgvpublications.com\/de\/wp-json\/wp\/v2\/media?parent=12181"}],"wp:term":[{"taxonomy":"product_cat","embeddable":true,"href":"https:\/\/mgvpublications.com\/de\/wp-json\/wp\/v2\/product_cat?post=12181"},{"taxonomy":"product_tag","embeddable":true,"href":"https:\/\/mgvpublications.com\/de\/wp-json\/wp\/v2\/product_tag?post=12181"},{"taxonomy":"item","embeddable":true,"href":"https:\/\/mgvpublications.com\/de\/wp-json\/wp\/v2\/item?post=12181"}],"curies":[{"name":"wp","href":"https:\/\/api.w.org\/{rel}","templated":true}]}}