{"id":12175,"date":"2020-06-27T22:42:54","date_gmt":"2020-06-27T20:42:54","guid":{"rendered":"https:\/\/dev2.mgvpublications.com\/produkt\/peygamberin-kuecuek-arkadaslari\/"},"modified":"2022-03-08T22:34:35","modified_gmt":"2022-03-08T21:34:35","slug":"peygamberin-kuecuek-arkadaslari","status":"publish","type":"product","link":"https:\/\/mgvpublications.com\/de\/peygamberin-kuecuek-arkadaslari\/","title":{"rendered":"Peygamberin K\u00fc\u00e7\u00fck Arkada\u015flar\u0131"},"content":{"rendered":"<table>\n<tbody>\n<tr>\n<td>Yay\u0131n Tarihi:<\/td>\n<td>01.03.2013<\/td>\n<\/tr>\n<tr>\n<td>ISBN:<\/td>\n<td>9758781829<\/td>\n<\/tr>\n<tr>\n<td>Bask\u0131 Say\u0131s\u0131:<\/td>\n<td>21. Bask\u0131<\/td>\n<\/tr>\n<tr>\n<td>Dil:<\/td>\n<td>T\u00dcRK\u00c7E<\/td>\n<\/tr>\n<tr>\n<td>Sayfa Say\u0131s\u0131:<\/td>\n<td>143<\/td>\n<\/tr>\n<tr>\n<td>Cilt Tipi:<\/td>\n<td>Karton Kapak<\/td>\n<\/tr>\n<tr>\n<td>Ka\u011f\u0131t Cinsi:<\/td>\n<td>Kitap Ka\u011f\u0131d\u0131<\/td>\n<\/tr>\n<tr>\n<td>Boyut:<\/td>\n<td>16.5 x 23.54 cm<\/td>\n<\/tr>\n<\/tbody>\n<\/table>","protected":false},"excerpt":{"rendered":"<p><span class=\"info__text\">Sevgili \u00e7ocuklar, sizler i\u00e7in bu kitab\u0131 haz\u0131rlarken, hacmi k\u00fc\u00e7\u00fcc\u00fck ama i\u00e7i hazinlerle dolu bir kitap olsun istedik. Sayfalar\u0131n\u0131 teker teker \u00e7evirirken, i\u00e7iniz sevgili peygamberimiz&#8217;in sevgisi ile dolsun istedik&#8230; O&#8217;nun k\u00fc\u00e7\u00fck arkada\u015flar\u0131 ile olan tatl\u0131 hat\u0131ralar\u0131n\u0131 okuduk\u00e7a, peygamberimizin \u00e7ocuklar\u0131 ne kadar \u00e7ok sevdi\u011fini g\u00f6r\u00fcn ve \u00f6\u011frenin istedik&#8230; Kendinizi, saadet asr\u0131n\u0131n o \u00e7ok ama \u00e7ok \u015fansl\u0131 \u00e7ocuklar\u0131 aras\u0131nda hayal edin&#8230; Aran\u0131zdaki koca koca as\u0131rlar\u0131 bir kenara iterek, Medine&#8217;nin sokaklar\u0131nda, g\u00fcle oynaya ko\u015fturun ve Peygamberimiz&#8217;in g\u00fcl kokusunu i\u00e7inize \u00e7ekin istedik&#8230;<\/span><\/p>","protected":false},"featured_media":12176,"template":"","meta":{"spay_email":""},"product_cat":[172],"product_tag":[],"item":[692],"acf":[],"_links":{"self":[{"href":"https:\/\/mgvpublications.com\/de\/wp-json\/wp\/v2\/product\/12175"}],"collection":[{"href":"https:\/\/mgvpublications.com\/de\/wp-json\/wp\/v2\/product"}],"about":[{"href":"https:\/\/mgvpublications.com\/de\/wp-json\/wp\/v2\/types\/product"}],"wp:featuredmedia":[{"embeddable":true,"href":"https:\/\/mgvpublications.com\/de\/wp-json\/wp\/v2\/media\/12176"}],"wp:attachment":[{"href":"https:\/\/mgvpublications.com\/de\/wp-json\/wp\/v2\/media?parent=12175"}],"wp:term":[{"taxonomy":"product_cat","embeddable":true,"href":"https:\/\/mgvpublications.com\/de\/wp-json\/wp\/v2\/product_cat?post=12175"},{"taxonomy":"product_tag","embeddable":true,"href":"https:\/\/mgvpublications.com\/de\/wp-json\/wp\/v2\/product_tag?post=12175"},{"taxonomy":"item","embeddable":true,"href":"https:\/\/mgvpublications.com\/de\/wp-json\/wp\/v2\/item?post=12175"}],"curies":[{"name":"wp","href":"https:\/\/api.w.org\/{rel}","templated":true}]}}