{"id":12173,"date":"2020-06-27T22:38:27","date_gmt":"2020-06-27T20:38:27","guid":{"rendered":"https:\/\/dev2.mgvpublications.com\/produkt\/tavsancan-ile-faresu-bueyuek-balon\/"},"modified":"2022-08-29T15:38:08","modified_gmt":"2022-08-29T13:38:08","slug":"tavsancan-ile-faresu-bueyuek-balon","status":"publish","type":"product","link":"https:\/\/mgvpublications.com\/de\/tavsancan-ile-faresu-bueyuek-balon\/","title":{"rendered":"Tav\u015fancan ile Faresu \/ B\u00fcy\u00fck Balon"},"content":{"rendered":"<p>\u00c7evirmen: Berrak \u0130diman<br \/>Yay\u0131n Tarihi: 02.02.2022<br \/>Orijinal Ad\u0131: Pip and Posy<br \/>ISBN: 9786051920139<br \/>Dil: T\u00dcRK\u00c7E<br \/>Sayfa Say\u0131s\u0131: 28<br \/>Cilt Tipi: Karton Kapak<br \/>Ka\u011f\u0131t Cinsi: Kitap Ka\u011f\u0131d\u0131<br \/>Boyut: 22 x 22 cm<\/p>","protected":false},"excerpt":{"rendered":"<p>T\u00fcm d\u00fcnyada \u00e7ocuklar\u0131n\u0131n zevkle okudu\u011fu, elliden fazla dile \u00e7evrilen ve y\u0131llard\u0131r \u00e7oksatanlar listesinden d\u00fc\u015fmeyen Gruffalo\u2019nun \u00e7izeri Axel Scheffler\u2019in yaz\u0131p resimledi\u011fi Tav\u015fancan ile Faresu\u2019nun maceralar\u0131nda \u00e7ocuklar\u0131n d\u00fcnyas\u0131na \u00f6zg\u00fc konular ele al\u0131n\u0131yor. Arkada\u015fl\u0131k, payla\u015fma, sorunlara \u00e7\u00f6z\u00fcm bulma temalar\u0131n\u0131n \u00f6ne \u00e7\u0131kt\u0131\u011f\u0131 kitaplar\u0131n resimleri de \u00e7ocuklara g\u00f6rsel bir \u015f\u00f6len sunuyor. Tav\u015fancan ile Faresu, B\u00fcy\u00fck Balon Tav\u015fancan b\u00fcy\u00fck balonuyla \u00e7ok gurur duyar! Ama yanl\u0131\u015fl\u0131kla elinden ka\u00e7\u0131r\u0131nca balonu patlar ve Tav\u015fancan \u00e7ok \u00fcz\u00fcl\u00fcr. Neyse ki Faresu\u2019nun akl\u0131na g\u00fczel bir fikir gelir ve Tav\u015fancan yeniden g\u00fcler! Balonlar\u0131 ve k\u00f6p\u00fckleri seven herkes i\u00e7in tatl\u0131 bir hik\u00e2ye..<\/p>","protected":false},"featured_media":22521,"template":"","meta":{"spay_email":""},"product_cat":[172],"product_tag":[],"item":[1377],"acf":[],"_links":{"self":[{"href":"https:\/\/mgvpublications.com\/de\/wp-json\/wp\/v2\/product\/12173"}],"collection":[{"href":"https:\/\/mgvpublications.com\/de\/wp-json\/wp\/v2\/product"}],"about":[{"href":"https:\/\/mgvpublications.com\/de\/wp-json\/wp\/v2\/types\/product"}],"wp:featuredmedia":[{"embeddable":true,"href":"https:\/\/mgvpublications.com\/de\/wp-json\/wp\/v2\/media\/22521"}],"wp:attachment":[{"href":"https:\/\/mgvpublications.com\/de\/wp-json\/wp\/v2\/media?parent=12173"}],"wp:term":[{"taxonomy":"product_cat","embeddable":true,"href":"https:\/\/mgvpublications.com\/de\/wp-json\/wp\/v2\/product_cat?post=12173"},{"taxonomy":"product_tag","embeddable":true,"href":"https:\/\/mgvpublications.com\/de\/wp-json\/wp\/v2\/product_tag?post=12173"},{"taxonomy":"item","embeddable":true,"href":"https:\/\/mgvpublications.com\/de\/wp-json\/wp\/v2\/item?post=12173"}],"curies":[{"name":"wp","href":"https:\/\/api.w.org\/{rel}","templated":true}]}}