{"id":12161,"date":"2020-06-25T17:44:32","date_gmt":"2020-06-25T15:44:32","guid":{"rendered":"https:\/\/dev2.mgvpublications.com\/produkt\/yavru-timsah-cipiti\/"},"modified":"2022-03-08T22:34:34","modified_gmt":"2022-03-08T21:34:34","slug":"yavru-timsah-cipiti","status":"publish","type":"product","link":"https:\/\/mgvpublications.com\/de\/yavru-timsah-cipiti\/","title":{"rendered":"Yavru Timsah \u00c7ipiti"},"content":{"rendered":"<table>\n<tbody>\n<tr>\n<td>\u00c7evirmen:<\/td>\n<td><a href=\"https:\/\/www.kitapyurdu.com\/yazar\/ali-berktay\/1009.html\" target=\"_blank\" rel=\"noopener\"> Ali Berktay<\/a><\/td>\n<\/tr>\n<tr>\n<td>Yay\u0131n Tarihi:<\/td>\n<td>29.05.2019<\/td>\n<\/tr>\n<tr>\n<td>Orijinal Ad\u0131:<\/td>\n<td>Solomon Crocodile<\/td>\n<\/tr>\n<tr>\n<td>ISBN:<\/td>\n<td>6053329442<\/td>\n<\/tr>\n<tr>\n<td>Bask\u0131 Say\u0131s\u0131:<\/td>\n<td>9. Bask\u0131<\/td>\n<\/tr>\n<tr>\n<td>Dil:<\/td>\n<td>T\u00dcRK\u00c7E<\/td>\n<\/tr>\n<tr>\n<td>Sayfa Say\u0131s\u0131:<\/td>\n<td>32<\/td>\n<\/tr>\n<tr>\n<td>Cilt Tipi:<\/td>\n<td>Karton Kapak<\/td>\n<\/tr>\n<tr>\n<td>Ka\u011f\u0131t Cinsi:<\/td>\n<td>Ku\u015fe Ka\u011f\u0131t<\/td>\n<\/tr>\n<tr>\n<td>Boyut:<\/td>\n<td>27 x 21.5 cm<\/td>\n<\/tr>\n<\/tbody>\n<\/table>","protected":false},"excerpt":{"rendered":"<p><span class=\"info__text\">Yand\u0131 g\u00fcl\u00fcm keten helva<br \/>\nGitti rahat, geldi p\u00fcsk\u00fcll\u00fc bela!<br \/>\n\u201c\u00c7ocuklar\u0131 ne\u015felendirip k\u0131k\u0131r k\u0131k\u0131r g\u00fcld\u00fcrece\u011fi kesin\u201d<br \/>\nBooks For Keeps<br \/>\n\u201c\u00c7ocuklar\u0131n kar\u015f\u0131la\u015fmaktan mutluluk duyacaklar\u0131 bir timsah\u201d<br \/>\nScotsman<br \/>\n\u201c\u00c7ok e\u011flenceli\u201d<br \/>\nIndependent on Sunday<\/span><\/p>","protected":false},"featured_media":12162,"template":"","meta":{"spay_email":""},"product_cat":[172],"product_tag":[],"item":[336],"acf":[],"_links":{"self":[{"href":"https:\/\/mgvpublications.com\/de\/wp-json\/wp\/v2\/product\/12161"}],"collection":[{"href":"https:\/\/mgvpublications.com\/de\/wp-json\/wp\/v2\/product"}],"about":[{"href":"https:\/\/mgvpublications.com\/de\/wp-json\/wp\/v2\/types\/product"}],"wp:featuredmedia":[{"embeddable":true,"href":"https:\/\/mgvpublications.com\/de\/wp-json\/wp\/v2\/media\/12162"}],"wp:attachment":[{"href":"https:\/\/mgvpublications.com\/de\/wp-json\/wp\/v2\/media?parent=12161"}],"wp:term":[{"taxonomy":"product_cat","embeddable":true,"href":"https:\/\/mgvpublications.com\/de\/wp-json\/wp\/v2\/product_cat?post=12161"},{"taxonomy":"product_tag","embeddable":true,"href":"https:\/\/mgvpublications.com\/de\/wp-json\/wp\/v2\/product_tag?post=12161"},{"taxonomy":"item","embeddable":true,"href":"https:\/\/mgvpublications.com\/de\/wp-json\/wp\/v2\/item?post=12161"}],"curies":[{"name":"wp","href":"https:\/\/api.w.org\/{rel}","templated":true}]}}