{"id":12157,"date":"2020-06-25T17:36:32","date_gmt":"2020-06-25T15:36:32","guid":{"rendered":"https:\/\/dev2.mgvpublications.com\/produkt\/sormagir-mahallesi-hikayeleri-1-olaganuestue-parlak-bir-fikir-ucuz-roket-yakiti\/"},"modified":"2022-03-08T22:34:34","modified_gmt":"2022-03-08T21:34:34","slug":"sormagir-mahallesi-hikayeleri-1-olaganuestue-parlak-bir-fikir-ucuz-roket-yakiti","status":"publish","type":"product","link":"https:\/\/mgvpublications.com\/de\/sormagir-mahallesi-hikayeleri-1-olaganuestue-parlak-bir-fikir-ucuz-roket-yakiti\/","title":{"rendered":"Sormagir Mahallesi Hikayeleri-1 \/ Ola\u011fan\u00fcst\u00fc Parlak Bir Fikir: Ucuz Roket Yak\u0131t\u0131"},"content":{"rendered":"<table>\n<tbody>\n<tr>\n<td>Yay\u0131n Tarihi:<\/td>\n<td>03.09.2015<\/td>\n<\/tr>\n<tr>\n<td>ISBN:<\/td>\n<td>6054965823<\/td>\n<\/tr>\n<tr>\n<td>Bask\u0131 Say\u0131s\u0131:<\/td>\n<td>1. Bask\u0131<\/td>\n<\/tr>\n<tr>\n<td>Dil:<\/td>\n<td>T\u00dcRK\u00c7E<\/td>\n<\/tr>\n<tr>\n<td>Sayfa Say\u0131s\u0131:<\/td>\n<td>83<\/td>\n<\/tr>\n<tr>\n<td>Cilt Tipi:<\/td>\n<td>Karton Kapak<\/td>\n<\/tr>\n<tr>\n<td>Ka\u011f\u0131t Cinsi:<\/td>\n<td>Kitap Ka\u011f\u0131d\u0131<\/td>\n<\/tr>\n<tr>\n<td>Boyut:<\/td>\n<td>13.5 x 19.5 cm<\/td>\n<\/tr>\n<\/tbody>\n<\/table>","protected":false},"excerpt":{"rendered":"<p><span class=\"info__text\">Tacettin Taci, Mahpeyker \u00c7\u0131t\u0131rak, \u0130dris Takac\u0131, Safinur Tazenane ve bendeniz Sormagir Mahallesi, M\u00fcrd\u00fcmeri\u011fi Sokak\u2019ta oturan ve yazlar\u0131 bi t\u00fcrl\u00fc denize gidemeyen \u00e7ocuklar\u0131z&#8230; Bazen d\u00fc\u015f\u00fcn\u00fcyorum da, asl\u0131nda \u00e7ok \u015fansl\u0131 \u00e7ocuklar\u0131z. K\u0131\u015f\u0131n, saatlerce kartopu oynar\u0131z. So\u011fuktan, patl\u0131can gibi morar\u0131r ellerimiz. Baharda yazda, b\u00fct\u00fcn \u00e7i\u00e7eklerin a\u00e7t\u0131\u011f\u0131n\u0131 g\u00f6r\u00fcr\u00fcz; papatyalar\u0131n, g\u00fcllerin, mis kokulu karanfillerin ve devedikenlerinin&#8230; B\u00fct\u00fcn dallar\u0131n ye\u015fillendi\u011fini izler, \u00e7i\u00e7eklenmesini bekler ve koruk erikleri, \u00e7akt\u0131rmadan ceplerimize doldururuz&#8230; Biz \u015fansl\u0131 \u00e7ocuklar\u0131z! Tabii ya! Hem de \u00e7ok \u015fansl\u0131! Mevsimleri takvimlerden de\u011fil; \u00e7i\u00e7e\u011finden, b\u00f6ce\u011finden, ba\u011f\u0131ndan bah\u00e7esinden ve a\u011fac\u0131ndan biliriz&#8230; Ihlamur a\u011fac\u0131ndan, erik a\u011fac\u0131ndan, nar a\u011fac\u0131ndan, elma armut a\u011fac\u0131ndan, badem a\u011fac\u0131ndan&#8230; Neyse efendim, bu kadar tan\u0131\u015f olmak yeter. Durun bakay\u0131m! Ben size ne anlatacakt\u0131m? Bir ka\u00e7 hik\u00e2ye anlatacakt\u0131m!<\/span><\/p>","protected":false},"featured_media":12158,"template":"","meta":{"spay_email":""},"product_cat":[172],"product_tag":[],"item":[692],"acf":[],"_links":{"self":[{"href":"https:\/\/mgvpublications.com\/de\/wp-json\/wp\/v2\/product\/12157"}],"collection":[{"href":"https:\/\/mgvpublications.com\/de\/wp-json\/wp\/v2\/product"}],"about":[{"href":"https:\/\/mgvpublications.com\/de\/wp-json\/wp\/v2\/types\/product"}],"wp:featuredmedia":[{"embeddable":true,"href":"https:\/\/mgvpublications.com\/de\/wp-json\/wp\/v2\/media\/12158"}],"wp:attachment":[{"href":"https:\/\/mgvpublications.com\/de\/wp-json\/wp\/v2\/media?parent=12157"}],"wp:term":[{"taxonomy":"product_cat","embeddable":true,"href":"https:\/\/mgvpublications.com\/de\/wp-json\/wp\/v2\/product_cat?post=12157"},{"taxonomy":"product_tag","embeddable":true,"href":"https:\/\/mgvpublications.com\/de\/wp-json\/wp\/v2\/product_tag?post=12157"},{"taxonomy":"item","embeddable":true,"href":"https:\/\/mgvpublications.com\/de\/wp-json\/wp\/v2\/item?post=12157"}],"curies":[{"name":"wp","href":"https:\/\/api.w.org\/{rel}","templated":true}]}}